{"id":3872,"date":"2025-02-06T08:15:17","date_gmt":"2025-02-06T08:15:17","guid":{"rendered":"http:\/\/bingkunc8.sg-host.com\/?post_type=product&#038;p=3872"},"modified":"2026-01-14T01:41:28","modified_gmt":"2026-01-14T01:41:28","slug":"the-parks-public-convenience-station-features-a-retractable-sunroom","status":"publish","type":"product","link":"https:\/\/www.sunrim.com\/de\/product\/the-parks-public-convenience-station-features-a-retractable-sunroom\/","title":{"rendered":"The park&#8217;s public convenience station features a retractable sunroom"},"content":{"rendered":"<p><iframe title=\"Canton Tower Outdoor Retractable Office Sunroom\" width=\"1290\" height=\"726\" src=\"https:\/\/www.youtube.com\/embed\/-Xicc1fXlks?feature=oembed\" frameborder=\"0\" allow=\"accelerometer; autoplay; clipboard-write; encrypted-media; gyroscope; picture-in-picture; web-share\" referrerpolicy=\"strict-origin-when-cross-origin\" allowfullscreen><\/iframe><\/p>\n<p>Die neu aufger\u00fcstete 6,6 Kilometer River Road ist zu einem guten Ort f\u00fcr Freizeit und Entspannung f\u00fcr die Bewohner in der Umgebung geworden. Das Projekt befindet sich in der Flusslandschaftszone auf der Nordseite der Yijiang Stra\u00dfe im Bezirk Haizhu, gepflasterte Wanderwege, Joggingwege, Fahrradwege, neue Br\u00fccken und Poststationen, etc. Es ist ein Schl\u00fcsselprojekt der Stadtverwaltung Guangzhou zum Wohle der Menschen, eine Postkarte der Stadt.<br \/>\nDas Pearl River Convenience Center muss sich um die B\u00fcrobed\u00fcrfnisse des Personals k\u00fcmmern und ist mit grundlegenden Annehmlichkeiten wie 24-Stunden-unbemannten Schlie\u00dff\u00e4chern ausgestattet. Der gesamte B\u00fcroraum ist ein motorisierter einziehbarer Sonnenraum, so dass Sie Tag und Nacht den sch\u00f6nen Blick auf den Pearl River genie\u00dfen k\u00f6nnen.<br \/>\nAls eine der ersten Bidao-Stationen, die am Ufer des Pearl River in Guangzhou gebaut wurden, hat die New Era Station an der Read River Road Bidao erfolgreich mit der Tankstelle verbunden. Seit seiner Er\u00f6ffnung hat es eine F\u00fclle von bequemen Dienstleistungen bereitgestellt und viele positive Kommentare von der \u00d6ffentlichkeit erhalten.<\/p>","protected":false},"excerpt":{"rendered":"<p>The newly upgraded 6.6 kilometers of River Road has become a good place for leisure and relaxation for the residents in the surrounding area. The project is located in the riverside landscape zone on the north side of Yijiang Road in Haizhu District, paving walking paths, jogging paths, bicycle paths, new bridges and post stations, [&hellip;]<\/p>\n","protected":false},"featured_media":3878,"template":"","meta":[],"product_brand":[],"product_cat":[44],"product_tag":[],"class_list":{"0":"post-3872","1":"product","2":"type-product","3":"status-publish","4":"has-post-thumbnail","6":"product_cat-scenic-spots-resort","8":"first","9":"instock","10":"shipping-taxable","11":"product-type-simple"},"yoast_head":"<!-- This site is optimized with the Yoast SEO plugin v27.3 - https:\/\/yoast.com\/product\/yoast-seo-wordpress\/ -->\n<title>The park&#039;s public convenience station features a retractable sunroom - Sunrim<\/title>\n<meta name=\"robots\" content=\"index, follow, max-snippet:-1, max-image-preview:large, max-video-preview:-1\" \/>\n<link rel=\"canonical\" href=\"https:\/\/www.sunrim.com\/de\/produkt\/the-parks-public-convenience-station-features-a-retractable-sunroom\/\" \/>\n<meta property=\"og:locale\" content=\"de_DE\" \/>\n<meta property=\"og:type\" content=\"article\" \/>\n<meta property=\"og:title\" content=\"The park&#039;s public convenience station features a retractable sunroom - Sunrim\" \/>\n<meta property=\"og:description\" content=\"The newly upgraded 6.6 kilometers of River Road has become a good place for leisure and relaxation for the residents in the surrounding area. The project is located in the riverside landscape zone on the north side of Yijiang Road in Haizhu District, paving walking paths, jogging paths, bicycle paths, new bridges and post stations, [&hellip;]\" \/>\n<meta property=\"og:url\" content=\"https:\/\/www.sunrim.com\/de\/produkt\/the-parks-public-convenience-station-features-a-retractable-sunroom\/\" \/>\n<meta property=\"og:site_name\" content=\"Sunrim\" \/>\n<meta property=\"article:modified_time\" content=\"2026-01-14T01:41:28+00:00\" \/>\n<meta property=\"og:image\" content=\"https:\/\/www.sunrim.com\/wp-content\/uploads\/2025\/02\/638ac664fe678ac9aa7f9794fb03824a.jpg\" \/>\n\t<meta property=\"og:image:width\" content=\"600\" \/>\n\t<meta property=\"og:image:height\" content=\"450\" \/>\n\t<meta property=\"og:image:type\" content=\"image\/jpeg\" \/>\n<meta name=\"twitter:card\" content=\"summary_large_image\" \/>\n<meta name=\"twitter:label1\" content=\"Gesch\u00e4tzte Lesezeit\" \/>\n\t<meta name=\"twitter:data1\" content=\"2\u00a0Minuten\" \/>\n<script type=\"application\/ld+json\" class=\"yoast-schema-graph\">{\"@context\":\"https:\\\/\\\/schema.org\",\"@graph\":[{\"@type\":\"WebPage\",\"@id\":\"https:\\\/\\\/www.sunrim.com\\\/product\\\/the-parks-public-convenience-station-features-a-retractable-sunroom\\\/\",\"url\":\"https:\\\/\\\/www.sunrim.com\\\/product\\\/the-parks-public-convenience-station-features-a-retractable-sunroom\\\/\",\"name\":\"The park's public convenience station features a retractable sunroom - Sunrim\",\"isPartOf\":{\"@id\":\"https:\\\/\\\/www.sunrim.com\\\/#website\"},\"primaryImageOfPage\":{\"@id\":\"https:\\\/\\\/www.sunrim.com\\\/product\\\/the-parks-public-convenience-station-features-a-retractable-sunroom\\\/#primaryimage\"},\"image\":{\"@id\":\"https:\\\/\\\/www.sunrim.com\\\/product\\\/the-parks-public-convenience-station-features-a-retractable-sunroom\\\/#primaryimage\"},\"thumbnailUrl\":\"https:\\\/\\\/www.sunrim.com\\\/wp-content\\\/uploads\\\/2025\\\/02\\\/638ac664fe678ac9aa7f9794fb03824a.jpg\",\"datePublished\":\"2025-02-06T08:15:17+00:00\",\"dateModified\":\"2026-01-14T01:41:28+00:00\",\"breadcrumb\":{\"@id\":\"https:\\\/\\\/www.sunrim.com\\\/product\\\/the-parks-public-convenience-station-features-a-retractable-sunroom\\\/#breadcrumb\"},\"inLanguage\":\"de\",\"potentialAction\":[{\"@type\":\"ReadAction\",\"target\":[\"https:\\\/\\\/www.sunrim.com\\\/product\\\/the-parks-public-convenience-station-features-a-retractable-sunroom\\\/\"]}]},{\"@type\":\"ImageObject\",\"inLanguage\":\"de\",\"@id\":\"https:\\\/\\\/www.sunrim.com\\\/product\\\/the-parks-public-convenience-station-features-a-retractable-sunroom\\\/#primaryimage\",\"url\":\"https:\\\/\\\/www.sunrim.com\\\/wp-content\\\/uploads\\\/2025\\\/02\\\/638ac664fe678ac9aa7f9794fb03824a.jpg\",\"contentUrl\":\"https:\\\/\\\/www.sunrim.com\\\/wp-content\\\/uploads\\\/2025\\\/02\\\/638ac664fe678ac9aa7f9794fb03824a.jpg\",\"width\":600,\"height\":450},{\"@type\":\"BreadcrumbList\",\"@id\":\"https:\\\/\\\/www.sunrim.com\\\/product\\\/the-parks-public-convenience-station-features-a-retractable-sunroom\\\/#breadcrumb\",\"itemListElement\":[{\"@type\":\"ListItem\",\"position\":1,\"name\":\"Home\",\"item\":\"https:\\\/\\\/www.sunrim.com\\\/\"},{\"@type\":\"ListItem\",\"position\":2,\"name\":\"Products\",\"item\":\"https:\\\/\\\/www.sunrim.com\\\/shop\\\/\"},{\"@type\":\"ListItem\",\"position\":3,\"name\":\"The park&#8217;s public convenience station features a retractable sunroom\"}]},{\"@type\":\"WebSite\",\"@id\":\"https:\\\/\\\/www.sunrim.com\\\/#website\",\"url\":\"https:\\\/\\\/www.sunrim.com\\\/\",\"name\":\"Sunrim\",\"description\":\"Retractable Sunroom &amp; Roofs\",\"publisher\":{\"@id\":\"https:\\\/\\\/www.sunrim.com\\\/#organization\"},\"potentialAction\":[{\"@type\":\"SearchAction\",\"target\":{\"@type\":\"EntryPoint\",\"urlTemplate\":\"https:\\\/\\\/www.sunrim.com\\\/?s={search_term_string}\"},\"query-input\":{\"@type\":\"PropertyValueSpecification\",\"valueRequired\":true,\"valueName\":\"search_term_string\"}}],\"inLanguage\":\"de\"},{\"@type\":\"Organization\",\"@id\":\"https:\\\/\\\/www.sunrim.com\\\/#organization\",\"name\":\"Sunrim\",\"url\":\"https:\\\/\\\/www.sunrim.com\\\/\",\"logo\":{\"@type\":\"ImageObject\",\"inLanguage\":\"de\",\"@id\":\"https:\\\/\\\/www.sunrim.com\\\/#\\\/schema\\\/logo\\\/image\\\/\",\"url\":\"https:\\\/\\\/www.sunrim.com\\\/wp-content\\\/uploads\\\/2025\\\/11\\\/logo.png\",\"contentUrl\":\"https:\\\/\\\/www.sunrim.com\\\/wp-content\\\/uploads\\\/2025\\\/11\\\/logo.png\",\"width\":989,\"height\":222,\"caption\":\"Sunrim\"},\"image\":{\"@id\":\"https:\\\/\\\/www.sunrim.com\\\/#\\\/schema\\\/logo\\\/image\\\/\"}}]}<\/script>\n<!-- \/ Yoast SEO plugin. -->","yoast_head_json":{"title":"The park's public convenience station features a retractable sunroom - Sunrim","robots":{"index":"index","follow":"follow","max-snippet":"max-snippet:-1","max-image-preview":"max-image-preview:large","max-video-preview":"max-video-preview:-1"},"canonical":"https:\/\/www.sunrim.com\/de\/produkt\/the-parks-public-convenience-station-features-a-retractable-sunroom\/","og_locale":"de_DE","og_type":"article","og_title":"The park's public convenience station features a retractable sunroom - Sunrim","og_description":"The newly upgraded 6.6 kilometers of River Road has become a good place for leisure and relaxation for the residents in the surrounding area. The project is located in the riverside landscape zone on the north side of Yijiang Road in Haizhu District, paving walking paths, jogging paths, bicycle paths, new bridges and post stations, [&hellip;]","og_url":"https:\/\/www.sunrim.com\/de\/produkt\/the-parks-public-convenience-station-features-a-retractable-sunroom\/","og_site_name":"Sunrim","article_modified_time":"2026-01-14T01:41:28+00:00","og_image":[{"width":600,"height":450,"url":"https:\/\/www.sunrim.com\/wp-content\/uploads\/2025\/02\/638ac664fe678ac9aa7f9794fb03824a.jpg","type":"image\/jpeg"}],"twitter_card":"summary_large_image","twitter_misc":{"Gesch\u00e4tzte Lesezeit":"2\u00a0Minuten"},"schema":{"@context":"https:\/\/schema.org","@graph":[{"@type":"WebPage","@id":"https:\/\/www.sunrim.com\/product\/the-parks-public-convenience-station-features-a-retractable-sunroom\/","url":"https:\/\/www.sunrim.com\/product\/the-parks-public-convenience-station-features-a-retractable-sunroom\/","name":"The park's public convenience station features a retractable sunroom - Sunrim","isPartOf":{"@id":"https:\/\/www.sunrim.com\/#website"},"primaryImageOfPage":{"@id":"https:\/\/www.sunrim.com\/product\/the-parks-public-convenience-station-features-a-retractable-sunroom\/#primaryimage"},"image":{"@id":"https:\/\/www.sunrim.com\/product\/the-parks-public-convenience-station-features-a-retractable-sunroom\/#primaryimage"},"thumbnailUrl":"https:\/\/www.sunrim.com\/wp-content\/uploads\/2025\/02\/638ac664fe678ac9aa7f9794fb03824a.jpg","datePublished":"2025-02-06T08:15:17+00:00","dateModified":"2026-01-14T01:41:28+00:00","breadcrumb":{"@id":"https:\/\/www.sunrim.com\/product\/the-parks-public-convenience-station-features-a-retractable-sunroom\/#breadcrumb"},"inLanguage":"de","potentialAction":[{"@type":"ReadAction","target":["https:\/\/www.sunrim.com\/product\/the-parks-public-convenience-station-features-a-retractable-sunroom\/"]}]},{"@type":"ImageObject","inLanguage":"de","@id":"https:\/\/www.sunrim.com\/product\/the-parks-public-convenience-station-features-a-retractable-sunroom\/#primaryimage","url":"https:\/\/www.sunrim.com\/wp-content\/uploads\/2025\/02\/638ac664fe678ac9aa7f9794fb03824a.jpg","contentUrl":"https:\/\/www.sunrim.com\/wp-content\/uploads\/2025\/02\/638ac664fe678ac9aa7f9794fb03824a.jpg","width":600,"height":450},{"@type":"BreadcrumbList","@id":"https:\/\/www.sunrim.com\/product\/the-parks-public-convenience-station-features-a-retractable-sunroom\/#breadcrumb","itemListElement":[{"@type":"ListItem","position":1,"name":"Home","item":"https:\/\/www.sunrim.com\/"},{"@type":"ListItem","position":2,"name":"Products","item":"https:\/\/www.sunrim.com\/shop\/"},{"@type":"ListItem","position":3,"name":"The park&#8217;s public convenience station features a retractable sunroom"}]},{"@type":"WebSite","@id":"https:\/\/www.sunrim.com\/#website","url":"https:\/\/www.sunrim.com\/","name":"Sunrim","description":"Retractable Sunroom &amp; Roofs","publisher":{"@id":"https:\/\/www.sunrim.com\/#organization"},"potentialAction":[{"@type":"SearchAction","target":{"@type":"EntryPoint","urlTemplate":"https:\/\/www.sunrim.com\/?s={search_term_string}"},"query-input":{"@type":"PropertyValueSpecification","valueRequired":true,"valueName":"search_term_string"}}],"inLanguage":"de"},{"@type":"Organization","@id":"https:\/\/www.sunrim.com\/#organization","name":"Sunrim","url":"https:\/\/www.sunrim.com\/","logo":{"@type":"ImageObject","inLanguage":"de","@id":"https:\/\/www.sunrim.com\/#\/schema\/logo\/image\/","url":"https:\/\/www.sunrim.com\/wp-content\/uploads\/2025\/11\/logo.png","contentUrl":"https:\/\/www.sunrim.com\/wp-content\/uploads\/2025\/11\/logo.png","width":989,"height":222,"caption":"Sunrim"},"image":{"@id":"https:\/\/www.sunrim.com\/#\/schema\/logo\/image\/"}}]}},"_links":{"self":[{"href":"https:\/\/www.sunrim.com\/de\/wp-json\/wp\/v2\/product\/3872","targetHints":{"allow":["GET"]}}],"collection":[{"href":"https:\/\/www.sunrim.com\/de\/wp-json\/wp\/v2\/product"}],"about":[{"href":"https:\/\/www.sunrim.com\/de\/wp-json\/wp\/v2\/types\/product"}],"wp:featuredmedia":[{"embeddable":true,"href":"https:\/\/www.sunrim.com\/de\/wp-json\/wp\/v2\/media\/3878"}],"wp:attachment":[{"href":"https:\/\/www.sunrim.com\/de\/wp-json\/wp\/v2\/media?parent=3872"}],"wp:term":[{"taxonomy":"product_brand","embeddable":true,"href":"https:\/\/www.sunrim.com\/de\/wp-json\/wp\/v2\/product_brand?post=3872"},{"taxonomy":"product_cat","embeddable":true,"href":"https:\/\/www.sunrim.com\/de\/wp-json\/wp\/v2\/product_cat?post=3872"},{"taxonomy":"product_tag","embeddable":true,"href":"https:\/\/www.sunrim.com\/de\/wp-json\/wp\/v2\/product_tag?post=3872"}],"curies":[{"name":"wp","href":"https:\/\/api.w.org\/{rel}","templated":true}]}}