{"id":3879,"date":"2025-02-06T08:21:05","date_gmt":"2025-02-06T08:21:05","guid":{"rendered":"http:\/\/bingkunc8.sg-host.com\/?post_type=product&#038;p=3879"},"modified":"2026-01-14T01:32:12","modified_gmt":"2026-01-14T01:32:12","slug":"inland-river-scenic-area-electric-open-and-close-boat-project","status":"publish","type":"product","link":"https:\/\/www.sunrim.com\/de\/product\/inland-river-scenic-area-electric-open-and-close-boat-project\/","title":{"rendered":"Inland River Scenic Area Electric Open and Close Boat Project"},"content":{"rendered":"<p><iframe title=\"Cruise Ship &amp; Yacht Retractable Roof\uff0cRetractable Enclosures, Retractable Sunroom\" width=\"1290\" height=\"726\" src=\"https:\/\/www.youtube.com\/embed\/t3vnu1-0hPU?feature=oembed\" frameborder=\"0\" allow=\"accelerometer; autoplay; clipboard-write; encrypted-media; gyroscope; picture-in-picture; web-share\" referrerpolicy=\"strict-origin-when-cross-origin\" allowfullscreen><\/iframe><\/p>\n<p>Als Tr\u00e4ume auf dem Teich\" ist Chinas erste kulturelle Live-Action-Performance des Jiangnan Ancient Canal, die Auff\u00fchrung vom Shangtang Fluss zur Huanxi Yongning Br\u00fccke Yaojiaba Fluss, die Auff\u00fchrungsroute \u00fcber insgesamt 5,2 Kilometer.<br \/>\nDas Projekt integriert Bootsfahrten, Theater und Oper, Gesang, Tanz, Poesie und Musik Auff\u00fchrungen sowie technologische Schaupl\u00e4tze. Es erforscht die drei wichtigsten kulturellen Kerne Kanalkultur, Marktkultur und Volkskultur vollst\u00e4ndig, durchbricht die traditionellen Formen der B\u00fchnenauff\u00fchrungen und interpretiert historische Geschichten und zeigt den Shangtang River in Form einer brandneuen \"progressiven Performance und immersive Viewing\". Die \"Sieben Kan\u00e4le und Dreizehn malerische Spots\" werden den ehemaligen Wohlstand des Shangtang Kanals wiederbeleben und Besuchern erm\u00f6glichen, eine andere Art von Kanalkultur Fest zu genie\u00dfen.<br \/>\nDas Projekt ist eine wichtige Koordinate der Pilot- (Kultivierungs-) Stadt der Provinz Zhejiang bei Nacht, die einen positiven Beitrag zur Entwicklung der regionalen Nachttourismuswirtschaft leisten wird, die n\u00e4chtliche wirtschaftliche Revitalisierungsma\u00dfnahme \"Arch-Creating Prosperity\" ankurbeln und die Marke \"Night Tour\" f\u00f6rdern wird. Inzwischen ist das Projekt ein Schl\u00fcsselglied beim Bau des Grand Canal National Cultural Park, der eine wichtige Rolle bei der Entdeckung und Bekanntmachung der Kanalkultur und der F\u00f6rderung der integrierten Entwicklung des Grand Canal Kultur und Tourismus spielt und den Bau des Modellgebiets des Grand Canal National Cultural Park weiter beschleunigen wird und bestrebt ist, die neue Schmetterlingstransformation der Millennium Ader der Kultur zu verwirklichen.<\/p>","protected":false},"excerpt":{"rendered":"<p>As Dreams on the Pond\u201d is China&#8217;s first Jiangnan Ancient Canal cultural live-action performance, the performance from the Shangtang River to the Huanxi Yongning Bridge Yaojiaba River, the performance route throughout a total of 5.2 kilometers. The project integrates boat cruises, drama and opera, singing, dancing, poetry and music performances, and technological showgrounds. It fully [&hellip;]<\/p>\n","protected":false},"featured_media":5659,"template":"","meta":[],"product_brand":[],"product_cat":[47,44],"product_tag":[],"class_list":{"0":"post-3879","1":"product","2":"type-product","3":"status-publish","4":"has-post-thumbnail","6":"product_cat-cruise-ship","7":"product_cat-scenic-spots-resort","9":"first","10":"instock","11":"shipping-taxable","12":"product-type-simple"},"yoast_head":"<!-- This site is optimized with the Yoast SEO plugin v27.3 - https:\/\/yoast.com\/product\/yoast-seo-wordpress\/ -->\n<title>Inland River Scenic Area Electric Open and Close Boat Project - Sunrim<\/title>\n<meta name=\"robots\" content=\"index, follow, max-snippet:-1, max-image-preview:large, max-video-preview:-1\" \/>\n<link rel=\"canonical\" href=\"https:\/\/www.sunrim.com\/de\/produkt\/inland-river-scenic-area-electric-open-and-close-boat-project\/\" \/>\n<meta property=\"og:locale\" content=\"de_DE\" \/>\n<meta property=\"og:type\" content=\"article\" \/>\n<meta property=\"og:title\" content=\"Inland River Scenic Area Electric Open and Close Boat Project - Sunrim\" \/>\n<meta property=\"og:description\" content=\"As Dreams on the Pond\u201d is China&#8217;s first Jiangnan Ancient Canal cultural live-action performance, the performance from the Shangtang River to the Huanxi Yongning Bridge Yaojiaba River, the performance route throughout a total of 5.2 kilometers. The project integrates boat cruises, drama and opera, singing, dancing, poetry and music performances, and technological showgrounds. It fully [&hellip;]\" \/>\n<meta property=\"og:url\" content=\"https:\/\/www.sunrim.com\/de\/produkt\/inland-river-scenic-area-electric-open-and-close-boat-project\/\" \/>\n<meta property=\"og:site_name\" content=\"Sunrim\" \/>\n<meta property=\"article:modified_time\" content=\"2026-01-14T01:32:12+00:00\" \/>\n<meta property=\"og:image\" content=\"https:\/\/www.sunrim.com\/wp-content\/uploads\/2025\/11\/a690a1612399533d933a3c27de4a1f98.jpg\" \/>\n\t<meta property=\"og:image:width\" content=\"2000\" \/>\n\t<meta property=\"og:image:height\" content=\"1500\" \/>\n\t<meta property=\"og:image:type\" content=\"image\/jpeg\" \/>\n<meta name=\"twitter:card\" content=\"summary_large_image\" \/>\n<meta name=\"twitter:label1\" content=\"Gesch\u00e4tzte Lesezeit\" \/>\n\t<meta name=\"twitter:data1\" content=\"2\u00a0Minuten\" \/>\n<script type=\"application\/ld+json\" class=\"yoast-schema-graph\">{\"@context\":\"https:\\\/\\\/schema.org\",\"@graph\":[{\"@type\":\"WebPage\",\"@id\":\"https:\\\/\\\/www.sunrim.com\\\/product\\\/inland-river-scenic-area-electric-open-and-close-boat-project\\\/\",\"url\":\"https:\\\/\\\/www.sunrim.com\\\/product\\\/inland-river-scenic-area-electric-open-and-close-boat-project\\\/\",\"name\":\"Inland River Scenic Area Electric Open and Close Boat Project - Sunrim\",\"isPartOf\":{\"@id\":\"https:\\\/\\\/www.sunrim.com\\\/#website\"},\"primaryImageOfPage\":{\"@id\":\"https:\\\/\\\/www.sunrim.com\\\/product\\\/inland-river-scenic-area-electric-open-and-close-boat-project\\\/#primaryimage\"},\"image\":{\"@id\":\"https:\\\/\\\/www.sunrim.com\\\/product\\\/inland-river-scenic-area-electric-open-and-close-boat-project\\\/#primaryimage\"},\"thumbnailUrl\":\"https:\\\/\\\/www.sunrim.com\\\/wp-content\\\/uploads\\\/2025\\\/11\\\/a690a1612399533d933a3c27de4a1f98.jpg\",\"datePublished\":\"2025-02-06T08:21:05+00:00\",\"dateModified\":\"2026-01-14T01:32:12+00:00\",\"breadcrumb\":{\"@id\":\"https:\\\/\\\/www.sunrim.com\\\/product\\\/inland-river-scenic-area-electric-open-and-close-boat-project\\\/#breadcrumb\"},\"inLanguage\":\"de\",\"potentialAction\":[{\"@type\":\"ReadAction\",\"target\":[\"https:\\\/\\\/www.sunrim.com\\\/product\\\/inland-river-scenic-area-electric-open-and-close-boat-project\\\/\"]}]},{\"@type\":\"ImageObject\",\"inLanguage\":\"de\",\"@id\":\"https:\\\/\\\/www.sunrim.com\\\/product\\\/inland-river-scenic-area-electric-open-and-close-boat-project\\\/#primaryimage\",\"url\":\"https:\\\/\\\/www.sunrim.com\\\/wp-content\\\/uploads\\\/2025\\\/11\\\/a690a1612399533d933a3c27de4a1f98.jpg\",\"contentUrl\":\"https:\\\/\\\/www.sunrim.com\\\/wp-content\\\/uploads\\\/2025\\\/11\\\/a690a1612399533d933a3c27de4a1f98.jpg\",\"width\":2000,\"height\":1500},{\"@type\":\"BreadcrumbList\",\"@id\":\"https:\\\/\\\/www.sunrim.com\\\/product\\\/inland-river-scenic-area-electric-open-and-close-boat-project\\\/#breadcrumb\",\"itemListElement\":[{\"@type\":\"ListItem\",\"position\":1,\"name\":\"Home\",\"item\":\"https:\\\/\\\/www.sunrim.com\\\/\"},{\"@type\":\"ListItem\",\"position\":2,\"name\":\"Products\",\"item\":\"https:\\\/\\\/www.sunrim.com\\\/shop\\\/\"},{\"@type\":\"ListItem\",\"position\":3,\"name\":\"Inland River Scenic Area Electric Open and Close Boat Project\"}]},{\"@type\":\"WebSite\",\"@id\":\"https:\\\/\\\/www.sunrim.com\\\/#website\",\"url\":\"https:\\\/\\\/www.sunrim.com\\\/\",\"name\":\"Sunrim\",\"description\":\"Retractable Sunroom &amp; Roofs\",\"publisher\":{\"@id\":\"https:\\\/\\\/www.sunrim.com\\\/#organization\"},\"potentialAction\":[{\"@type\":\"SearchAction\",\"target\":{\"@type\":\"EntryPoint\",\"urlTemplate\":\"https:\\\/\\\/www.sunrim.com\\\/?s={search_term_string}\"},\"query-input\":{\"@type\":\"PropertyValueSpecification\",\"valueRequired\":true,\"valueName\":\"search_term_string\"}}],\"inLanguage\":\"de\"},{\"@type\":\"Organization\",\"@id\":\"https:\\\/\\\/www.sunrim.com\\\/#organization\",\"name\":\"Sunrim\",\"url\":\"https:\\\/\\\/www.sunrim.com\\\/\",\"logo\":{\"@type\":\"ImageObject\",\"inLanguage\":\"de\",\"@id\":\"https:\\\/\\\/www.sunrim.com\\\/#\\\/schema\\\/logo\\\/image\\\/\",\"url\":\"https:\\\/\\\/www.sunrim.com\\\/wp-content\\\/uploads\\\/2025\\\/11\\\/logo.png\",\"contentUrl\":\"https:\\\/\\\/www.sunrim.com\\\/wp-content\\\/uploads\\\/2025\\\/11\\\/logo.png\",\"width\":989,\"height\":222,\"caption\":\"Sunrim\"},\"image\":{\"@id\":\"https:\\\/\\\/www.sunrim.com\\\/#\\\/schema\\\/logo\\\/image\\\/\"}}]}<\/script>\n<!-- \/ Yoast SEO plugin. -->","yoast_head_json":{"title":"Inland River Scenic Area Electric Open and Close Boat Project - Sunrim","robots":{"index":"index","follow":"follow","max-snippet":"max-snippet:-1","max-image-preview":"max-image-preview:large","max-video-preview":"max-video-preview:-1"},"canonical":"https:\/\/www.sunrim.com\/de\/produkt\/inland-river-scenic-area-electric-open-and-close-boat-project\/","og_locale":"de_DE","og_type":"article","og_title":"Inland River Scenic Area Electric Open and Close Boat Project - Sunrim","og_description":"As Dreams on the Pond\u201d is China&#8217;s first Jiangnan Ancient Canal cultural live-action performance, the performance from the Shangtang River to the Huanxi Yongning Bridge Yaojiaba River, the performance route throughout a total of 5.2 kilometers. The project integrates boat cruises, drama and opera, singing, dancing, poetry and music performances, and technological showgrounds. It fully [&hellip;]","og_url":"https:\/\/www.sunrim.com\/de\/produkt\/inland-river-scenic-area-electric-open-and-close-boat-project\/","og_site_name":"Sunrim","article_modified_time":"2026-01-14T01:32:12+00:00","og_image":[{"width":2000,"height":1500,"url":"https:\/\/www.sunrim.com\/wp-content\/uploads\/2025\/11\/a690a1612399533d933a3c27de4a1f98.jpg","type":"image\/jpeg"}],"twitter_card":"summary_large_image","twitter_misc":{"Gesch\u00e4tzte Lesezeit":"2\u00a0Minuten"},"schema":{"@context":"https:\/\/schema.org","@graph":[{"@type":"WebPage","@id":"https:\/\/www.sunrim.com\/product\/inland-river-scenic-area-electric-open-and-close-boat-project\/","url":"https:\/\/www.sunrim.com\/product\/inland-river-scenic-area-electric-open-and-close-boat-project\/","name":"Inland River Scenic Area Electric Open and Close Boat Project - Sunrim","isPartOf":{"@id":"https:\/\/www.sunrim.com\/#website"},"primaryImageOfPage":{"@id":"https:\/\/www.sunrim.com\/product\/inland-river-scenic-area-electric-open-and-close-boat-project\/#primaryimage"},"image":{"@id":"https:\/\/www.sunrim.com\/product\/inland-river-scenic-area-electric-open-and-close-boat-project\/#primaryimage"},"thumbnailUrl":"https:\/\/www.sunrim.com\/wp-content\/uploads\/2025\/11\/a690a1612399533d933a3c27de4a1f98.jpg","datePublished":"2025-02-06T08:21:05+00:00","dateModified":"2026-01-14T01:32:12+00:00","breadcrumb":{"@id":"https:\/\/www.sunrim.com\/product\/inland-river-scenic-area-electric-open-and-close-boat-project\/#breadcrumb"},"inLanguage":"de","potentialAction":[{"@type":"ReadAction","target":["https:\/\/www.sunrim.com\/product\/inland-river-scenic-area-electric-open-and-close-boat-project\/"]}]},{"@type":"ImageObject","inLanguage":"de","@id":"https:\/\/www.sunrim.com\/product\/inland-river-scenic-area-electric-open-and-close-boat-project\/#primaryimage","url":"https:\/\/www.sunrim.com\/wp-content\/uploads\/2025\/11\/a690a1612399533d933a3c27de4a1f98.jpg","contentUrl":"https:\/\/www.sunrim.com\/wp-content\/uploads\/2025\/11\/a690a1612399533d933a3c27de4a1f98.jpg","width":2000,"height":1500},{"@type":"BreadcrumbList","@id":"https:\/\/www.sunrim.com\/product\/inland-river-scenic-area-electric-open-and-close-boat-project\/#breadcrumb","itemListElement":[{"@type":"ListItem","position":1,"name":"Home","item":"https:\/\/www.sunrim.com\/"},{"@type":"ListItem","position":2,"name":"Products","item":"https:\/\/www.sunrim.com\/shop\/"},{"@type":"ListItem","position":3,"name":"Inland River Scenic Area Electric Open and Close Boat Project"}]},{"@type":"WebSite","@id":"https:\/\/www.sunrim.com\/#website","url":"https:\/\/www.sunrim.com\/","name":"Sunrim","description":"Retractable Sunroom &amp; Roofs","publisher":{"@id":"https:\/\/www.sunrim.com\/#organization"},"potentialAction":[{"@type":"SearchAction","target":{"@type":"EntryPoint","urlTemplate":"https:\/\/www.sunrim.com\/?s={search_term_string}"},"query-input":{"@type":"PropertyValueSpecification","valueRequired":true,"valueName":"search_term_string"}}],"inLanguage":"de"},{"@type":"Organization","@id":"https:\/\/www.sunrim.com\/#organization","name":"Sunrim","url":"https:\/\/www.sunrim.com\/","logo":{"@type":"ImageObject","inLanguage":"de","@id":"https:\/\/www.sunrim.com\/#\/schema\/logo\/image\/","url":"https:\/\/www.sunrim.com\/wp-content\/uploads\/2025\/11\/logo.png","contentUrl":"https:\/\/www.sunrim.com\/wp-content\/uploads\/2025\/11\/logo.png","width":989,"height":222,"caption":"Sunrim"},"image":{"@id":"https:\/\/www.sunrim.com\/#\/schema\/logo\/image\/"}}]}},"_links":{"self":[{"href":"https:\/\/www.sunrim.com\/de\/wp-json\/wp\/v2\/product\/3879","targetHints":{"allow":["GET"]}}],"collection":[{"href":"https:\/\/www.sunrim.com\/de\/wp-json\/wp\/v2\/product"}],"about":[{"href":"https:\/\/www.sunrim.com\/de\/wp-json\/wp\/v2\/types\/product"}],"wp:featuredmedia":[{"embeddable":true,"href":"https:\/\/www.sunrim.com\/de\/wp-json\/wp\/v2\/media\/5659"}],"wp:attachment":[{"href":"https:\/\/www.sunrim.com\/de\/wp-json\/wp\/v2\/media?parent=3879"}],"wp:term":[{"taxonomy":"product_brand","embeddable":true,"href":"https:\/\/www.sunrim.com\/de\/wp-json\/wp\/v2\/product_brand?post=3879"},{"taxonomy":"product_cat","embeddable":true,"href":"https:\/\/www.sunrim.com\/de\/wp-json\/wp\/v2\/product_cat?post=3879"},{"taxonomy":"product_tag","embeddable":true,"href":"https:\/\/www.sunrim.com\/de\/wp-json\/wp\/v2\/product_tag?post=3879"}],"curies":[{"name":"wp","href":"https:\/\/api.w.org\/{rel}","templated":true}]}}