{"id":5446,"date":"2025-03-07T09:02:10","date_gmt":"2025-03-07T09:02:10","guid":{"rendered":"http:\/\/bingkunc8.sg-host.com\/?post_type=product&#038;p=5446"},"modified":"2026-01-12T04:24:53","modified_gmt":"2026-01-12T04:24:53","slug":"outdoor-restaurant-in-the-scenic-area-can-be-retractable-sunroom","status":"publish","type":"product","link":"https:\/\/www.sunrim.com\/de\/product\/outdoor-restaurant-in-the-scenic-area-can-be-retractable-sunroom\/","title":{"rendered":"Restaurant im Freien im malerischen Bereich kann einziehbarer Sunroom sein"},"content":{"rendered":"<p><iframe title=\"The outdoor restaurant in the scenic area can be retractable sunroom\" width=\"1290\" height=\"726\" src=\"https:\/\/www.youtube.com\/embed\/h-eSZlKQCeY?feature=oembed\" frameborder=\"0\" allow=\"accelerometer; autoplay; clipboard-write; encrypted-media; gyroscope; picture-in-picture; web-share\" referrerpolicy=\"strict-origin-when-cross-origin\" allowfullscreen><\/iframe><\/p>\n<p>Projekteinf\u00fchrung: Einziehbare Sunroom Installation am Restaurant der Taikang Group im Freien in Hangzhou Jingshan Scenic Area<\/p>\n<p>Taikang Group, ein Fortune 500-Unternehmen, das f\u00fcr seine Innovation und sein Engagement f\u00fcr Qualit\u00e4t bekannt ist, hat k\u00fcrzlich ein spannendes Projekt in seinem Outdoor-Restaurant in der malerischen Jingshan Scenic Area von Hangzhou abgeschlossen. Um der Herausforderung begrenzter Innenr\u00e4ume gerecht zu werden und das gastronomische Erlebnis zu verbessern, installierte die Taikang Group einen hochmodernen **einziehbaren Sonnenraum**. Dieses Projekt erf\u00fcllt nicht nur die funktionalen Bed\u00fcrfnisse des Restaurants, sondern erg\u00e4nzt auch die nat\u00fcrliche Sch\u00f6nheit der umliegenden Landschaft.<\/p>\n<p style=\"text-align: right;\"><strong>\u00a0        <div class=\"rmwr-wrapper\" \n             data-id=\"rmwr-69f4fc8d62261\"\n             data-mode=\"normal\"\n             data-animation=\"fade\"\n             data-duration=\"300\"\n             data-smooth-scroll=\"true\"\n             data-scroll-offset=\"0\">\n            <button \n                type=\"button\"\n                class=\"read-link\" \n                id=\"readlinkrmwr-69f4fc8d62261\"\n                data-open-text=\"Read More\"\n                data-close-text=\"Read Less\"\n                aria-expanded=\"false\"\n                aria-controls=\"readrmwr-69f4fc8d62261\"\n                aria-label=\"Weiterlesen\"\n            >\n                <span class=\"rmwr-text\">Weiterlesen<\/span>\n            <\/button>\n            <div \n                class=\"read_div\" \n                id=\"readrmwr-69f4fc8d62261\"\n                aria-hidden=\"true\"\n                data-animation=\"fade\"\n                data-duration=\"300\"\n                style=\"display: none;\"\n            >\n                <\/strong><\/p>\n<p>Projekthintergrund: Das Restaurant im Freien, eingebettet im Herzen der Jingshan Scenic Area, ist ein beliebtes Ziel f\u00fcr Besucher, die ein einzigartiges kulinarisches Erlebnis inmitten der Natur suchen. Die vorhandenen Innenr\u00e4ume reichten jedoch nicht aus, um die steigende Anzahl von G\u00e4sten aufzunehmen, insbesondere in der Hauptsaison oder bei widrigen Wetterbedingungen. Um dieses Problem zu l\u00f6sen, suchte die Taikang Group nach einer L\u00f6sung, die zus\u00e4tzlichen Platz bietet, eine schnelle Installation gew\u00e4hrleistet und die \u00e4sthetische Harmonie der Umgebung bewahrt.<\/p>\n<p>&#8212;<\/p>\n<p>Die L\u00f6sung: Einziehbarer Sonnenraum: Nach sorgf\u00e4ltiger \u00dcberlegung entschied sich die Taikang Group f\u00fcr einen einziehbaren und einziehbaren Sonnenraum. Diese innovative Struktur bietet die perfekte Mischung aus Funktionalit\u00e4t, \u00c4sthetik und Effizienz. Hier ist, warum diese L\u00f6sung gew\u00e4hlt wurde:<\/p>\n<p>\u2022Schnelle Installation: Der einziehbare Sonnenraum wurde f\u00fcr eine schnelle Bereitstellung entworfen, so dass das Projekt innerhalb kurzer Zeit abgeschlossen werden konnte. Dies minimierte St\u00f6rungen im Betrieb des Restaurants und sorgte daf\u00fcr, dass der Raum so schnell wie m\u00f6glich genutzt werden konnte.<\/p>\n<p>\u2022 Nahtlose Integration in die Natur: Das transparente Design des Sonnenraums erm\u00f6glicht den G\u00e4sten einen ununterbrochenen Blick auf die atemberaubende Jingshan Scenic Area zu genie\u00dfen. Ob das Dach offen oder geschlossen ist, die G\u00e4ste k\u00f6nnen in die Sch\u00f6nheit der umliegenden Berge, W\u00e4lder und Himmel eintauchen.<\/p>\n<p>\u2022 Flexible Raumnutzung: Die einziehbare Eigenschaft des Sonnenraums bietet beispiellose Flexibilit\u00e4t. An sonnigen Tagen kann das Dach ge\u00f6ffnet werden, um ein kulinarisches Erlebnis unter freiem Himmel zu schaffen. Bei Regen oder extremem Wetter kann das Dach geschlossen werden, um Schutz zu bieten und gleichzeitig eine Verbindung zum Freien aufrechtzuerhalten.<\/p>\n<p>\u2022 \u00c4sthetischer Reiz: Das elegante, moderne Design des Sonnenraums erg\u00e4nzt die nat\u00fcrliche Umgebung und verbessert das gesamte Ambiente des Restaurants. Seine minimalistische Struktur sorgt daf\u00fcr, dass es die landschaftliche Sch\u00f6nheit der Gegend nicht beeintr\u00e4chtigt.<\/p>\n<p>\u2022 Verbesserte G\u00e4steerfahrung: Durch die Erweiterung des nutzbaren Raumes und die Bereitstellung einer komfortablen Umgebung bei allen Wetterbedingungen, verbessert der einziehbare Sonnenraum das kulinarische Erlebnis f\u00fcr die G\u00e4ste erheblich. Es erm\u00f6glicht dem Restaurant auch, mehr Besucher aufzunehmen, was seine Kapazit\u00e4t und sein Umsatzpotenzial erh\u00f6ht.<\/p>\n<p>&#8212;<\/p>\n<p>Hauptmerkmale des einziehbaren Sonnenraums<\/p>\n<p>\u2022 Einziehbares Dach: Erm\u00f6glicht eine einfache Anpassung zwischen offenen und geschlossenen Konfigurationen.<br \/>\n\u2022 Langlebige Materialien: Gebaut mit hochwertigen, witterungsbest\u00e4ndigen Materialien, um Langlebigkeit zu gew\u00e4hrleisten.<br \/>\n\u2022Energieeffizienz: Bietet Isolierung im geschlossenen Zustand, wodurch der Bedarf an zus\u00e4tzlicher Heizung oder K\u00fchlung reduziert wird.<br \/>\n\u2022 Kundenspezifisches Design: Ma\u00dfgeschneidert, um das Layout und die \u00e4sthetischen Anforderungen des Restaurants zu erf\u00fcllen.<\/p>\n<p>&#8212;<\/p>\n<p>Projektwirkung: Die Installation des einziehbaren Sonnenraums hat das Outdoor-Restaurant der Taikang Group in ein vielseitiges Allwetter-Restaurant verwandelt. Es hat nicht nur die Platzbeschr\u00e4nkungen adressiert, sondern auch das Gesamterlebnis der G\u00e4ste verbessert, indem Funktionalit\u00e4t mit der nat\u00fcrlichen Sch\u00f6nheit der Jingshan Scenic Area kombiniert wurde. Dieses Projekt spiegelt das Engagement der Taikang Group f\u00fcr Innovation, Nachhaltigkeit und Kundenzufriedenheit wider.<\/p>\n<p>&#8212;<\/p>\n<p>Fazit: Das einziehbare Sonnenraum-Projekt der Taikang Group in Hangzhou's Jingshan Scenic Area ist ein Beweis f\u00fcr den zukunftsorientierten Ansatz und das Engagement des Unternehmens, au\u00dfergew\u00f6hnliche R\u00e4ume zu schaffen. Durch die Kombination von Zweckm\u00e4\u00dfigkeit und \u00c4sthetik hat diese Installation einen neuen Standard f\u00fcr kulinarische Erlebnisse im Freien gesetzt. Ob Sie ein Essen unter freiem Himmel oder gesch\u00fctzt vor den Elementen genie\u00dfen, die G\u00e4ste k\u00f6nnen die atemberaubende Umgebung genie\u00dfen und gleichzeitig das Angebot des Restaurants genie\u00dfen. Dieses Projekt ist ein leuchtendes Beispiel daf\u00fcr, wie innovatives Design mit der Natur harmonieren kann, um unvergessliche Erlebnisse zu schaffen.<\/p>\n<p style=\"text-align: right\"><strong>            <\/div>\n        <\/div>\n        <\/strong><\/p>","protected":false},"excerpt":{"rendered":"<p>Project Introduction: Retractable Sunroom Installation at Taikang Group\u2019s Outdoor Restaurant in Hangzhou\u2019s Jingshan Scenic Area Taikang Group, a Fortune 500 company renowned for its innovation and commitment to quality, has recently completed an exciting project at its outdoor restaurant located in the picturesque Jingshan Scenic Area of Hangzhou. To address the challenge of limited indoor [&hellip;]<\/p>\n","protected":false},"featured_media":5455,"template":"","meta":[],"product_brand":[],"product_cat":[42,40,44,39],"product_tag":[],"class_list":{"0":"post-5446","1":"product","2":"type-product","3":"status-publish","4":"has-post-thumbnail","6":"product_cat-hotel","7":"product_cat-restaurant-cafe","8":"product_cat-scenic-spots-resort","9":"product_cat-solutions","11":"first","12":"instock","13":"shipping-taxable","14":"product-type-simple"},"yoast_head":"<!-- This site is optimized with the Yoast SEO plugin v27.3 - https:\/\/yoast.com\/product\/yoast-seo-wordpress\/ -->\n<title>Outdoor Restaurant In The Scenic Area Can Be Retractable Sunroom - Sunrim<\/title>\n<meta name=\"robots\" content=\"index, follow, max-snippet:-1, max-image-preview:large, max-video-preview:-1\" \/>\n<link rel=\"canonical\" href=\"https:\/\/www.sunrim.com\/de\/produkt\/outdoor-restaurant-in-the-scenic-area-can-be-retractable-sunroom\/\" \/>\n<meta property=\"og:locale\" content=\"de_DE\" \/>\n<meta property=\"og:type\" content=\"article\" \/>\n<meta property=\"og:title\" content=\"Outdoor Restaurant In The Scenic Area Can Be Retractable Sunroom - Sunrim\" \/>\n<meta property=\"og:description\" content=\"Project Introduction: Retractable Sunroom Installation at Taikang Group\u2019s Outdoor Restaurant in Hangzhou\u2019s Jingshan Scenic Area Taikang Group, a Fortune 500 company renowned for its innovation and commitment to quality, has recently completed an exciting project at its outdoor restaurant located in the picturesque Jingshan Scenic Area of Hangzhou. To address the challenge of limited indoor [&hellip;]\" \/>\n<meta property=\"og:url\" content=\"https:\/\/www.sunrim.com\/de\/produkt\/outdoor-restaurant-in-the-scenic-area-can-be-retractable-sunroom\/\" \/>\n<meta property=\"og:site_name\" content=\"Sunrim\" \/>\n<meta property=\"article:modified_time\" content=\"2026-01-12T04:24:53+00:00\" \/>\n<meta property=\"og:image\" content=\"https:\/\/www.sunrim.com\/wp-content\/uploads\/2025\/03\/da63491fc6f54eea8c57db0d4a3302d3.jpeg\" \/>\n\t<meta property=\"og:image:width\" content=\"600\" \/>\n\t<meta property=\"og:image:height\" content=\"450\" \/>\n\t<meta property=\"og:image:type\" content=\"image\/jpeg\" \/>\n<meta name=\"twitter:card\" content=\"summary_large_image\" \/>\n<meta name=\"twitter:label1\" content=\"Gesch\u00e4tzte Lesezeit\" \/>\n\t<meta name=\"twitter:data1\" content=\"4\u00a0Minuten\" \/>\n<script type=\"application\/ld+json\" class=\"yoast-schema-graph\">{\"@context\":\"https:\\\/\\\/schema.org\",\"@graph\":[{\"@type\":\"WebPage\",\"@id\":\"https:\\\/\\\/www.sunrim.com\\\/product\\\/outdoor-restaurant-in-the-scenic-area-can-be-retractable-sunroom\\\/\",\"url\":\"https:\\\/\\\/www.sunrim.com\\\/product\\\/outdoor-restaurant-in-the-scenic-area-can-be-retractable-sunroom\\\/\",\"name\":\"Outdoor Restaurant In The Scenic Area Can Be Retractable Sunroom - Sunrim\",\"isPartOf\":{\"@id\":\"https:\\\/\\\/www.sunrim.com\\\/#website\"},\"primaryImageOfPage\":{\"@id\":\"https:\\\/\\\/www.sunrim.com\\\/product\\\/outdoor-restaurant-in-the-scenic-area-can-be-retractable-sunroom\\\/#primaryimage\"},\"image\":{\"@id\":\"https:\\\/\\\/www.sunrim.com\\\/product\\\/outdoor-restaurant-in-the-scenic-area-can-be-retractable-sunroom\\\/#primaryimage\"},\"thumbnailUrl\":\"https:\\\/\\\/www.sunrim.com\\\/wp-content\\\/uploads\\\/2025\\\/03\\\/da63491fc6f54eea8c57db0d4a3302d3.jpeg\",\"datePublished\":\"2025-03-07T09:02:10+00:00\",\"dateModified\":\"2026-01-12T04:24:53+00:00\",\"breadcrumb\":{\"@id\":\"https:\\\/\\\/www.sunrim.com\\\/product\\\/outdoor-restaurant-in-the-scenic-area-can-be-retractable-sunroom\\\/#breadcrumb\"},\"inLanguage\":\"de\",\"potentialAction\":[{\"@type\":\"ReadAction\",\"target\":[\"https:\\\/\\\/www.sunrim.com\\\/product\\\/outdoor-restaurant-in-the-scenic-area-can-be-retractable-sunroom\\\/\"]}]},{\"@type\":\"ImageObject\",\"inLanguage\":\"de\",\"@id\":\"https:\\\/\\\/www.sunrim.com\\\/product\\\/outdoor-restaurant-in-the-scenic-area-can-be-retractable-sunroom\\\/#primaryimage\",\"url\":\"https:\\\/\\\/www.sunrim.com\\\/wp-content\\\/uploads\\\/2025\\\/03\\\/da63491fc6f54eea8c57db0d4a3302d3.jpeg\",\"contentUrl\":\"https:\\\/\\\/www.sunrim.com\\\/wp-content\\\/uploads\\\/2025\\\/03\\\/da63491fc6f54eea8c57db0d4a3302d3.jpeg\",\"width\":600,\"height\":450},{\"@type\":\"BreadcrumbList\",\"@id\":\"https:\\\/\\\/www.sunrim.com\\\/product\\\/outdoor-restaurant-in-the-scenic-area-can-be-retractable-sunroom\\\/#breadcrumb\",\"itemListElement\":[{\"@type\":\"ListItem\",\"position\":1,\"name\":\"Home\",\"item\":\"https:\\\/\\\/www.sunrim.com\\\/\"},{\"@type\":\"ListItem\",\"position\":2,\"name\":\"Products\",\"item\":\"https:\\\/\\\/www.sunrim.com\\\/shop\\\/\"},{\"@type\":\"ListItem\",\"position\":3,\"name\":\"Outdoor Restaurant In The Scenic Area Can Be Retractable Sunroom\"}]},{\"@type\":\"WebSite\",\"@id\":\"https:\\\/\\\/www.sunrim.com\\\/#website\",\"url\":\"https:\\\/\\\/www.sunrim.com\\\/\",\"name\":\"Sunrim\",\"description\":\"Retractable Sunroom &amp; Roofs\",\"publisher\":{\"@id\":\"https:\\\/\\\/www.sunrim.com\\\/#organization\"},\"potentialAction\":[{\"@type\":\"SearchAction\",\"target\":{\"@type\":\"EntryPoint\",\"urlTemplate\":\"https:\\\/\\\/www.sunrim.com\\\/?s={search_term_string}\"},\"query-input\":{\"@type\":\"PropertyValueSpecification\",\"valueRequired\":true,\"valueName\":\"search_term_string\"}}],\"inLanguage\":\"de\"},{\"@type\":\"Organization\",\"@id\":\"https:\\\/\\\/www.sunrim.com\\\/#organization\",\"name\":\"Sunrim\",\"url\":\"https:\\\/\\\/www.sunrim.com\\\/\",\"logo\":{\"@type\":\"ImageObject\",\"inLanguage\":\"de\",\"@id\":\"https:\\\/\\\/www.sunrim.com\\\/#\\\/schema\\\/logo\\\/image\\\/\",\"url\":\"https:\\\/\\\/www.sunrim.com\\\/wp-content\\\/uploads\\\/2025\\\/11\\\/logo.png\",\"contentUrl\":\"https:\\\/\\\/www.sunrim.com\\\/wp-content\\\/uploads\\\/2025\\\/11\\\/logo.png\",\"width\":989,\"height\":222,\"caption\":\"Sunrim\"},\"image\":{\"@id\":\"https:\\\/\\\/www.sunrim.com\\\/#\\\/schema\\\/logo\\\/image\\\/\"}}]}<\/script>\n<!-- \/ Yoast SEO plugin. -->","yoast_head_json":{"title":"Outdoor Restaurant In The Scenic Area Can Be Retractable Sunroom - Sunrim","robots":{"index":"index","follow":"follow","max-snippet":"max-snippet:-1","max-image-preview":"max-image-preview:large","max-video-preview":"max-video-preview:-1"},"canonical":"https:\/\/www.sunrim.com\/de\/produkt\/outdoor-restaurant-in-the-scenic-area-can-be-retractable-sunroom\/","og_locale":"de_DE","og_type":"article","og_title":"Outdoor Restaurant In The Scenic Area Can Be Retractable Sunroom - Sunrim","og_description":"Project Introduction: Retractable Sunroom Installation at Taikang Group\u2019s Outdoor Restaurant in Hangzhou\u2019s Jingshan Scenic Area Taikang Group, a Fortune 500 company renowned for its innovation and commitment to quality, has recently completed an exciting project at its outdoor restaurant located in the picturesque Jingshan Scenic Area of Hangzhou. To address the challenge of limited indoor [&hellip;]","og_url":"https:\/\/www.sunrim.com\/de\/produkt\/outdoor-restaurant-in-the-scenic-area-can-be-retractable-sunroom\/","og_site_name":"Sunrim","article_modified_time":"2026-01-12T04:24:53+00:00","og_image":[{"width":600,"height":450,"url":"https:\/\/www.sunrim.com\/wp-content\/uploads\/2025\/03\/da63491fc6f54eea8c57db0d4a3302d3.jpeg","type":"image\/jpeg"}],"twitter_card":"summary_large_image","twitter_misc":{"Gesch\u00e4tzte Lesezeit":"4\u00a0Minuten"},"schema":{"@context":"https:\/\/schema.org","@graph":[{"@type":"WebPage","@id":"https:\/\/www.sunrim.com\/product\/outdoor-restaurant-in-the-scenic-area-can-be-retractable-sunroom\/","url":"https:\/\/www.sunrim.com\/product\/outdoor-restaurant-in-the-scenic-area-can-be-retractable-sunroom\/","name":"Outdoor Restaurant In The Scenic Area Can Be Retractable Sunroom - Sunrim","isPartOf":{"@id":"https:\/\/www.sunrim.com\/#website"},"primaryImageOfPage":{"@id":"https:\/\/www.sunrim.com\/product\/outdoor-restaurant-in-the-scenic-area-can-be-retractable-sunroom\/#primaryimage"},"image":{"@id":"https:\/\/www.sunrim.com\/product\/outdoor-restaurant-in-the-scenic-area-can-be-retractable-sunroom\/#primaryimage"},"thumbnailUrl":"https:\/\/www.sunrim.com\/wp-content\/uploads\/2025\/03\/da63491fc6f54eea8c57db0d4a3302d3.jpeg","datePublished":"2025-03-07T09:02:10+00:00","dateModified":"2026-01-12T04:24:53+00:00","breadcrumb":{"@id":"https:\/\/www.sunrim.com\/product\/outdoor-restaurant-in-the-scenic-area-can-be-retractable-sunroom\/#breadcrumb"},"inLanguage":"de","potentialAction":[{"@type":"ReadAction","target":["https:\/\/www.sunrim.com\/product\/outdoor-restaurant-in-the-scenic-area-can-be-retractable-sunroom\/"]}]},{"@type":"ImageObject","inLanguage":"de","@id":"https:\/\/www.sunrim.com\/product\/outdoor-restaurant-in-the-scenic-area-can-be-retractable-sunroom\/#primaryimage","url":"https:\/\/www.sunrim.com\/wp-content\/uploads\/2025\/03\/da63491fc6f54eea8c57db0d4a3302d3.jpeg","contentUrl":"https:\/\/www.sunrim.com\/wp-content\/uploads\/2025\/03\/da63491fc6f54eea8c57db0d4a3302d3.jpeg","width":600,"height":450},{"@type":"BreadcrumbList","@id":"https:\/\/www.sunrim.com\/product\/outdoor-restaurant-in-the-scenic-area-can-be-retractable-sunroom\/#breadcrumb","itemListElement":[{"@type":"ListItem","position":1,"name":"Home","item":"https:\/\/www.sunrim.com\/"},{"@type":"ListItem","position":2,"name":"Products","item":"https:\/\/www.sunrim.com\/shop\/"},{"@type":"ListItem","position":3,"name":"Outdoor Restaurant In The Scenic Area Can Be Retractable Sunroom"}]},{"@type":"WebSite","@id":"https:\/\/www.sunrim.com\/#website","url":"https:\/\/www.sunrim.com\/","name":"Sunrim","description":"Retractable Sunroom &amp; Roofs","publisher":{"@id":"https:\/\/www.sunrim.com\/#organization"},"potentialAction":[{"@type":"SearchAction","target":{"@type":"EntryPoint","urlTemplate":"https:\/\/www.sunrim.com\/?s={search_term_string}"},"query-input":{"@type":"PropertyValueSpecification","valueRequired":true,"valueName":"search_term_string"}}],"inLanguage":"de"},{"@type":"Organization","@id":"https:\/\/www.sunrim.com\/#organization","name":"Sunrim","url":"https:\/\/www.sunrim.com\/","logo":{"@type":"ImageObject","inLanguage":"de","@id":"https:\/\/www.sunrim.com\/#\/schema\/logo\/image\/","url":"https:\/\/www.sunrim.com\/wp-content\/uploads\/2025\/11\/logo.png","contentUrl":"https:\/\/www.sunrim.com\/wp-content\/uploads\/2025\/11\/logo.png","width":989,"height":222,"caption":"Sunrim"},"image":{"@id":"https:\/\/www.sunrim.com\/#\/schema\/logo\/image\/"}}]}},"_links":{"self":[{"href":"https:\/\/www.sunrim.com\/de\/wp-json\/wp\/v2\/product\/5446","targetHints":{"allow":["GET"]}}],"collection":[{"href":"https:\/\/www.sunrim.com\/de\/wp-json\/wp\/v2\/product"}],"about":[{"href":"https:\/\/www.sunrim.com\/de\/wp-json\/wp\/v2\/types\/product"}],"wp:featuredmedia":[{"embeddable":true,"href":"https:\/\/www.sunrim.com\/de\/wp-json\/wp\/v2\/media\/5455"}],"wp:attachment":[{"href":"https:\/\/www.sunrim.com\/de\/wp-json\/wp\/v2\/media?parent=5446"}],"wp:term":[{"taxonomy":"product_brand","embeddable":true,"href":"https:\/\/www.sunrim.com\/de\/wp-json\/wp\/v2\/product_brand?post=5446"},{"taxonomy":"product_cat","embeddable":true,"href":"https:\/\/www.sunrim.com\/de\/wp-json\/wp\/v2\/product_cat?post=5446"},{"taxonomy":"product_tag","embeddable":true,"href":"https:\/\/www.sunrim.com\/de\/wp-json\/wp\/v2\/product_tag?post=5446"}],"curies":[{"name":"wp","href":"https:\/\/api.w.org\/{rel}","templated":true}]}}