{"id":5468,"date":"2025-03-11T07:46:58","date_gmt":"2025-03-11T07:46:58","guid":{"rendered":"http:\/\/bingkunc8.sg-host.com\/?post_type=product&#038;p=5468"},"modified":"2026-03-31T13:58:13","modified_gmt":"2026-03-31T13:58:13","slug":"hotel-outdoor-wedding-restaurant-retractable-sunroom","status":"publish","type":"product","link":"https:\/\/www.sunrim.com\/de\/product\/hotel-outdoor-wedding-restaurant-retractable-sunroom\/","title":{"rendered":"Hotel Hochzeit Restaurant im Freien Retractable Sunroom"},"content":{"rendered":"<p><iframe title=\"Hotel Outdoor Wedding Restaurant Retractable Sunroom, Retractable Enclosures, Montigo Resort Nongsa\" width=\"1290\" height=\"726\" src=\"https:\/\/www.youtube.com\/embed\/WvQ7M3tWmF8?feature=oembed\" frameborder=\"0\" allow=\"accelerometer; autoplay; clipboard-write; encrypted-media; gyroscope; picture-in-picture; web-share\" referrerpolicy=\"strict-origin-when-cross-origin\" allowfullscreen><\/iframe><\/p>\n<p>**Projekteinf\u00fchrung: Sunrims elektrische einziehbare Sunroom Installation im Montigo Resort, Batam Island, Indonesien**<\/p>\n<p style=\"text-align: right;\"><strong>\u00a0        <div class=\"rmwr-wrapper\" \n             data-id=\"rmwr-69f51eb47ee3d\"\n             data-mode=\"normal\"\n             data-animation=\"fade\"\n             data-duration=\"300\"\n             data-smooth-scroll=\"true\"\n             data-scroll-offset=\"0\">\n            <button \n                type=\"button\"\n                class=\"read-link\" \n                id=\"readlinkrmwr-69f51eb47ee3d\"\n                data-open-text=\"Read More\"\n                data-close-text=\"Read Less\"\n                aria-expanded=\"false\"\n                aria-controls=\"readrmwr-69f51eb47ee3d\"\n                aria-label=\"Weiterlesen\"\n            >\n                <span class=\"rmwr-text\">Weiterlesen<\/span>\n            <\/button>\n            <div \n                class=\"read_div\" \n                id=\"readrmwr-69f51eb47ee3d\"\n                aria-hidden=\"true\"\n                data-animation=\"fade\"\n                data-duration=\"300\"\n                style=\"display: none;\"\n            >\n                <\/strong><\/p>\n<p>Das Montigo Resort, ein luxuri\u00f6ses Reiseziel direkt am Strand auf Indonesiens atemberaubender Batam-Insel, wird f\u00fcr seine ausgedehnten Sandstr\u00e4nde, atemberaubenden Meerblick und erstklassige Gastfreundschaft gefeiert. Mit dem rasanten Anstieg der Touristenzahlen standen die Au\u00dfenanlagen des Resorts jedoch zunehmend unter Druck, was sich auf das Gesamterlebnis der G\u00e4ste auswirkte. Um diesen Herausforderungen gerecht zu werden und das Angebot des Resorts zu verbessern, startete der Hauptsitz des Montigo Resorts in Singapur eine globale Suche nach einer L\u00f6sung, die den Komfort der G\u00e4ste verbessern und gleichzeitig dem Au\u00dfenbereich Vielseitigkeit verleihen k\u00f6nnte. Nach einer gr\u00fcndlichen Bewertung entschied man sich f\u00fcr**Sunrim**, einen f\u00fchrenden Hersteller elektrischer ausfahrbarer Sonnenr\u00e4ume f\u00fcr den Au\u00dfenbereich, um ein transformatives Projekt umzusetzen.<\/p>\n<p>&#8212;<\/p>\n<p>##**Projekthintergrund** : Der weitl\u00e4ufige Strand des Montigo Resorts ist eines der attraktivsten Merkmale und zieht Besucher aus der ganzen Welt an. Die wachsende Zahl von Touristen belastete jedoch die bestehenden Au\u00dfenanlagen des Resorts, insbesondere in der Hauptsaison oder bei widrigen Wetterbedingungen. Dar\u00fcber hinaus wollte das Resort seine Funktionalit\u00e4t erweitern, um Hochzeiten, Konferenzen und Partys im Freien zu veranstalten, was eine flexible und \u00e4sthetisch ansprechende L\u00f6sung erforderte. Das Ziel war es, einen vielseitigen Allwetter-Raum zu schaffen, der mehr G\u00e4ste beherbergen kann und gleichzeitig die nat\u00fcrliche Sch\u00f6nheit des Strandes bewahrt.<\/p>\n<p>&#8212;<\/p>\n<p>## **Die L\u00f6sung: Sunrim's Electric Retractable Sunrooms**: Nach einer globalen Suche entschied sich Montigo Resort f\u00fcr**Sunrim** aufgrund seiner Expertise in der Entwicklung und Herstellung innovativer, hochwertiger Outdoor-Strukturen. Die elektrisch versenkbaren Sonnenr\u00e4ume von Sunrim waren die ideale Wahl und bieten eine perfekte Mischung aus Funktionalit\u00e4t, Langlebigkeit und \u00c4sthetik. Hier ist, warum Sunrim hervorsticht:<\/p>\n<p>1.**Vielseitigkeit f\u00fcr mehrere Funktionen**: Sunrims Sonnenr\u00e4ume wurden f\u00fcr eine Vielzahl von Zwecken entworfen, einschlie\u00dflich der Ausrichtung von Hochzeiten, Konferenzen, Partys und gelegentlichen G\u00e4stetreffen. Der flexible Raum kann leicht an die vielf\u00e4ltigen Bed\u00fcrfnisse des Resorts angepasst werden.<\/p>\n<p>2.**Elektrischer Einziehmechanismus**: Die Sonnenr\u00e4ume verf\u00fcgen \u00fcber ein fortschrittliches elektrisches Einziehsystem, das es dem Dach erm\u00f6glicht, m\u00fchelos per Knopfdruck zu \u00f6ffnen oder zu schlie\u00dfen. Diese Anpassungsf\u00e4higkeit sorgt daf\u00fcr, dass G\u00e4ste bei sch\u00f6nem Wetter den offenen Himmel genie\u00dfen oder Schutz bei Regen oder intensiver Sonneneinstrahlung suchen k\u00f6nnen.<\/p>\n<p>3.**Customizable Design**: Sunrim passte die Sonnenr\u00e4ume an, um die luxuri\u00f6se \u00c4sthetik des Montigo Resorts zu erg\u00e4nzen. Das schlanke, moderne Design f\u00fcgt sich nahtlos in das Strandambiente des Resorts ein und unterstreicht seinen optischen Reiz.<\/p>\n<p>4.**Langlebige und wetterbest\u00e4ndige Materialien**: Die Sonnenr\u00e4ume sind aus hochwertigen, witterungsbest\u00e4ndigen Materialien konstruiert, um dem tropischen Klima der Insel Batam zu widerstehen, einschlie\u00dflich starker Sonneneinstrahlung, starkem Regen und salziger Meeresluft.<\/p>\n<p>5.**Enhanced Guest Experience**: Durch die Bereitstellung zus\u00e4tzlicher schattiger und gesch\u00fctzter R\u00e4ume verbessern die Sonnenr\u00e4ume den Komfort der G\u00e4ste erheblich. Besucher k\u00f6nnen sich entspannen, speisen oder an Veranstaltungen in einer komfortablen Umgebung teilnehmen, unabh\u00e4ngig vom Wetter.<\/p>\n<p>6.**Schnelle Installation und minimale Unterbrechung**: Der effiziente Installationsprozess von Sunrim stellte sicher, dass das Projekt mit minimalen Unterbrechungen des Resorts abgeschlossen wurde, sodass Montigo Resort seine Einrichtungen schnell verbessern und mehr G\u00e4ste aufnehmen konnte.<\/p>\n<p>&#8212;<\/p>\n<p>Die wichtigsten Merkmale der Sunrim Electric Retractable Sunrooms<\/p>\n<p>\u2013**Ger\u00e4umig und flexibel:* Bietet ausreichend Platz f\u00fcr Hochzeiten, Konferenzen, Partys und ungezwungene Zusammenk\u00fcnfte.<\/p>\n<p>**Energieeffizient:** Reduziert den Bedarf an k\u00fcnstlicher K\u00fchlung durch nat\u00fcrliche L\u00fcftung.<\/p>\n<p>\u00c4sthetischer Reiz: Erh\u00f6ht den visuellen Reiz des Resorts mit einem schlanken, modernen Design.<\/p>\n<p>\u2013**Wartungsarm:* Hergestellt aus langlebigen Materialien, die minimalen Wartungsaufwand erfordern.<\/p>\n<p>\u2013**Allwetter-Funktionalit\u00e4t:* Sorgt f\u00fcr Komfort und Benutzerfreundlichkeit bei jedem Wetter.<\/p>\n<p>&#8212;<\/p>\n<p>## **Projektauswirkung**<\/p>\n<p>Die Installation der elektrisch versenkbaren Sonnenr\u00e4ume von Sunrim hat das Montigo Resort direkt am Strand in einen vielseitigen Allwetterbereich verwandelt, der das G\u00e4steerlebnis verbessert und die M\u00f6glichkeiten des Resorts erweitert. Die G\u00e4ste k\u00f6nnen die Sch\u00f6nheit des Strandes jetzt bequem genie\u00dfen, ob sie sich entspannen, an einer Hochzeit teilnehmen oder an einer Konferenz teilnehmen. Das Projekt hat auch die bestehenden Einrichtungen des Resorts entlastet und es erm\u00f6glicht, mehr Besucher aufzunehmen, ohne Kompromisse bei Qualit\u00e4t oder Komfort einzugehen. Diese Initiative spiegelt das Engagement des Montigo Resorts f\u00fcr Innovation, Luxus und G\u00e4stezufriedenheit wider. Durch die Partnerschaft mit Sunrim hat das Resort einen neuen Standard f\u00fcr Outdoor-Hospitality-Design gesetzt und stellt sicher, dass es ein Top-Ziel auf Batam Island bleibt.<\/p>\n<p>&#8212;<\/p>\n<p>## **Schlussfolgerung**<\/p>\n<p>Die Zusammenarbeit von Montigo Resort mit Sunrim bei der Installation elektrischer ausfahrbarer Sonnenr\u00e4ume ist ein Beweis f\u00fcr das Engagement des Resorts f\u00fcr Exzellenz und seine Vision f\u00fcr die Zukunft. Dieses Projekt adressiert nicht nur die Herausforderungen der steigenden Touristenzahlen, sondern verbessert auch die Funktionalit\u00e4t und Attraktivit\u00e4t des Resorts. Mit der hochmodernen Technologie von Sunrim und dem Engagement des Montigo Resorts f\u00fcr Luxus hat diese Partnerschaft eine wirklich unvergessliche Erfahrung f\u00fcr G\u00e4ste geschaffen und den Ruf des Resorts als erstklassiges Reiseziel f\u00fcr Hochzeiten, Veranstaltungen und Entspannung auf Batam Island gefestigt.<\/p>\n<p style=\"text-align: right\"><strong>            <\/div>\n        <\/div>\n        <\/strong><\/p>","protected":false},"excerpt":{"rendered":"<p>**Projekteinf\u00fchrung: Sunrims elektrische einziehbare Sunroom Installation im Montigo Resort, Batam Island, Indonesien** \u00a0<\/p>","protected":false},"featured_media":5469,"template":"","meta":[],"product_brand":[],"product_cat":[41,42,40,44,45,39,46],"product_tag":[],"class_list":{"0":"post-5468","1":"product","2":"type-product","3":"status-publish","4":"has-post-thumbnail","6":"product_cat-fitness-sports","7":"product_cat-hotel","8":"product_cat-restaurant-cafe","9":"product_cat-scenic-spots-resort","10":"product_cat-shopping-malls","11":"product_cat-solutions","12":"product_cat-wedding","14":"first","15":"instock","16":"downloadable","17":"shipping-taxable","18":"product-type-simple"},"yoast_head":"<!-- This site is optimized with the Yoast SEO plugin v27.3 - https:\/\/yoast.com\/product\/yoast-seo-wordpress\/ -->\n<title>Hotel Outdoor Wedding Restaurant Retractable Sunroom - Sunrim<\/title>\n<meta name=\"robots\" content=\"index, follow, max-snippet:-1, max-image-preview:large, max-video-preview:-1\" \/>\n<link rel=\"canonical\" href=\"https:\/\/www.sunrim.com\/de\/produkt\/hotel-outdoor-wedding-restaurant-retractable-sunroom\/\" \/>\n<meta property=\"og:locale\" content=\"de_DE\" \/>\n<meta property=\"og:type\" content=\"article\" \/>\n<meta property=\"og:title\" content=\"Hotel Outdoor Wedding Restaurant Retractable Sunroom - Sunrim\" \/>\n<meta property=\"og:description\" content=\"Project Introduction: Sunrim\u2019s Electric Retractable Sunroom Installation at Montigo Resort, Batam Island, Indonesia \u00a0\" \/>\n<meta property=\"og:url\" content=\"https:\/\/www.sunrim.com\/de\/produkt\/hotel-outdoor-wedding-restaurant-retractable-sunroom\/\" \/>\n<meta property=\"og:site_name\" content=\"Sunrim\" \/>\n<meta property=\"article:modified_time\" content=\"2026-03-31T13:58:13+00:00\" \/>\n<meta property=\"og:image\" content=\"https:\/\/www.sunrim.com\/wp-content\/uploads\/2025\/03\/M.jpg\" \/>\n\t<meta property=\"og:image:width\" content=\"600\" \/>\n\t<meta property=\"og:image:height\" content=\"450\" \/>\n\t<meta property=\"og:image:type\" content=\"image\/jpeg\" \/>\n<meta name=\"twitter:card\" content=\"summary_large_image\" \/>\n<meta name=\"twitter:label1\" content=\"Gesch\u00e4tzte Lesezeit\" \/>\n\t<meta name=\"twitter:data1\" content=\"5\u00a0Minuten\" \/>\n<script type=\"application\/ld+json\" class=\"yoast-schema-graph\">{\"@context\":\"https:\\\/\\\/schema.org\",\"@graph\":[{\"@type\":\"WebPage\",\"@id\":\"https:\\\/\\\/www.sunrim.com\\\/product\\\/hotel-outdoor-wedding-restaurant-retractable-sunroom\\\/\",\"url\":\"https:\\\/\\\/www.sunrim.com\\\/product\\\/hotel-outdoor-wedding-restaurant-retractable-sunroom\\\/\",\"name\":\"Hotel Outdoor Wedding Restaurant Retractable Sunroom - Sunrim\",\"isPartOf\":{\"@id\":\"https:\\\/\\\/www.sunrim.com\\\/#website\"},\"primaryImageOfPage\":{\"@id\":\"https:\\\/\\\/www.sunrim.com\\\/product\\\/hotel-outdoor-wedding-restaurant-retractable-sunroom\\\/#primaryimage\"},\"image\":{\"@id\":\"https:\\\/\\\/www.sunrim.com\\\/product\\\/hotel-outdoor-wedding-restaurant-retractable-sunroom\\\/#primaryimage\"},\"thumbnailUrl\":\"https:\\\/\\\/www.sunrim.com\\\/wp-content\\\/uploads\\\/2025\\\/03\\\/M.jpg\",\"datePublished\":\"2025-03-11T07:46:58+00:00\",\"dateModified\":\"2026-03-31T13:58:13+00:00\",\"breadcrumb\":{\"@id\":\"https:\\\/\\\/www.sunrim.com\\\/product\\\/hotel-outdoor-wedding-restaurant-retractable-sunroom\\\/#breadcrumb\"},\"inLanguage\":\"de\",\"potentialAction\":[{\"@type\":\"ReadAction\",\"target\":[\"https:\\\/\\\/www.sunrim.com\\\/product\\\/hotel-outdoor-wedding-restaurant-retractable-sunroom\\\/\"]}]},{\"@type\":\"ImageObject\",\"inLanguage\":\"de\",\"@id\":\"https:\\\/\\\/www.sunrim.com\\\/product\\\/hotel-outdoor-wedding-restaurant-retractable-sunroom\\\/#primaryimage\",\"url\":\"https:\\\/\\\/www.sunrim.com\\\/wp-content\\\/uploads\\\/2025\\\/03\\\/M.jpg\",\"contentUrl\":\"https:\\\/\\\/www.sunrim.com\\\/wp-content\\\/uploads\\\/2025\\\/03\\\/M.jpg\",\"width\":600,\"height\":450},{\"@type\":\"BreadcrumbList\",\"@id\":\"https:\\\/\\\/www.sunrim.com\\\/product\\\/hotel-outdoor-wedding-restaurant-retractable-sunroom\\\/#breadcrumb\",\"itemListElement\":[{\"@type\":\"ListItem\",\"position\":1,\"name\":\"Home\",\"item\":\"https:\\\/\\\/www.sunrim.com\\\/\"},{\"@type\":\"ListItem\",\"position\":2,\"name\":\"Products\",\"item\":\"https:\\\/\\\/www.sunrim.com\\\/shop\\\/\"},{\"@type\":\"ListItem\",\"position\":3,\"name\":\"Hotel Outdoor Wedding Restaurant Retractable Sunroom\"}]},{\"@type\":\"WebSite\",\"@id\":\"https:\\\/\\\/www.sunrim.com\\\/#website\",\"url\":\"https:\\\/\\\/www.sunrim.com\\\/\",\"name\":\"Sunrim\",\"description\":\"Retractable Sunroom &amp; Roofs\",\"publisher\":{\"@id\":\"https:\\\/\\\/www.sunrim.com\\\/#organization\"},\"potentialAction\":[{\"@type\":\"SearchAction\",\"target\":{\"@type\":\"EntryPoint\",\"urlTemplate\":\"https:\\\/\\\/www.sunrim.com\\\/?s={search_term_string}\"},\"query-input\":{\"@type\":\"PropertyValueSpecification\",\"valueRequired\":true,\"valueName\":\"search_term_string\"}}],\"inLanguage\":\"de\"},{\"@type\":\"Organization\",\"@id\":\"https:\\\/\\\/www.sunrim.com\\\/#organization\",\"name\":\"Sunrim\",\"url\":\"https:\\\/\\\/www.sunrim.com\\\/\",\"logo\":{\"@type\":\"ImageObject\",\"inLanguage\":\"de\",\"@id\":\"https:\\\/\\\/www.sunrim.com\\\/#\\\/schema\\\/logo\\\/image\\\/\",\"url\":\"https:\\\/\\\/www.sunrim.com\\\/wp-content\\\/uploads\\\/2025\\\/11\\\/logo.png\",\"contentUrl\":\"https:\\\/\\\/www.sunrim.com\\\/wp-content\\\/uploads\\\/2025\\\/11\\\/logo.png\",\"width\":989,\"height\":222,\"caption\":\"Sunrim\"},\"image\":{\"@id\":\"https:\\\/\\\/www.sunrim.com\\\/#\\\/schema\\\/logo\\\/image\\\/\"}}]}<\/script>\n<!-- \/ Yoast SEO plugin. -->","yoast_head_json":{"title":"Hotel Outdoor Wedding Restaurant Retractable Sunroom - Sunrim","robots":{"index":"index","follow":"follow","max-snippet":"max-snippet:-1","max-image-preview":"max-image-preview:large","max-video-preview":"max-video-preview:-1"},"canonical":"https:\/\/www.sunrim.com\/de\/produkt\/hotel-outdoor-wedding-restaurant-retractable-sunroom\/","og_locale":"de_DE","og_type":"article","og_title":"Hotel Outdoor Wedding Restaurant Retractable Sunroom - Sunrim","og_description":"Project Introduction: Sunrim\u2019s Electric Retractable Sunroom Installation at Montigo Resort, Batam Island, Indonesia \u00a0","og_url":"https:\/\/www.sunrim.com\/de\/produkt\/hotel-outdoor-wedding-restaurant-retractable-sunroom\/","og_site_name":"Sunrim","article_modified_time":"2026-03-31T13:58:13+00:00","og_image":[{"width":600,"height":450,"url":"https:\/\/www.sunrim.com\/wp-content\/uploads\/2025\/03\/M.jpg","type":"image\/jpeg"}],"twitter_card":"summary_large_image","twitter_misc":{"Gesch\u00e4tzte Lesezeit":"5\u00a0Minuten"},"schema":{"@context":"https:\/\/schema.org","@graph":[{"@type":"WebPage","@id":"https:\/\/www.sunrim.com\/product\/hotel-outdoor-wedding-restaurant-retractable-sunroom\/","url":"https:\/\/www.sunrim.com\/product\/hotel-outdoor-wedding-restaurant-retractable-sunroom\/","name":"Hotel Outdoor Wedding Restaurant Retractable Sunroom - Sunrim","isPartOf":{"@id":"https:\/\/www.sunrim.com\/#website"},"primaryImageOfPage":{"@id":"https:\/\/www.sunrim.com\/product\/hotel-outdoor-wedding-restaurant-retractable-sunroom\/#primaryimage"},"image":{"@id":"https:\/\/www.sunrim.com\/product\/hotel-outdoor-wedding-restaurant-retractable-sunroom\/#primaryimage"},"thumbnailUrl":"https:\/\/www.sunrim.com\/wp-content\/uploads\/2025\/03\/M.jpg","datePublished":"2025-03-11T07:46:58+00:00","dateModified":"2026-03-31T13:58:13+00:00","breadcrumb":{"@id":"https:\/\/www.sunrim.com\/product\/hotel-outdoor-wedding-restaurant-retractable-sunroom\/#breadcrumb"},"inLanguage":"de","potentialAction":[{"@type":"ReadAction","target":["https:\/\/www.sunrim.com\/product\/hotel-outdoor-wedding-restaurant-retractable-sunroom\/"]}]},{"@type":"ImageObject","inLanguage":"de","@id":"https:\/\/www.sunrim.com\/product\/hotel-outdoor-wedding-restaurant-retractable-sunroom\/#primaryimage","url":"https:\/\/www.sunrim.com\/wp-content\/uploads\/2025\/03\/M.jpg","contentUrl":"https:\/\/www.sunrim.com\/wp-content\/uploads\/2025\/03\/M.jpg","width":600,"height":450},{"@type":"BreadcrumbList","@id":"https:\/\/www.sunrim.com\/product\/hotel-outdoor-wedding-restaurant-retractable-sunroom\/#breadcrumb","itemListElement":[{"@type":"ListItem","position":1,"name":"Home","item":"https:\/\/www.sunrim.com\/"},{"@type":"ListItem","position":2,"name":"Products","item":"https:\/\/www.sunrim.com\/shop\/"},{"@type":"ListItem","position":3,"name":"Hotel Outdoor Wedding Restaurant Retractable Sunroom"}]},{"@type":"WebSite","@id":"https:\/\/www.sunrim.com\/#website","url":"https:\/\/www.sunrim.com\/","name":"Sunrim","description":"Retractable Sunroom &amp; Roofs","publisher":{"@id":"https:\/\/www.sunrim.com\/#organization"},"potentialAction":[{"@type":"SearchAction","target":{"@type":"EntryPoint","urlTemplate":"https:\/\/www.sunrim.com\/?s={search_term_string}"},"query-input":{"@type":"PropertyValueSpecification","valueRequired":true,"valueName":"search_term_string"}}],"inLanguage":"de"},{"@type":"Organization","@id":"https:\/\/www.sunrim.com\/#organization","name":"Sunrim","url":"https:\/\/www.sunrim.com\/","logo":{"@type":"ImageObject","inLanguage":"de","@id":"https:\/\/www.sunrim.com\/#\/schema\/logo\/image\/","url":"https:\/\/www.sunrim.com\/wp-content\/uploads\/2025\/11\/logo.png","contentUrl":"https:\/\/www.sunrim.com\/wp-content\/uploads\/2025\/11\/logo.png","width":989,"height":222,"caption":"Sunrim"},"image":{"@id":"https:\/\/www.sunrim.com\/#\/schema\/logo\/image\/"}}]}},"_links":{"self":[{"href":"https:\/\/www.sunrim.com\/de\/wp-json\/wp\/v2\/product\/5468","targetHints":{"allow":["GET"]}}],"collection":[{"href":"https:\/\/www.sunrim.com\/de\/wp-json\/wp\/v2\/product"}],"about":[{"href":"https:\/\/www.sunrim.com\/de\/wp-json\/wp\/v2\/types\/product"}],"wp:featuredmedia":[{"embeddable":true,"href":"https:\/\/www.sunrim.com\/de\/wp-json\/wp\/v2\/media\/5469"}],"wp:attachment":[{"href":"https:\/\/www.sunrim.com\/de\/wp-json\/wp\/v2\/media?parent=5468"}],"wp:term":[{"taxonomy":"product_brand","embeddable":true,"href":"https:\/\/www.sunrim.com\/de\/wp-json\/wp\/v2\/product_brand?post=5468"},{"taxonomy":"product_cat","embeddable":true,"href":"https:\/\/www.sunrim.com\/de\/wp-json\/wp\/v2\/product_cat?post=5468"},{"taxonomy":"product_tag","embeddable":true,"href":"https:\/\/www.sunrim.com\/de\/wp-json\/wp\/v2\/product_tag?post=5468"}],"curies":[{"name":"wp","href":"https:\/\/api.w.org\/{rel}","templated":true}]}}