{"id":5446,"date":"2025-03-07T09:02:10","date_gmt":"2025-03-07T09:02:10","guid":{"rendered":"http:\/\/bingkunc8.sg-host.com\/?post_type=product&#038;p=5446"},"modified":"2026-01-12T04:24:53","modified_gmt":"2026-01-12T04:24:53","slug":"outdoor-restaurant-in-the-scenic-area-can-be-retractable-sunroom","status":"publish","type":"product","link":"https:\/\/www.sunrim.com\/es\/product\/outdoor-restaurant-in-the-scenic-area-can-be-retractable-sunroom\/","title":{"rendered":"Lugar esc\u00e9nico restaurante al aire libre Sala de sol retr\u00e1ctil"},"content":{"rendered":"<p><iframe title=\"The outdoor restaurant in the scenic area can be retractable sunroom\" width=\"1290\" height=\"726\" src=\"https:\/\/www.youtube.com\/embed\/h-eSZlKQCeY?feature=oembed\" frameborder=\"0\" allow=\"accelerometer; autoplay; clipboard-write; encrypted-media; gyroscope; picture-in-picture; web-share\" referrerpolicy=\"strict-origin-when-cross-origin\" allowfullscreen><\/iframe><\/p>\n<p>Introducci\u00f3n del proyecto: instalaci\u00f3n de una Sala de sol telesc\u00f3pica en el restaurante al aire libre del Grupo Taikang en el \u00e1rea esc\u00e9nica de jingshan, Hangzhou<\/p>\n<p>Taikang group, una empresa Fortune 500 conocida por su innovaci\u00f3n y compromiso con la calidad, complet\u00f3 recientemente un emocionante proyecto en un restaurante al aire libre en el pintoresco \u00e1rea esc\u00e9nica de Jingshan en hangzhou. Para hacer frente al desaf\u00edo del espacio interior limitado y mejorar la experiencia gastron\u00f3mica, Taikang Group ha instalado la Sala de sol retr\u00e1ctil m\u00e1s avanzada. El proyecto no solo satisface las necesidades funcionales del restaurante, sino que tambi\u00e9n complementa la belleza natural del paisaje circundante.<\/p>\n<p style=\"text-align: right;\"><strong>\u00a0        <div class=\"rmwr-wrapper\" \n             data-id=\"rmwr-69f57bec8bed4\"\n             data-mode=\"normal\"\n             data-animation=\"fade\"\n             data-duration=\"300\"\n             data-smooth-scroll=\"true\"\n             data-scroll-offset=\"0\">\n            <button \n                type=\"button\"\n                class=\"read-link\" \n                id=\"readlinkrmwr-69f57bec8bed4\"\n                data-open-text=\"Read More\"\n                data-close-text=\"Read Less\"\n                aria-expanded=\"false\"\n                aria-controls=\"readrmwr-69f57bec8bed4\"\n                aria-label=\"Leer m\u00e1s\"\n            >\n                <span class=\"rmwr-text\">Leer m\u00e1s<\/span>\n            <\/button>\n            <div \n                class=\"read_div\" \n                id=\"readrmwr-69f57bec8bed4\"\n                aria-hidden=\"true\"\n                data-animation=\"fade\"\n                data-duration=\"300\"\n                style=\"display: none;\"\n            >\n                <\/strong><\/p>\n<p>Antecedentes del proyecto: este restaurante al aire libre se encuentra en el centro del \u00e1rea esc\u00e9nica de Jingshan y es un destino popular para que los turistas busquen una experiencia gastron\u00f3mica \u00fanica en la naturaleza. Sin embargo, el espacio interior existente no es suficiente para acomodar a un n\u00famero creciente de hu\u00e9spedes, especialmente en temporada alta o en condiciones meteorol\u00f3gicas adversas. Para resolver este problema, el Grupo Taikang busca una soluci\u00f3n que pueda proporcionar espacio adicional, garantizar una instalaci\u00f3n r\u00e1pida y mantener la armon\u00eda est\u00e9tica ambiental.<\/p>\n<p>&#8212;<\/p>\n<p>Soluci\u00f3n: Sala de sol retr\u00e1ctil: despu\u00e9s de una cuidadosa consideraci\u00f3n, el Grupo Taikang eligi\u00f3 una Sala de sol retr\u00e1ctil y retr\u00e1ctil. Esta estructura innovadora logra una integraci\u00f3n perfecta de funciones, est\u00e9tica y eficiencia. Las razones para elegir esta soluci\u00f3n son las siguientes:<\/p>\n<p>\u2022 Instalaci\u00f3n r\u00e1pida: la Sala de sol telesc\u00f3pica est\u00e1 dise\u00f1ada para un despliegue r\u00e1pido, lo que permite completar el proyecto en poco tiempo. Esto minimiza la interferencia con el funcionamiento del restaurante y garantiza que el espacio pueda ser utilizado lo antes posible.<\/p>\n<p>\u2022 Integraci\u00f3n perfecta con la naturaleza: el dise\u00f1o transparente de la Sala de sol permite a los hu\u00e9spedes disfrutar del incre\u00edble paisaje de Jingshan sin interrupci\u00f3n. Ya sea que el techo est\u00e9 abierto o cerrado, los comensales pueden sumergirse en la belleza de las monta\u00f1as circundantes, los bosques y el Cielo.<\/p>\n<p>- uso flexible del espacio: la funci\u00f3n escalable de la Sala de sol ofrece una flexibilidad incomparable. En d\u00edas soleados, el techo se puede abrir para crear una experiencia de comida al aire libre. En condiciones lluviosas o extremas, el techo se puede cerrar para brindar protecci\u00f3n, manteniendo la conexi\u00f3n con el exterior.<\/p>\n<p>\u2022 atractivo est\u00e9tico: el dise\u00f1o moderno y de moda de Sunshine Room se complementa con el entorno natural, lo que mejora el ambiente general del restaurante. Su estructura minimalista garantiza que no restar\u00e1 belleza al paisaje de la regi\u00f3n.<\/p>\n<p>- mejora de la experiencia de los hu\u00e9spedes: al ampliar el espacio disponible y ofrecer un ambiente c\u00f3modo en diversas condiciones meteorol\u00f3gicas, la Sala de sol retr\u00e1ctil mejora significativamente la experiencia gastron\u00f3mica de los hu\u00e9spedes. Tambi\u00e9n permite a los restaurantes recibir m\u00e1s turistas, aumentando su capacidad y potencial de ingresos.<\/p>\n<p>&#8212;<\/p>\n<p>Las principales caracter\u00edsticas de la Sala de sol telesc\u00f3pica<\/p>\n<p>- techo retr\u00e1ctil: permite un ajuste f\u00e1cil entre configuraciones abiertas y cerradas.<br \/>\n\u2022 materiales duraderos: fabricados con materiales resistentes a la intemperie de alta calidad para garantizar la vida \u00fatil.<br \/>\n\u2022 Eficiencia energ\u00e9tica: proporciona aislamiento t\u00e9rmico al cerrar, reduciendo la necesidad de calefacci\u00f3n o enfriamiento adicional.<br \/>\nDise\u00f1o personalizado: personalizado de acuerdo con el dise\u00f1o del restaurante y los requisitos est\u00e9ticos.<\/p>\n<p>&#8212;<\/p>\n<p>Impacto del proyecto: la instalaci\u00f3n de una Sala de sol retr\u00e1ctil ha convertido el restaurante al aire libre del Grupo Taikang en un lugar de restauraci\u00f3n multifuncional y las 24 horas del d\u00eda. No solo resuelve las limitaciones de espacio, sino que tambi\u00e9n mejora la experiencia tur\u00edstica general combinando funciones con la belleza natural del \u00e1rea esc\u00e9nica de jingshan. El proyecto refleja el compromiso del Grupo Taikang con la innovaci\u00f3n, el desarrollo sostenible y la satisfacci\u00f3n del cliente.<\/p>\n<p>&#8212;<\/p>\n<p>Conclusi\u00f3n: el proyecto de casa de sol retr\u00e1ctil del Grupo Taikang en el \u00e1rea esc\u00e9nica de Jingshan en Hangzhou demuestra el pensamiento prospectivo y la dedicaci\u00f3n de la compa\u00f1\u00eda a crear espacios sobresalientes. Al combinar practicidad con atractivo est\u00e9tico, este dispositivo establece un nuevo est\u00e1ndar para la experiencia gastron\u00f3mica al aire libre. Ya sea comiendo bajo el cielo abierto o huyendo del viento y la lluvia, los hu\u00e9spedes ahora pueden disfrutar del incre\u00edble entorno mientras disfrutan de la comida del restaurante. Este proyecto es un ejemplo glorioso de c\u00f3mo el dise\u00f1o innovador puede vivir en armon\u00eda con la naturaleza y crear experiencias inolvidables.<\/p>\n<p style=\"text-align: right\"><strong>            <\/div>\n        <\/div>\n        <\/strong><\/p>","protected":false},"excerpt":{"rendered":"<p>Project Introduction: Retractable Sunroom Installation at Taikang Group\u2019s Outdoor Restaurant in Hangzhou\u2019s Jingshan Scenic Area Taikang Group, a Fortune 500 company renowned for its innovation and commitment to quality, has recently completed an exciting project at its outdoor restaurant located in the picturesque Jingshan Scenic Area of Hangzhou. To address the challenge of limited indoor [&hellip;]<\/p>\n","protected":false},"featured_media":5455,"template":"","meta":[],"product_brand":[],"product_cat":[42,40,44,39],"product_tag":[],"class_list":{"0":"post-5446","1":"product","2":"type-product","3":"status-publish","4":"has-post-thumbnail","6":"product_cat-hotel","7":"product_cat-restaurant-cafe","8":"product_cat-scenic-spots-resort","9":"product_cat-solutions","11":"first","12":"instock","13":"shipping-taxable","14":"product-type-simple"},"yoast_head":"<!-- This site is optimized with the Yoast SEO plugin v27.3 - https:\/\/yoast.com\/product\/yoast-seo-wordpress\/ -->\n<title>Outdoor Restaurant In The Scenic Area Can Be Retractable Sunroom - Sunrim<\/title>\n<meta name=\"robots\" content=\"index, follow, max-snippet:-1, max-image-preview:large, max-video-preview:-1\" \/>\n<link rel=\"canonical\" href=\"https:\/\/www.sunrim.com\/es\/producto\/outdoor-restaurant-in-the-scenic-area-can-be-retractable-sunroom\/\" \/>\n<meta property=\"og:locale\" content=\"es_ES\" \/>\n<meta property=\"og:type\" content=\"article\" \/>\n<meta property=\"og:title\" content=\"Outdoor Restaurant In The Scenic Area Can Be Retractable Sunroom - Sunrim\" \/>\n<meta property=\"og:description\" content=\"Project Introduction: Retractable Sunroom Installation at Taikang Group\u2019s Outdoor Restaurant in Hangzhou\u2019s Jingshan Scenic Area Taikang Group, a Fortune 500 company renowned for its innovation and commitment to quality, has recently completed an exciting project at its outdoor restaurant located in the picturesque Jingshan Scenic Area of Hangzhou. To address the challenge of limited indoor [&hellip;]\" \/>\n<meta property=\"og:url\" content=\"https:\/\/www.sunrim.com\/es\/producto\/outdoor-restaurant-in-the-scenic-area-can-be-retractable-sunroom\/\" \/>\n<meta property=\"og:site_name\" content=\"Sunrim\" \/>\n<meta property=\"article:modified_time\" content=\"2026-01-12T04:24:53+00:00\" \/>\n<meta property=\"og:image\" content=\"https:\/\/www.sunrim.com\/wp-content\/uploads\/2025\/03\/da63491fc6f54eea8c57db0d4a3302d3.jpeg\" \/>\n\t<meta property=\"og:image:width\" content=\"600\" \/>\n\t<meta property=\"og:image:height\" content=\"450\" \/>\n\t<meta property=\"og:image:type\" content=\"image\/jpeg\" \/>\n<meta name=\"twitter:card\" content=\"summary_large_image\" \/>\n<meta name=\"twitter:label1\" content=\"Tiempo de lectura\" \/>\n\t<meta name=\"twitter:data1\" content=\"4 minutos\" \/>\n<script type=\"application\/ld+json\" class=\"yoast-schema-graph\">{\"@context\":\"https:\\\/\\\/schema.org\",\"@graph\":[{\"@type\":\"WebPage\",\"@id\":\"https:\\\/\\\/www.sunrim.com\\\/product\\\/outdoor-restaurant-in-the-scenic-area-can-be-retractable-sunroom\\\/\",\"url\":\"https:\\\/\\\/www.sunrim.com\\\/product\\\/outdoor-restaurant-in-the-scenic-area-can-be-retractable-sunroom\\\/\",\"name\":\"Outdoor Restaurant In The Scenic Area Can Be Retractable Sunroom - Sunrim\",\"isPartOf\":{\"@id\":\"https:\\\/\\\/www.sunrim.com\\\/#website\"},\"primaryImageOfPage\":{\"@id\":\"https:\\\/\\\/www.sunrim.com\\\/product\\\/outdoor-restaurant-in-the-scenic-area-can-be-retractable-sunroom\\\/#primaryimage\"},\"image\":{\"@id\":\"https:\\\/\\\/www.sunrim.com\\\/product\\\/outdoor-restaurant-in-the-scenic-area-can-be-retractable-sunroom\\\/#primaryimage\"},\"thumbnailUrl\":\"https:\\\/\\\/www.sunrim.com\\\/wp-content\\\/uploads\\\/2025\\\/03\\\/da63491fc6f54eea8c57db0d4a3302d3.jpeg\",\"datePublished\":\"2025-03-07T09:02:10+00:00\",\"dateModified\":\"2026-01-12T04:24:53+00:00\",\"breadcrumb\":{\"@id\":\"https:\\\/\\\/www.sunrim.com\\\/product\\\/outdoor-restaurant-in-the-scenic-area-can-be-retractable-sunroom\\\/#breadcrumb\"},\"inLanguage\":\"es\",\"potentialAction\":[{\"@type\":\"ReadAction\",\"target\":[\"https:\\\/\\\/www.sunrim.com\\\/product\\\/outdoor-restaurant-in-the-scenic-area-can-be-retractable-sunroom\\\/\"]}]},{\"@type\":\"ImageObject\",\"inLanguage\":\"es\",\"@id\":\"https:\\\/\\\/www.sunrim.com\\\/product\\\/outdoor-restaurant-in-the-scenic-area-can-be-retractable-sunroom\\\/#primaryimage\",\"url\":\"https:\\\/\\\/www.sunrim.com\\\/wp-content\\\/uploads\\\/2025\\\/03\\\/da63491fc6f54eea8c57db0d4a3302d3.jpeg\",\"contentUrl\":\"https:\\\/\\\/www.sunrim.com\\\/wp-content\\\/uploads\\\/2025\\\/03\\\/da63491fc6f54eea8c57db0d4a3302d3.jpeg\",\"width\":600,\"height\":450},{\"@type\":\"BreadcrumbList\",\"@id\":\"https:\\\/\\\/www.sunrim.com\\\/product\\\/outdoor-restaurant-in-the-scenic-area-can-be-retractable-sunroom\\\/#breadcrumb\",\"itemListElement\":[{\"@type\":\"ListItem\",\"position\":1,\"name\":\"Home\",\"item\":\"https:\\\/\\\/www.sunrim.com\\\/\"},{\"@type\":\"ListItem\",\"position\":2,\"name\":\"Products\",\"item\":\"https:\\\/\\\/www.sunrim.com\\\/shop\\\/\"},{\"@type\":\"ListItem\",\"position\":3,\"name\":\"Outdoor Restaurant In The Scenic Area Can Be Retractable Sunroom\"}]},{\"@type\":\"WebSite\",\"@id\":\"https:\\\/\\\/www.sunrim.com\\\/#website\",\"url\":\"https:\\\/\\\/www.sunrim.com\\\/\",\"name\":\"Sunrim\",\"description\":\"Retractable Sunroom &amp; Roofs\",\"publisher\":{\"@id\":\"https:\\\/\\\/www.sunrim.com\\\/#organization\"},\"potentialAction\":[{\"@type\":\"SearchAction\",\"target\":{\"@type\":\"EntryPoint\",\"urlTemplate\":\"https:\\\/\\\/www.sunrim.com\\\/?s={search_term_string}\"},\"query-input\":{\"@type\":\"PropertyValueSpecification\",\"valueRequired\":true,\"valueName\":\"search_term_string\"}}],\"inLanguage\":\"es\"},{\"@type\":\"Organization\",\"@id\":\"https:\\\/\\\/www.sunrim.com\\\/#organization\",\"name\":\"Sunrim\",\"url\":\"https:\\\/\\\/www.sunrim.com\\\/\",\"logo\":{\"@type\":\"ImageObject\",\"inLanguage\":\"es\",\"@id\":\"https:\\\/\\\/www.sunrim.com\\\/#\\\/schema\\\/logo\\\/image\\\/\",\"url\":\"https:\\\/\\\/www.sunrim.com\\\/wp-content\\\/uploads\\\/2025\\\/11\\\/logo.png\",\"contentUrl\":\"https:\\\/\\\/www.sunrim.com\\\/wp-content\\\/uploads\\\/2025\\\/11\\\/logo.png\",\"width\":989,\"height\":222,\"caption\":\"Sunrim\"},\"image\":{\"@id\":\"https:\\\/\\\/www.sunrim.com\\\/#\\\/schema\\\/logo\\\/image\\\/\"}}]}<\/script>\n<!-- \/ Yoast SEO plugin. -->","yoast_head_json":{"title":"Outdoor Restaurant In The Scenic Area Can Be Retractable Sunroom - Sunrim","robots":{"index":"index","follow":"follow","max-snippet":"max-snippet:-1","max-image-preview":"max-image-preview:large","max-video-preview":"max-video-preview:-1"},"canonical":"https:\/\/www.sunrim.com\/es\/producto\/outdoor-restaurant-in-the-scenic-area-can-be-retractable-sunroom\/","og_locale":"es_ES","og_type":"article","og_title":"Outdoor Restaurant In The Scenic Area Can Be Retractable Sunroom - Sunrim","og_description":"Project Introduction: Retractable Sunroom Installation at Taikang Group\u2019s Outdoor Restaurant in Hangzhou\u2019s Jingshan Scenic Area Taikang Group, a Fortune 500 company renowned for its innovation and commitment to quality, has recently completed an exciting project at its outdoor restaurant located in the picturesque Jingshan Scenic Area of Hangzhou. To address the challenge of limited indoor [&hellip;]","og_url":"https:\/\/www.sunrim.com\/es\/producto\/outdoor-restaurant-in-the-scenic-area-can-be-retractable-sunroom\/","og_site_name":"Sunrim","article_modified_time":"2026-01-12T04:24:53+00:00","og_image":[{"width":600,"height":450,"url":"https:\/\/www.sunrim.com\/wp-content\/uploads\/2025\/03\/da63491fc6f54eea8c57db0d4a3302d3.jpeg","type":"image\/jpeg"}],"twitter_card":"summary_large_image","twitter_misc":{"Tiempo de lectura":"4 minutos"},"schema":{"@context":"https:\/\/schema.org","@graph":[{"@type":"WebPage","@id":"https:\/\/www.sunrim.com\/product\/outdoor-restaurant-in-the-scenic-area-can-be-retractable-sunroom\/","url":"https:\/\/www.sunrim.com\/product\/outdoor-restaurant-in-the-scenic-area-can-be-retractable-sunroom\/","name":"Outdoor Restaurant In The Scenic Area Can Be Retractable Sunroom - Sunrim","isPartOf":{"@id":"https:\/\/www.sunrim.com\/#website"},"primaryImageOfPage":{"@id":"https:\/\/www.sunrim.com\/product\/outdoor-restaurant-in-the-scenic-area-can-be-retractable-sunroom\/#primaryimage"},"image":{"@id":"https:\/\/www.sunrim.com\/product\/outdoor-restaurant-in-the-scenic-area-can-be-retractable-sunroom\/#primaryimage"},"thumbnailUrl":"https:\/\/www.sunrim.com\/wp-content\/uploads\/2025\/03\/da63491fc6f54eea8c57db0d4a3302d3.jpeg","datePublished":"2025-03-07T09:02:10+00:00","dateModified":"2026-01-12T04:24:53+00:00","breadcrumb":{"@id":"https:\/\/www.sunrim.com\/product\/outdoor-restaurant-in-the-scenic-area-can-be-retractable-sunroom\/#breadcrumb"},"inLanguage":"es","potentialAction":[{"@type":"ReadAction","target":["https:\/\/www.sunrim.com\/product\/outdoor-restaurant-in-the-scenic-area-can-be-retractable-sunroom\/"]}]},{"@type":"ImageObject","inLanguage":"es","@id":"https:\/\/www.sunrim.com\/product\/outdoor-restaurant-in-the-scenic-area-can-be-retractable-sunroom\/#primaryimage","url":"https:\/\/www.sunrim.com\/wp-content\/uploads\/2025\/03\/da63491fc6f54eea8c57db0d4a3302d3.jpeg","contentUrl":"https:\/\/www.sunrim.com\/wp-content\/uploads\/2025\/03\/da63491fc6f54eea8c57db0d4a3302d3.jpeg","width":600,"height":450},{"@type":"BreadcrumbList","@id":"https:\/\/www.sunrim.com\/product\/outdoor-restaurant-in-the-scenic-area-can-be-retractable-sunroom\/#breadcrumb","itemListElement":[{"@type":"ListItem","position":1,"name":"Home","item":"https:\/\/www.sunrim.com\/"},{"@type":"ListItem","position":2,"name":"Products","item":"https:\/\/www.sunrim.com\/shop\/"},{"@type":"ListItem","position":3,"name":"Outdoor Restaurant In The Scenic Area Can Be Retractable Sunroom"}]},{"@type":"WebSite","@id":"https:\/\/www.sunrim.com\/#website","url":"https:\/\/www.sunrim.com\/","name":"Sunrim","description":"Retractable Sunroom &amp; Roofs","publisher":{"@id":"https:\/\/www.sunrim.com\/#organization"},"potentialAction":[{"@type":"SearchAction","target":{"@type":"EntryPoint","urlTemplate":"https:\/\/www.sunrim.com\/?s={search_term_string}"},"query-input":{"@type":"PropertyValueSpecification","valueRequired":true,"valueName":"search_term_string"}}],"inLanguage":"es"},{"@type":"Organization","@id":"https:\/\/www.sunrim.com\/#organization","name":"Sunrim","url":"https:\/\/www.sunrim.com\/","logo":{"@type":"ImageObject","inLanguage":"es","@id":"https:\/\/www.sunrim.com\/#\/schema\/logo\/image\/","url":"https:\/\/www.sunrim.com\/wp-content\/uploads\/2025\/11\/logo.png","contentUrl":"https:\/\/www.sunrim.com\/wp-content\/uploads\/2025\/11\/logo.png","width":989,"height":222,"caption":"Sunrim"},"image":{"@id":"https:\/\/www.sunrim.com\/#\/schema\/logo\/image\/"}}]}},"_links":{"self":[{"href":"https:\/\/www.sunrim.com\/es\/wp-json\/wp\/v2\/product\/5446","targetHints":{"allow":["GET"]}}],"collection":[{"href":"https:\/\/www.sunrim.com\/es\/wp-json\/wp\/v2\/product"}],"about":[{"href":"https:\/\/www.sunrim.com\/es\/wp-json\/wp\/v2\/types\/product"}],"wp:featuredmedia":[{"embeddable":true,"href":"https:\/\/www.sunrim.com\/es\/wp-json\/wp\/v2\/media\/5455"}],"wp:attachment":[{"href":"https:\/\/www.sunrim.com\/es\/wp-json\/wp\/v2\/media?parent=5446"}],"wp:term":[{"taxonomy":"product_brand","embeddable":true,"href":"https:\/\/www.sunrim.com\/es\/wp-json\/wp\/v2\/product_brand?post=5446"},{"taxonomy":"product_cat","embeddable":true,"href":"https:\/\/www.sunrim.com\/es\/wp-json\/wp\/v2\/product_cat?post=5446"},{"taxonomy":"product_tag","embeddable":true,"href":"https:\/\/www.sunrim.com\/es\/wp-json\/wp\/v2\/product_tag?post=5446"}],"curies":[{"name":"wp","href":"https:\/\/api.w.org\/{rel}","templated":true}]}}