{"id":5468,"date":"2025-03-11T07:46:58","date_gmt":"2025-03-11T07:46:58","guid":{"rendered":"http:\/\/bingkunc8.sg-host.com\/?post_type=product&#038;p=5468"},"modified":"2026-03-31T13:58:13","modified_gmt":"2026-03-31T13:58:13","slug":"hotel-outdoor-wedding-restaurant-retractable-sunroom","status":"publish","type":"product","link":"https:\/\/www.sunrim.com\/es\/product\/hotel-outdoor-wedding-restaurant-retractable-sunroom\/","title":{"rendered":"Sala de sol telesc\u00f3pica en el restaurante de bodas al aire libre del Hotel"},"content":{"rendered":"<p><iframe title=\"Hotel Outdoor Wedding Restaurant Retractable Sunroom, Retractable Enclosures, Montigo Resort Nongsa\" width=\"1290\" height=\"726\" src=\"https:\/\/www.youtube.com\/embed\/WvQ7M3tWmF8?feature=oembed\" frameborder=\"0\" allow=\"accelerometer; autoplay; clipboard-write; encrypted-media; gyroscope; picture-in-picture; web-share\" referrerpolicy=\"strict-origin-when-cross-origin\" allowfullscreen><\/iframe><\/p>\n<p>Introducci\u00f3n del proyecto: instalaci\u00f3n de solarium telesc\u00f3pico el\u00e9ctrico sunrim en montigo resort, batam, Indonesia<\/p>\n<p style=\"text-align: right;\"><strong>\u00a0        <div class=\"rmwr-wrapper\" \n             data-id=\"rmwr-69f5592ab7a8e\"\n             data-mode=\"normal\"\n             data-animation=\"fade\"\n             data-duration=\"300\"\n             data-smooth-scroll=\"true\"\n             data-scroll-offset=\"0\">\n            <button \n                type=\"button\"\n                class=\"read-link\" \n                id=\"readlinkrmwr-69f5592ab7a8e\"\n                data-open-text=\"Read More\"\n                data-close-text=\"Read Less\"\n                aria-expanded=\"false\"\n                aria-controls=\"readrmwr-69f5592ab7a8e\"\n                aria-label=\"Leer m\u00e1s\"\n            >\n                <span class=\"rmwr-text\">Leer m\u00e1s<\/span>\n            <\/button>\n            <div \n                class=\"read_div\" \n                id=\"readrmwr-69f5592ab7a8e\"\n                aria-hidden=\"true\"\n                data-animation=\"fade\"\n                data-duration=\"300\"\n                style=\"display: none;\"\n            >\n                <\/strong><\/p>\n<p>Montigo Resort es un lujoso destino costero en la encantadora isla indonesia de batam, conocido por sus amplias playas, sus incre\u00edbles vistas al mar y su hospitalidad de clase mundial. Sin embargo, con el r\u00e1pido crecimiento del n\u00famero de turistas, las instalaciones al aire libre del complejo se enfrentan a una creciente presi\u00f3n, lo que afecta la experiencia general de los hu\u00e9spedes. Para hacer frente a estos desaf\u00edos y mejorar el nivel de servicio del complejo, la Sede de Singapur del complejo montigo busca una soluci\u00f3n a nivel mundial que mejore tanto la comodidad de los hu\u00e9spedes como la versatilidad de los espacios al aire libre. Despu\u00e9s de una evaluaci\u00f3n exhaustiva, eligieron al fabricante l\u00edder de casas solares telesc\u00f3picas el\u00e9ctricas al aire libre * * sunrim * * para implementar un proyecto de transformaci\u00f3n.<\/p>\n<p>&#8212;<\/p>\n<p>Antecedentes del proyecto: la extensa Playa del complejo de montigo es una de sus caracter\u00edsticas m\u00e1s atractivas, atrayendo a turistas de todo el mundo. Sin embargo, cada vez hay m\u00e1s turistas que abruman las instalaciones al aire libre existentes en el complejo, especialmente en temporada alta o en condiciones meteorol\u00f3gicas adversas. Adem\u00e1s, el complejo intenta ampliar sus funciones para albergar bodas, conferencias y fiestas al aire libre, lo que requiere una soluci\u00f3n flexible y est\u00e9tica. El objetivo es crear un espacio multifuncional y las 24 horas del d\u00eda con capacidad para m\u00e1s hu\u00e9spedes, manteniendo al mismo tiempo la belleza natural de la playa.<\/p>\n<p>&#8212;<\/p>\n<p>Soluci\u00f3n: sunrim 's Electric flexible Sunshine room: despu\u00e9s de una b\u00fasqueda global, montigo Resort ha optado por * * sunrim *, ya que tiene experiencia en el dise\u00f1o y fabricaci\u00f3n de estructuras al aire libre innovadoras y de alta calidad. La Sala de sol retr\u00e1ctil el\u00e9ctrica de sunrim es ideal para ofrecer una mezcla perfecta de funcionalidad, durabilidad y atractivo est\u00e9tico. Estas son las razones por las que sunrim se destac\u00f3:<\/p>\n<p>1. versatilidad: la Sala de sol de sunrim est\u00e1 dise\u00f1ada para varios usos, incluyendo bodas, conferencias, fiestas y fiestas de invitados casuales. Los espacios flexibles pueden adaptarse f\u00e1cilmente a las diferentes necesidades del complejo.<\/p>\n<p>2. mecanismo telesc\u00f3pico el\u00e9ctrico: la Sala de sol utiliza un sistema telesc\u00f3pico el\u00e9ctrico avanzado, con solo presionar el bot\u00f3n, el techo se puede abrir o cerrar f\u00e1cilmente. Esta adaptaci\u00f3n garantiza que los hu\u00e9spedes puedan disfrutar de un cielo abierto en un clima agradable o buscar refugio bajo la lluvia o el sol intenso.<\/p>\n<p>3. dise\u00f1o personalizable: sunrim ha adaptado la Sala de sol a la est\u00e9tica de lujo de montigo resort. El dise\u00f1o moderno de moda se integra perfectamente con el ambiente costero del complejo, lo que mejora su atractivo visual.<\/p>\n<p>4. materiales resistentes a la intemperie duraderos: la Sala de sol est\u00e1 construida con materiales resistentes a la intemperie de alta calidad y puede soportar el clima tropical de batam, incluyendo sol fuerte, fuertes lluvias y brisa marina salada.<\/p>\n<p>5. mejorar la experiencia de los hu\u00e9spedes: al proporcionar un espacio adicional de sombra y sombra, la Sala de sol mejora significativamente la comodidad de los hu\u00e9spedes. Independientemente del clima, los visitantes pueden relajarse, comer o participar en actividades en un ambiente c\u00f3modo.<\/p>\n<p>6. instalaci\u00f3n r\u00e1pida y m\u00ednima interferencia: el eficiente proceso de instalaci\u00f3n de sunrim garantiza que el proyecto se complete con la menor interferencia en el funcionamiento del complejo, lo que permite a montigo Resort mejorar r\u00e1pidamente sus instalaciones y albergar a m\u00e1s hu\u00e9spedes.<\/p>\n<p>&#8212;<\/p>\n<p>Las principales caracter\u00edsticas de la Sala de sol telesc\u00f3pica el\u00e9ctrica de sunrim<\/p>\n<p>Amplio y flexible: amplio espacio para bodas, reuniones, fiestas y fiestas de ocio.<\/p>\n<p>Ahorro de energ\u00eda: reducir la demanda de enfriamiento manual a trav\u00e9s de la ventilaci\u00f3n natural.<\/p>\n<p>Atractivo est\u00e9tico: mejorar el atractivo visual del complejo a trav\u00e9s de un dise\u00f1o moderno de moda.<\/p>\n<p>Bajo mantenimiento: fabricado con materiales duraderos, con un m\u00ednimo de mantenimiento.<\/p>\n<p>Funci\u00f3n las 24 horas del d\u00eda: aseg\u00farese de la comodidad y disponibilidad en cualquier condici\u00f3n meteorol\u00f3gica.<\/p>\n<p>&#8212;<\/p>\n<p>Impacto del proyecto<\/p>\n<p>La instalaci\u00f3n de la Sala de sol retr\u00e1ctil el\u00e9ctrica de sunrim ha convertido la playa de montigo Resort en un espacio multifuncional y todo tiempo, mejorando la experiencia de los hu\u00e9spedes y ampliando las funciones del complejo. Ya sea para relajarse, asistir a bodas o asistir a reuniones, los hu\u00e9spedes ahora pueden disfrutar c\u00f3modamente de la belleza de la playa. El proyecto tambi\u00e9n alivia la presi\u00f3n sobre las instalaciones existentes en el complejo, permiti\u00e9ndole albergar a m\u00e1s turistas sin afectar la calidad o la comodidad. Esta iniciativa refleja el compromiso de montigo Resort con la innovaci\u00f3n, el lujo y la satisfacci\u00f3n de los hu\u00e9spedes. En colaboraci\u00f3n con sunrim, el complejo establece nuevos est\u00e1ndares para el dise\u00f1o de hoteles al aire libre, asegurando que sigue siendo el principal destino de batam.<\/p>\n<p>&#8212;<\/p>\n<p>Conclusiones<\/p>\n<p>Montigo resort, en colaboraci\u00f3n con sunrim, ha instalado una Sala de sol retr\u00e1ctil el\u00e9ctrica que demuestra la b\u00fasqueda de la excelencia y la visi\u00f3n del futuro del complejo. El proyecto no solo aborda los desaf\u00edos planteados por el aumento del n\u00famero de turistas, sino que tambi\u00e9n mejora la funcionalidad y el atractivo del complejo. Con la tecnolog\u00eda de vanguardia de sunrim y el compromiso de montigo Resort con el lujo, esta asociaci\u00f3n crea una experiencia verdaderamente inolvidable para los hu\u00e9spedes y consolida la reputaci\u00f3n del complejo como destino preferido para bodas, eventos y ocio en batam.<\/p>\n<p style=\"text-align: right\"><strong>            <\/div>\n        <\/div>\n        <\/strong><\/p>","protected":false},"excerpt":{"rendered":"<p>Introducci\u00f3n del proyecto: instalaci\u00f3n de solarium telesc\u00f3pico el\u00e9ctrico sunrim en montigo resort, batam, Indonesia \u00a0<\/p>","protected":false},"featured_media":5469,"template":"","meta":[],"product_brand":[],"product_cat":[41,42,40,44,45,39,46],"product_tag":[],"class_list":{"0":"post-5468","1":"product","2":"type-product","3":"status-publish","4":"has-post-thumbnail","6":"product_cat-fitness-sports","7":"product_cat-hotel","8":"product_cat-restaurant-cafe","9":"product_cat-scenic-spots-resort","10":"product_cat-shopping-malls","11":"product_cat-solutions","12":"product_cat-wedding","14":"first","15":"instock","16":"downloadable","17":"shipping-taxable","18":"product-type-simple"},"yoast_head":"<!-- This site is optimized with the Yoast SEO plugin v27.3 - https:\/\/yoast.com\/product\/yoast-seo-wordpress\/ -->\n<title>Hotel Outdoor Wedding Restaurant Retractable Sunroom - Sunrim<\/title>\n<meta name=\"robots\" content=\"index, follow, max-snippet:-1, max-image-preview:large, max-video-preview:-1\" \/>\n<link rel=\"canonical\" href=\"https:\/\/www.sunrim.com\/es\/producto\/hotel-outdoor-wedding-restaurant-retractable-sunroom\/\" \/>\n<meta property=\"og:locale\" content=\"es_ES\" \/>\n<meta property=\"og:type\" content=\"article\" \/>\n<meta property=\"og:title\" content=\"Hotel Outdoor Wedding Restaurant Retractable Sunroom - Sunrim\" \/>\n<meta property=\"og:description\" content=\"Project Introduction: Sunrim\u2019s Electric Retractable Sunroom Installation at Montigo Resort, Batam Island, Indonesia \u00a0\" \/>\n<meta property=\"og:url\" content=\"https:\/\/www.sunrim.com\/es\/producto\/hotel-outdoor-wedding-restaurant-retractable-sunroom\/\" \/>\n<meta property=\"og:site_name\" content=\"Sunrim\" \/>\n<meta property=\"article:modified_time\" content=\"2026-03-31T13:58:13+00:00\" \/>\n<meta property=\"og:image\" content=\"https:\/\/www.sunrim.com\/wp-content\/uploads\/2025\/03\/M.jpg\" \/>\n\t<meta property=\"og:image:width\" content=\"600\" \/>\n\t<meta property=\"og:image:height\" content=\"450\" \/>\n\t<meta property=\"og:image:type\" content=\"image\/jpeg\" \/>\n<meta name=\"twitter:card\" content=\"summary_large_image\" \/>\n<meta name=\"twitter:label1\" content=\"Tiempo de lectura\" \/>\n\t<meta name=\"twitter:data1\" content=\"5 minutos\" \/>\n<script type=\"application\/ld+json\" class=\"yoast-schema-graph\">{\"@context\":\"https:\\\/\\\/schema.org\",\"@graph\":[{\"@type\":\"WebPage\",\"@id\":\"https:\\\/\\\/www.sunrim.com\\\/product\\\/hotel-outdoor-wedding-restaurant-retractable-sunroom\\\/\",\"url\":\"https:\\\/\\\/www.sunrim.com\\\/product\\\/hotel-outdoor-wedding-restaurant-retractable-sunroom\\\/\",\"name\":\"Hotel Outdoor Wedding Restaurant Retractable Sunroom - Sunrim\",\"isPartOf\":{\"@id\":\"https:\\\/\\\/www.sunrim.com\\\/#website\"},\"primaryImageOfPage\":{\"@id\":\"https:\\\/\\\/www.sunrim.com\\\/product\\\/hotel-outdoor-wedding-restaurant-retractable-sunroom\\\/#primaryimage\"},\"image\":{\"@id\":\"https:\\\/\\\/www.sunrim.com\\\/product\\\/hotel-outdoor-wedding-restaurant-retractable-sunroom\\\/#primaryimage\"},\"thumbnailUrl\":\"https:\\\/\\\/www.sunrim.com\\\/wp-content\\\/uploads\\\/2025\\\/03\\\/M.jpg\",\"datePublished\":\"2025-03-11T07:46:58+00:00\",\"dateModified\":\"2026-03-31T13:58:13+00:00\",\"breadcrumb\":{\"@id\":\"https:\\\/\\\/www.sunrim.com\\\/product\\\/hotel-outdoor-wedding-restaurant-retractable-sunroom\\\/#breadcrumb\"},\"inLanguage\":\"es\",\"potentialAction\":[{\"@type\":\"ReadAction\",\"target\":[\"https:\\\/\\\/www.sunrim.com\\\/product\\\/hotel-outdoor-wedding-restaurant-retractable-sunroom\\\/\"]}]},{\"@type\":\"ImageObject\",\"inLanguage\":\"es\",\"@id\":\"https:\\\/\\\/www.sunrim.com\\\/product\\\/hotel-outdoor-wedding-restaurant-retractable-sunroom\\\/#primaryimage\",\"url\":\"https:\\\/\\\/www.sunrim.com\\\/wp-content\\\/uploads\\\/2025\\\/03\\\/M.jpg\",\"contentUrl\":\"https:\\\/\\\/www.sunrim.com\\\/wp-content\\\/uploads\\\/2025\\\/03\\\/M.jpg\",\"width\":600,\"height\":450},{\"@type\":\"BreadcrumbList\",\"@id\":\"https:\\\/\\\/www.sunrim.com\\\/product\\\/hotel-outdoor-wedding-restaurant-retractable-sunroom\\\/#breadcrumb\",\"itemListElement\":[{\"@type\":\"ListItem\",\"position\":1,\"name\":\"Home\",\"item\":\"https:\\\/\\\/www.sunrim.com\\\/\"},{\"@type\":\"ListItem\",\"position\":2,\"name\":\"Products\",\"item\":\"https:\\\/\\\/www.sunrim.com\\\/shop\\\/\"},{\"@type\":\"ListItem\",\"position\":3,\"name\":\"Hotel Outdoor Wedding Restaurant Retractable Sunroom\"}]},{\"@type\":\"WebSite\",\"@id\":\"https:\\\/\\\/www.sunrim.com\\\/#website\",\"url\":\"https:\\\/\\\/www.sunrim.com\\\/\",\"name\":\"Sunrim\",\"description\":\"Retractable Sunroom &amp; Roofs\",\"publisher\":{\"@id\":\"https:\\\/\\\/www.sunrim.com\\\/#organization\"},\"potentialAction\":[{\"@type\":\"SearchAction\",\"target\":{\"@type\":\"EntryPoint\",\"urlTemplate\":\"https:\\\/\\\/www.sunrim.com\\\/?s={search_term_string}\"},\"query-input\":{\"@type\":\"PropertyValueSpecification\",\"valueRequired\":true,\"valueName\":\"search_term_string\"}}],\"inLanguage\":\"es\"},{\"@type\":\"Organization\",\"@id\":\"https:\\\/\\\/www.sunrim.com\\\/#organization\",\"name\":\"Sunrim\",\"url\":\"https:\\\/\\\/www.sunrim.com\\\/\",\"logo\":{\"@type\":\"ImageObject\",\"inLanguage\":\"es\",\"@id\":\"https:\\\/\\\/www.sunrim.com\\\/#\\\/schema\\\/logo\\\/image\\\/\",\"url\":\"https:\\\/\\\/www.sunrim.com\\\/wp-content\\\/uploads\\\/2025\\\/11\\\/logo.png\",\"contentUrl\":\"https:\\\/\\\/www.sunrim.com\\\/wp-content\\\/uploads\\\/2025\\\/11\\\/logo.png\",\"width\":989,\"height\":222,\"caption\":\"Sunrim\"},\"image\":{\"@id\":\"https:\\\/\\\/www.sunrim.com\\\/#\\\/schema\\\/logo\\\/image\\\/\"}}]}<\/script>\n<!-- \/ Yoast SEO plugin. -->","yoast_head_json":{"title":"Hotel Outdoor Wedding Restaurant Retractable Sunroom - Sunrim","robots":{"index":"index","follow":"follow","max-snippet":"max-snippet:-1","max-image-preview":"max-image-preview:large","max-video-preview":"max-video-preview:-1"},"canonical":"https:\/\/www.sunrim.com\/es\/producto\/hotel-outdoor-wedding-restaurant-retractable-sunroom\/","og_locale":"es_ES","og_type":"article","og_title":"Hotel Outdoor Wedding Restaurant Retractable Sunroom - Sunrim","og_description":"Project Introduction: Sunrim\u2019s Electric Retractable Sunroom Installation at Montigo Resort, Batam Island, Indonesia \u00a0","og_url":"https:\/\/www.sunrim.com\/es\/producto\/hotel-outdoor-wedding-restaurant-retractable-sunroom\/","og_site_name":"Sunrim","article_modified_time":"2026-03-31T13:58:13+00:00","og_image":[{"width":600,"height":450,"url":"https:\/\/www.sunrim.com\/wp-content\/uploads\/2025\/03\/M.jpg","type":"image\/jpeg"}],"twitter_card":"summary_large_image","twitter_misc":{"Tiempo de lectura":"5 minutos"},"schema":{"@context":"https:\/\/schema.org","@graph":[{"@type":"WebPage","@id":"https:\/\/www.sunrim.com\/product\/hotel-outdoor-wedding-restaurant-retractable-sunroom\/","url":"https:\/\/www.sunrim.com\/product\/hotel-outdoor-wedding-restaurant-retractable-sunroom\/","name":"Hotel Outdoor Wedding Restaurant Retractable Sunroom - Sunrim","isPartOf":{"@id":"https:\/\/www.sunrim.com\/#website"},"primaryImageOfPage":{"@id":"https:\/\/www.sunrim.com\/product\/hotel-outdoor-wedding-restaurant-retractable-sunroom\/#primaryimage"},"image":{"@id":"https:\/\/www.sunrim.com\/product\/hotel-outdoor-wedding-restaurant-retractable-sunroom\/#primaryimage"},"thumbnailUrl":"https:\/\/www.sunrim.com\/wp-content\/uploads\/2025\/03\/M.jpg","datePublished":"2025-03-11T07:46:58+00:00","dateModified":"2026-03-31T13:58:13+00:00","breadcrumb":{"@id":"https:\/\/www.sunrim.com\/product\/hotel-outdoor-wedding-restaurant-retractable-sunroom\/#breadcrumb"},"inLanguage":"es","potentialAction":[{"@type":"ReadAction","target":["https:\/\/www.sunrim.com\/product\/hotel-outdoor-wedding-restaurant-retractable-sunroom\/"]}]},{"@type":"ImageObject","inLanguage":"es","@id":"https:\/\/www.sunrim.com\/product\/hotel-outdoor-wedding-restaurant-retractable-sunroom\/#primaryimage","url":"https:\/\/www.sunrim.com\/wp-content\/uploads\/2025\/03\/M.jpg","contentUrl":"https:\/\/www.sunrim.com\/wp-content\/uploads\/2025\/03\/M.jpg","width":600,"height":450},{"@type":"BreadcrumbList","@id":"https:\/\/www.sunrim.com\/product\/hotel-outdoor-wedding-restaurant-retractable-sunroom\/#breadcrumb","itemListElement":[{"@type":"ListItem","position":1,"name":"Home","item":"https:\/\/www.sunrim.com\/"},{"@type":"ListItem","position":2,"name":"Products","item":"https:\/\/www.sunrim.com\/shop\/"},{"@type":"ListItem","position":3,"name":"Hotel Outdoor Wedding Restaurant Retractable Sunroom"}]},{"@type":"WebSite","@id":"https:\/\/www.sunrim.com\/#website","url":"https:\/\/www.sunrim.com\/","name":"Sunrim","description":"Retractable Sunroom &amp; Roofs","publisher":{"@id":"https:\/\/www.sunrim.com\/#organization"},"potentialAction":[{"@type":"SearchAction","target":{"@type":"EntryPoint","urlTemplate":"https:\/\/www.sunrim.com\/?s={search_term_string}"},"query-input":{"@type":"PropertyValueSpecification","valueRequired":true,"valueName":"search_term_string"}}],"inLanguage":"es"},{"@type":"Organization","@id":"https:\/\/www.sunrim.com\/#organization","name":"Sunrim","url":"https:\/\/www.sunrim.com\/","logo":{"@type":"ImageObject","inLanguage":"es","@id":"https:\/\/www.sunrim.com\/#\/schema\/logo\/image\/","url":"https:\/\/www.sunrim.com\/wp-content\/uploads\/2025\/11\/logo.png","contentUrl":"https:\/\/www.sunrim.com\/wp-content\/uploads\/2025\/11\/logo.png","width":989,"height":222,"caption":"Sunrim"},"image":{"@id":"https:\/\/www.sunrim.com\/#\/schema\/logo\/image\/"}}]}},"_links":{"self":[{"href":"https:\/\/www.sunrim.com\/es\/wp-json\/wp\/v2\/product\/5468","targetHints":{"allow":["GET"]}}],"collection":[{"href":"https:\/\/www.sunrim.com\/es\/wp-json\/wp\/v2\/product"}],"about":[{"href":"https:\/\/www.sunrim.com\/es\/wp-json\/wp\/v2\/types\/product"}],"wp:featuredmedia":[{"embeddable":true,"href":"https:\/\/www.sunrim.com\/es\/wp-json\/wp\/v2\/media\/5469"}],"wp:attachment":[{"href":"https:\/\/www.sunrim.com\/es\/wp-json\/wp\/v2\/media?parent=5468"}],"wp:term":[{"taxonomy":"product_brand","embeddable":true,"href":"https:\/\/www.sunrim.com\/es\/wp-json\/wp\/v2\/product_brand?post=5468"},{"taxonomy":"product_cat","embeddable":true,"href":"https:\/\/www.sunrim.com\/es\/wp-json\/wp\/v2\/product_cat?post=5468"},{"taxonomy":"product_tag","embeddable":true,"href":"https:\/\/www.sunrim.com\/es\/wp-json\/wp\/v2\/product_tag?post=5468"}],"curies":[{"name":"wp","href":"https:\/\/api.w.org\/{rel}","templated":true}]}}