{"id":5446,"date":"2025-03-07T09:02:10","date_gmt":"2025-03-07T09:02:10","guid":{"rendered":"http:\/\/bingkunc8.sg-host.com\/?post_type=product&#038;p=5446"},"modified":"2026-01-12T04:24:53","modified_gmt":"2026-01-12T04:24:53","slug":"outdoor-restaurant-in-the-scenic-area-can-be-retractable-sunroom","status":"publish","type":"product","link":"https:\/\/www.sunrim.com\/fr\/product\/outdoor-restaurant-in-the-scenic-area-can-be-retractable-sunroom\/","title":{"rendered":"Vue espace ext\u00e9rieur Restaurant Salle de soleil r\u00e9tractable"},"content":{"rendered":"<p><iframe title=\"The outdoor restaurant in the scenic area can be retractable sunroom\" width=\"1290\" height=\"726\" src=\"https:\/\/www.youtube.com\/embed\/h-eSZlKQCeY?feature=oembed\" frameborder=\"0\" allow=\"accelerometer; autoplay; clipboard-write; encrypted-media; gyroscope; picture-in-picture; web-share\" referrerpolicy=\"strict-origin-when-cross-origin\" allowfullscreen><\/iframe><\/p>\n<p>Pr\u00e9sentation du projet: installation de salle de soleil T\u00e9lescopique pour le restaurant en plein air Taikang Group dans la Zone panoramique Jingshan de Hangzhou<\/p>\n<p>Taikang Group, une soci\u00e9t\u00e9 Fortune 500 reconnue pour son innovation et son engagement envers la qualit\u00e9, a r\u00e9cemment termin\u00e9 un projet passionnant dans un restaurant en plein air dans le pittoresque quartier de Jingshan \u00e0 Hangzhou. Afin de relever le d\u00e9fi de l'espace int\u00e9rieur limit\u00e9 et d'am\u00e9liorer l'exp\u00e9rience culinaire, le Groupe tycon a install\u00e9 une salle de soleil * * r\u00e9tractable * * \u00e0 la pointe de la technologie. Le projet r\u00e9pond non seulement aux besoins fonctionnels du restaurant, mais compl\u00e8te \u00e9galement la beaut\u00e9 naturelle du paysage environnant.<\/p>\n<p style=\"text-align: right;\"><strong>\u00a0        <div class=\"rmwr-wrapper\" \n             data-id=\"rmwr-69f5179213cf0\"\n             data-mode=\"normal\"\n             data-animation=\"fade\"\n             data-duration=\"300\"\n             data-smooth-scroll=\"true\"\n             data-scroll-offset=\"0\">\n            <button \n                type=\"button\"\n                class=\"read-link\" \n                id=\"readlinkrmwr-69f5179213cf0\"\n                data-open-text=\"Read More\"\n                data-close-text=\"Read Less\"\n                aria-expanded=\"false\"\n                aria-controls=\"readrmwr-69f5179213cf0\"\n                aria-label=\"Lire plus\"\n            >\n                <span class=\"rmwr-text\">Lire plus<\/span>\n            <\/button>\n            <div \n                class=\"read_div\" \n                id=\"readrmwr-69f5179213cf0\"\n                aria-hidden=\"true\"\n                data-animation=\"fade\"\n                data-duration=\"300\"\n                style=\"display: none;\"\n            >\n                <\/strong><\/p>\n<p>Contexte du projet: Le restaurant en plein air, nich\u00e9 au c\u0153ur de la zone pittoresque de Jingshan, est une destination populaire pour les visiteurs \u00e0 la recherche d'une exp\u00e9rience gastronomique unique au milieu de la nature. Cependant, l'espace int\u00e9rieur existant \u00e9tait insuffisant pour accueillir le nombre croissant d'invit\u00e9s, en particulier pendant la haute saison ou les conditions m\u00e9t\u00e9orologiques d\u00e9favorables. Pour r\u00e9soudre ce probl\u00e8me, Taikang Group a cherch\u00e9 une solution qui fournirait de l'espace suppl\u00e9mentaire, assurerait une installation rapide et maintiendrait l'harmonie esth\u00e9tique de l'environnement.<\/p>\n<p>&#8212;<\/p>\n<p>Solution: cabines solaires t\u00e9lescopiques: Apr\u00e8s m\u00fbre r\u00e9flexion, le Groupe tycon a opt\u00e9 pour des cabines solaires t\u00e9lescopiques et r\u00e9tractables. Cette structure innovante permet un m\u00e9lange parfait de fonctionnalit\u00e9, d'esth\u00e9tique et d'efficacit\u00e9. Les raisons de choisir cette solution sont les suivantes:<\/p>\n<p>\u2022 installation rapide: les cabines solaires t\u00e9lescopiques sont con\u00e7ues pour un d\u00e9ploiement rapide, ce qui permet de r\u00e9aliser des projets en peu de temps. Cela minimise les perturbations dans le fonctionnement du restaurant et garantit que l'espace peut \u00eatre utilis\u00e9 le plus rapidement possible.<\/p>\n<p>\u2022 s'int\u00e8gre parfaitement \u00e0 la nature: la conception transparente des chambres ensoleill\u00e9es permet aux clients de profiter d'une vue imprenable sur la montagne. Que le toit soit ouvert ou ferm\u00e9, les convives peuvent se plonger dans la beaut\u00e9 des montagnes environnantes, des for\u00eats et du ciel.<\/p>\n<p>\u2022 Utilisation flexible de l'espace: la fonction r\u00e9tractable de la Chambre ensoleill\u00e9e offre une flexibilit\u00e9 in\u00e9gal\u00e9e. Par une journ\u00e9e ensoleill\u00e9e, le toit peut \u00eatre ouvert pour cr\u00e9er une exp\u00e9rience culinaire en plein air. En cas de pluie ou de conditions m\u00e9t\u00e9orologiques extr\u00eames, le toit peut \u00eatre ferm\u00e9 pour assurer la protection tout en restant connect\u00e9 \u00e0 l'ext\u00e9rieur.<\/p>\n<p>\u2022 attrait esth\u00e9tique: le design \u00e9l\u00e9gant et moderne des chambres ensoleill\u00e9es compl\u00e8te l'environnement naturel et am\u00e9liore l'ambiance g\u00e9n\u00e9rale du restaurant. Sa structure minimaliste assure qu'il ne d\u00e9roge pas \u00e0 la beaut\u00e9 des paysages de la r\u00e9gion.<\/p>\n<p>\u2022 Am\u00e9liorer l'exp\u00e9rience client: en \u00e9largissant l'espace disponible et en offrant un environnement confortable dans toutes les conditions m\u00e9t\u00e9orologiques, la salle de soleil t\u00e9lescopique am\u00e9liore consid\u00e9rablement l'exp\u00e9rience culinaire des clients. Il permet \u00e9galement au restaurant d'accueillir plus de visiteurs, augmentant ainsi sa capacit\u00e9 et son potentiel de revenus.<\/p>\n<p>&#8212;<\/p>\n<p>Principales caract\u00e9ristiques de la Chambre t\u00e9lescopique Sunshine<\/p>\n<p>\u2022 toit r\u00e9tractable: permet un r\u00e9glage facile entre les configurations ouverte et ferm\u00e9e.<br \/>\n\u2022 mat\u00e9riau durable: fabriqu\u00e9 avec des mat\u00e9riaux r\u00e9sistants aux intemp\u00e9ries de haute qualit\u00e9 pour assurer la dur\u00e9e de vie.<br \/>\n\u2022 Efficacit\u00e9 \u00e9nerg\u00e9tique: fournit une isolation thermique lorsqu'il est \u00e9teint, r\u00e9duisant le besoin de chauffage ou de refroidissement suppl\u00e9mentaire.<br \/>\n\u2022 Conception sur mesure: adapt\u00e9e \u00e0 la disposition et aux exigences esth\u00e9tiques du restaurant.<\/p>\n<p>&#8212;<\/p>\n<p>Impact du projet: l'installation de la salle de soleil r\u00e9tractable a transform\u00e9 le restaurant en plein air du Groupe tycon en un lieu de restauration polyvalent et ouvert 24h \/ 24 et 7j \/ 7. Non seulement il r\u00e9sout les contraintes d'espace, mais il am\u00e9liore \u00e9galement l'exp\u00e9rience globale du visiteur en combinant la fonctionnalit\u00e9 avec la beaut\u00e9 naturelle de la r\u00e9gion pittoresque de Jingshan. Ce projet incarne l\u2019engagement du Groupe tycon en faveur de l\u2019innovation, du d\u00e9veloppement durable et de la satisfaction de ses clients.<\/p>\n<p>&#8212;<\/p>\n<p>Conclusion le projet de sunroom r\u00e9tractable du Groupe Taikang dans le quartier pittoresque de Jingshan \u00e0 Hangzhou t\u00e9moigne de l'esprit d'avant - garde de l'entreprise et de son engagement \u00e0 cr\u00e9er des espaces exceptionnels. En combinant praticit\u00e9 et attrait esth\u00e9tique, cette installation \u00e9tablit une nouvelle norme en mati\u00e8re d'exp\u00e9rience culinaire en plein air. Que ce soit pour d\u00eener sous le ciel ouvert ou \u00e0 l'abri du vent et de la pluie, les clients peuvent maintenant profiter pleinement du cadre magnifique tout en d\u00e9gustant la cuisine du restaurant. Ce projet est un brillant exemple de la fa\u00e7on dont le design innovant peut vivre en harmonie avec la nature et cr\u00e9er des exp\u00e9riences inoubliables.<\/p>\n<p style=\"text-align: right\"><strong>            <\/div>\n        <\/div>\n        <\/strong><\/p>","protected":false},"excerpt":{"rendered":"<p>Project Introduction: Retractable Sunroom Installation at Taikang Group\u2019s Outdoor Restaurant in Hangzhou\u2019s Jingshan Scenic Area Taikang Group, a Fortune 500 company renowned for its innovation and commitment to quality, has recently completed an exciting project at its outdoor restaurant located in the picturesque Jingshan Scenic Area of Hangzhou. To address the challenge of limited indoor [&hellip;]<\/p>\n","protected":false},"featured_media":5455,"template":"","meta":[],"product_brand":[],"product_cat":[42,40,44,39],"product_tag":[],"class_list":{"0":"post-5446","1":"product","2":"type-product","3":"status-publish","4":"has-post-thumbnail","6":"product_cat-hotel","7":"product_cat-restaurant-cafe","8":"product_cat-scenic-spots-resort","9":"product_cat-solutions","11":"first","12":"instock","13":"shipping-taxable","14":"product-type-simple"},"yoast_head":"<!-- This site is optimized with the Yoast SEO plugin v27.3 - https:\/\/yoast.com\/product\/yoast-seo-wordpress\/ -->\n<title>Outdoor Restaurant In The Scenic Area Can Be Retractable Sunroom - Sunrim<\/title>\n<meta name=\"robots\" content=\"index, follow, max-snippet:-1, max-image-preview:large, max-video-preview:-1\" \/>\n<link rel=\"canonical\" href=\"https:\/\/www.sunrim.com\/fr\/produit\/outdoor-restaurant-in-the-scenic-area-can-be-retractable-sunroom\/\" \/>\n<meta property=\"og:locale\" content=\"fr_FR\" \/>\n<meta property=\"og:type\" content=\"article\" \/>\n<meta property=\"og:title\" content=\"Outdoor Restaurant In The Scenic Area Can Be Retractable Sunroom - Sunrim\" \/>\n<meta property=\"og:description\" content=\"Project Introduction: Retractable Sunroom Installation at Taikang Group\u2019s Outdoor Restaurant in Hangzhou\u2019s Jingshan Scenic Area Taikang Group, a Fortune 500 company renowned for its innovation and commitment to quality, has recently completed an exciting project at its outdoor restaurant located in the picturesque Jingshan Scenic Area of Hangzhou. To address the challenge of limited indoor [&hellip;]\" \/>\n<meta property=\"og:url\" content=\"https:\/\/www.sunrim.com\/fr\/produit\/outdoor-restaurant-in-the-scenic-area-can-be-retractable-sunroom\/\" \/>\n<meta property=\"og:site_name\" content=\"Sunrim\" \/>\n<meta property=\"article:modified_time\" content=\"2026-01-12T04:24:53+00:00\" \/>\n<meta property=\"og:image\" content=\"https:\/\/www.sunrim.com\/wp-content\/uploads\/2025\/03\/da63491fc6f54eea8c57db0d4a3302d3.jpeg\" \/>\n\t<meta property=\"og:image:width\" content=\"600\" \/>\n\t<meta property=\"og:image:height\" content=\"450\" \/>\n\t<meta property=\"og:image:type\" content=\"image\/jpeg\" \/>\n<meta name=\"twitter:card\" content=\"summary_large_image\" \/>\n<meta name=\"twitter:label1\" content=\"Dur\u00e9e de lecture estim\u00e9e\" \/>\n\t<meta name=\"twitter:data1\" content=\"4 minutes\" \/>\n<script type=\"application\/ld+json\" class=\"yoast-schema-graph\">{\"@context\":\"https:\\\/\\\/schema.org\",\"@graph\":[{\"@type\":\"WebPage\",\"@id\":\"https:\\\/\\\/www.sunrim.com\\\/product\\\/outdoor-restaurant-in-the-scenic-area-can-be-retractable-sunroom\\\/\",\"url\":\"https:\\\/\\\/www.sunrim.com\\\/product\\\/outdoor-restaurant-in-the-scenic-area-can-be-retractable-sunroom\\\/\",\"name\":\"Outdoor Restaurant In The Scenic Area Can Be Retractable Sunroom - Sunrim\",\"isPartOf\":{\"@id\":\"https:\\\/\\\/www.sunrim.com\\\/#website\"},\"primaryImageOfPage\":{\"@id\":\"https:\\\/\\\/www.sunrim.com\\\/product\\\/outdoor-restaurant-in-the-scenic-area-can-be-retractable-sunroom\\\/#primaryimage\"},\"image\":{\"@id\":\"https:\\\/\\\/www.sunrim.com\\\/product\\\/outdoor-restaurant-in-the-scenic-area-can-be-retractable-sunroom\\\/#primaryimage\"},\"thumbnailUrl\":\"https:\\\/\\\/www.sunrim.com\\\/wp-content\\\/uploads\\\/2025\\\/03\\\/da63491fc6f54eea8c57db0d4a3302d3.jpeg\",\"datePublished\":\"2025-03-07T09:02:10+00:00\",\"dateModified\":\"2026-01-12T04:24:53+00:00\",\"breadcrumb\":{\"@id\":\"https:\\\/\\\/www.sunrim.com\\\/product\\\/outdoor-restaurant-in-the-scenic-area-can-be-retractable-sunroom\\\/#breadcrumb\"},\"inLanguage\":\"fr-FR\",\"potentialAction\":[{\"@type\":\"ReadAction\",\"target\":[\"https:\\\/\\\/www.sunrim.com\\\/product\\\/outdoor-restaurant-in-the-scenic-area-can-be-retractable-sunroom\\\/\"]}]},{\"@type\":\"ImageObject\",\"inLanguage\":\"fr-FR\",\"@id\":\"https:\\\/\\\/www.sunrim.com\\\/product\\\/outdoor-restaurant-in-the-scenic-area-can-be-retractable-sunroom\\\/#primaryimage\",\"url\":\"https:\\\/\\\/www.sunrim.com\\\/wp-content\\\/uploads\\\/2025\\\/03\\\/da63491fc6f54eea8c57db0d4a3302d3.jpeg\",\"contentUrl\":\"https:\\\/\\\/www.sunrim.com\\\/wp-content\\\/uploads\\\/2025\\\/03\\\/da63491fc6f54eea8c57db0d4a3302d3.jpeg\",\"width\":600,\"height\":450},{\"@type\":\"BreadcrumbList\",\"@id\":\"https:\\\/\\\/www.sunrim.com\\\/product\\\/outdoor-restaurant-in-the-scenic-area-can-be-retractable-sunroom\\\/#breadcrumb\",\"itemListElement\":[{\"@type\":\"ListItem\",\"position\":1,\"name\":\"Home\",\"item\":\"https:\\\/\\\/www.sunrim.com\\\/\"},{\"@type\":\"ListItem\",\"position\":2,\"name\":\"Products\",\"item\":\"https:\\\/\\\/www.sunrim.com\\\/shop\\\/\"},{\"@type\":\"ListItem\",\"position\":3,\"name\":\"Outdoor Restaurant In The Scenic Area Can Be Retractable Sunroom\"}]},{\"@type\":\"WebSite\",\"@id\":\"https:\\\/\\\/www.sunrim.com\\\/#website\",\"url\":\"https:\\\/\\\/www.sunrim.com\\\/\",\"name\":\"Sunrim\",\"description\":\"Retractable Sunroom &amp; Roofs\",\"publisher\":{\"@id\":\"https:\\\/\\\/www.sunrim.com\\\/#organization\"},\"potentialAction\":[{\"@type\":\"SearchAction\",\"target\":{\"@type\":\"EntryPoint\",\"urlTemplate\":\"https:\\\/\\\/www.sunrim.com\\\/?s={search_term_string}\"},\"query-input\":{\"@type\":\"PropertyValueSpecification\",\"valueRequired\":true,\"valueName\":\"search_term_string\"}}],\"inLanguage\":\"fr-FR\"},{\"@type\":\"Organization\",\"@id\":\"https:\\\/\\\/www.sunrim.com\\\/#organization\",\"name\":\"Sunrim\",\"url\":\"https:\\\/\\\/www.sunrim.com\\\/\",\"logo\":{\"@type\":\"ImageObject\",\"inLanguage\":\"fr-FR\",\"@id\":\"https:\\\/\\\/www.sunrim.com\\\/#\\\/schema\\\/logo\\\/image\\\/\",\"url\":\"https:\\\/\\\/www.sunrim.com\\\/wp-content\\\/uploads\\\/2025\\\/11\\\/logo.png\",\"contentUrl\":\"https:\\\/\\\/www.sunrim.com\\\/wp-content\\\/uploads\\\/2025\\\/11\\\/logo.png\",\"width\":989,\"height\":222,\"caption\":\"Sunrim\"},\"image\":{\"@id\":\"https:\\\/\\\/www.sunrim.com\\\/#\\\/schema\\\/logo\\\/image\\\/\"}}]}<\/script>\n<!-- \/ Yoast SEO plugin. -->","yoast_head_json":{"title":"Outdoor Restaurant In The Scenic Area Can Be Retractable Sunroom - Sunrim","robots":{"index":"index","follow":"follow","max-snippet":"max-snippet:-1","max-image-preview":"max-image-preview:large","max-video-preview":"max-video-preview:-1"},"canonical":"https:\/\/www.sunrim.com\/fr\/produit\/outdoor-restaurant-in-the-scenic-area-can-be-retractable-sunroom\/","og_locale":"fr_FR","og_type":"article","og_title":"Outdoor Restaurant In The Scenic Area Can Be Retractable Sunroom - Sunrim","og_description":"Project Introduction: Retractable Sunroom Installation at Taikang Group\u2019s Outdoor Restaurant in Hangzhou\u2019s Jingshan Scenic Area Taikang Group, a Fortune 500 company renowned for its innovation and commitment to quality, has recently completed an exciting project at its outdoor restaurant located in the picturesque Jingshan Scenic Area of Hangzhou. To address the challenge of limited indoor [&hellip;]","og_url":"https:\/\/www.sunrim.com\/fr\/produit\/outdoor-restaurant-in-the-scenic-area-can-be-retractable-sunroom\/","og_site_name":"Sunrim","article_modified_time":"2026-01-12T04:24:53+00:00","og_image":[{"width":600,"height":450,"url":"https:\/\/www.sunrim.com\/wp-content\/uploads\/2025\/03\/da63491fc6f54eea8c57db0d4a3302d3.jpeg","type":"image\/jpeg"}],"twitter_card":"summary_large_image","twitter_misc":{"Dur\u00e9e de lecture estim\u00e9e":"4 minutes"},"schema":{"@context":"https:\/\/schema.org","@graph":[{"@type":"WebPage","@id":"https:\/\/www.sunrim.com\/product\/outdoor-restaurant-in-the-scenic-area-can-be-retractable-sunroom\/","url":"https:\/\/www.sunrim.com\/product\/outdoor-restaurant-in-the-scenic-area-can-be-retractable-sunroom\/","name":"Outdoor Restaurant In The Scenic Area Can Be Retractable Sunroom - Sunrim","isPartOf":{"@id":"https:\/\/www.sunrim.com\/#website"},"primaryImageOfPage":{"@id":"https:\/\/www.sunrim.com\/product\/outdoor-restaurant-in-the-scenic-area-can-be-retractable-sunroom\/#primaryimage"},"image":{"@id":"https:\/\/www.sunrim.com\/product\/outdoor-restaurant-in-the-scenic-area-can-be-retractable-sunroom\/#primaryimage"},"thumbnailUrl":"https:\/\/www.sunrim.com\/wp-content\/uploads\/2025\/03\/da63491fc6f54eea8c57db0d4a3302d3.jpeg","datePublished":"2025-03-07T09:02:10+00:00","dateModified":"2026-01-12T04:24:53+00:00","breadcrumb":{"@id":"https:\/\/www.sunrim.com\/product\/outdoor-restaurant-in-the-scenic-area-can-be-retractable-sunroom\/#breadcrumb"},"inLanguage":"fr-FR","potentialAction":[{"@type":"ReadAction","target":["https:\/\/www.sunrim.com\/product\/outdoor-restaurant-in-the-scenic-area-can-be-retractable-sunroom\/"]}]},{"@type":"ImageObject","inLanguage":"fr-FR","@id":"https:\/\/www.sunrim.com\/product\/outdoor-restaurant-in-the-scenic-area-can-be-retractable-sunroom\/#primaryimage","url":"https:\/\/www.sunrim.com\/wp-content\/uploads\/2025\/03\/da63491fc6f54eea8c57db0d4a3302d3.jpeg","contentUrl":"https:\/\/www.sunrim.com\/wp-content\/uploads\/2025\/03\/da63491fc6f54eea8c57db0d4a3302d3.jpeg","width":600,"height":450},{"@type":"BreadcrumbList","@id":"https:\/\/www.sunrim.com\/product\/outdoor-restaurant-in-the-scenic-area-can-be-retractable-sunroom\/#breadcrumb","itemListElement":[{"@type":"ListItem","position":1,"name":"Home","item":"https:\/\/www.sunrim.com\/"},{"@type":"ListItem","position":2,"name":"Products","item":"https:\/\/www.sunrim.com\/shop\/"},{"@type":"ListItem","position":3,"name":"Outdoor Restaurant In The Scenic Area Can Be Retractable Sunroom"}]},{"@type":"WebSite","@id":"https:\/\/www.sunrim.com\/#website","url":"https:\/\/www.sunrim.com\/","name":"Sunrim","description":"Retractable Sunroom &amp; Roofs","publisher":{"@id":"https:\/\/www.sunrim.com\/#organization"},"potentialAction":[{"@type":"SearchAction","target":{"@type":"EntryPoint","urlTemplate":"https:\/\/www.sunrim.com\/?s={search_term_string}"},"query-input":{"@type":"PropertyValueSpecification","valueRequired":true,"valueName":"search_term_string"}}],"inLanguage":"fr-FR"},{"@type":"Organization","@id":"https:\/\/www.sunrim.com\/#organization","name":"Sunrim","url":"https:\/\/www.sunrim.com\/","logo":{"@type":"ImageObject","inLanguage":"fr-FR","@id":"https:\/\/www.sunrim.com\/#\/schema\/logo\/image\/","url":"https:\/\/www.sunrim.com\/wp-content\/uploads\/2025\/11\/logo.png","contentUrl":"https:\/\/www.sunrim.com\/wp-content\/uploads\/2025\/11\/logo.png","width":989,"height":222,"caption":"Sunrim"},"image":{"@id":"https:\/\/www.sunrim.com\/#\/schema\/logo\/image\/"}}]}},"_links":{"self":[{"href":"https:\/\/www.sunrim.com\/fr\/wp-json\/wp\/v2\/product\/5446","targetHints":{"allow":["GET"]}}],"collection":[{"href":"https:\/\/www.sunrim.com\/fr\/wp-json\/wp\/v2\/product"}],"about":[{"href":"https:\/\/www.sunrim.com\/fr\/wp-json\/wp\/v2\/types\/product"}],"wp:featuredmedia":[{"embeddable":true,"href":"https:\/\/www.sunrim.com\/fr\/wp-json\/wp\/v2\/media\/5455"}],"wp:attachment":[{"href":"https:\/\/www.sunrim.com\/fr\/wp-json\/wp\/v2\/media?parent=5446"}],"wp:term":[{"taxonomy":"product_brand","embeddable":true,"href":"https:\/\/www.sunrim.com\/fr\/wp-json\/wp\/v2\/product_brand?post=5446"},{"taxonomy":"product_cat","embeddable":true,"href":"https:\/\/www.sunrim.com\/fr\/wp-json\/wp\/v2\/product_cat?post=5446"},{"taxonomy":"product_tag","embeddable":true,"href":"https:\/\/www.sunrim.com\/fr\/wp-json\/wp\/v2\/product_tag?post=5446"}],"curies":[{"name":"wp","href":"https:\/\/api.w.org\/{rel}","templated":true}]}}