{"id":5468,"date":"2025-03-11T07:46:58","date_gmt":"2025-03-11T07:46:58","guid":{"rendered":"http:\/\/bingkunc8.sg-host.com\/?post_type=product&#038;p=5468"},"modified":"2026-03-31T13:58:13","modified_gmt":"2026-03-31T13:58:13","slug":"hotel-outdoor-wedding-restaurant-retractable-sunroom","status":"publish","type":"product","link":"https:\/\/www.sunrim.com\/fr\/product\/hotel-outdoor-wedding-restaurant-retractable-sunroom\/","title":{"rendered":"H\u00f4tel ext\u00e9rieur mariage Restaurant r\u00e9tractable sunroom"},"content":{"rendered":"<p><iframe title=\"Hotel Outdoor Wedding Restaurant Retractable Sunroom, Retractable Enclosures, Montigo Resort Nongsa\" width=\"1290\" height=\"726\" src=\"https:\/\/www.youtube.com\/embed\/WvQ7M3tWmF8?feature=oembed\" frameborder=\"0\" allow=\"accelerometer; autoplay; clipboard-write; encrypted-media; gyroscope; picture-in-picture; web-share\" referrerpolicy=\"strict-origin-when-cross-origin\" allowfullscreen><\/iframe><\/p>\n<p>* * Pr\u00e9sentation du projet: installation de solarium t\u00e9lescopique \u00e9lectrique sunrim \u00e0 montigo Resort, Batam, Indon\u00e9sie * *<\/p>\n<p style=\"text-align: right;\"><strong>\u00a0        <div class=\"rmwr-wrapper\" \n             data-id=\"rmwr-69f5460c37cb6\"\n             data-mode=\"normal\"\n             data-animation=\"fade\"\n             data-duration=\"300\"\n             data-smooth-scroll=\"true\"\n             data-scroll-offset=\"0\">\n            <button \n                type=\"button\"\n                class=\"read-link\" \n                id=\"readlinkrmwr-69f5460c37cb6\"\n                data-open-text=\"Read More\"\n                data-close-text=\"Read Less\"\n                aria-expanded=\"false\"\n                aria-controls=\"readrmwr-69f5460c37cb6\"\n                aria-label=\"Lire plus\"\n            >\n                <span class=\"rmwr-text\">Lire plus<\/span>\n            <\/button>\n            <div \n                class=\"read_div\" \n                id=\"readrmwr-69f5460c37cb6\"\n                aria-hidden=\"true\"\n                data-animation=\"fade\"\n                data-duration=\"300\"\n                style=\"display: none;\"\n            >\n                <\/strong><\/p>\n<p>Montigo Resort est une destination baln\u00e9aire de luxe sur la charmante \u00eele indon\u00e9sienne de Batam, connue pour ses vastes plages de sable fin, ses vues imprenables sur la mer et son hospitalit\u00e9 de classe mondiale. Cependant, \u00e0 mesure que le nombre de visiteurs augmente rapidement, les installations ext\u00e9rieures du complexe subissent une pression croissante qui affecte l'exp\u00e9rience globale des clients. Pour relever ces d\u00e9fis et am\u00e9liorer le niveau de service de la station, le si\u00e8ge social de montigo Resorts Singapore a cherch\u00e9 une solution dans le monde entier qui am\u00e9liore le confort de ses clients tout en augmentant la polyvalence des espaces ext\u00e9rieurs. Apr\u00e8s une \u00e9valuation compl\u00e8te, ils ont choisi le fabricant leader de cabines solaires t\u00e9lescopiques \u00e9lectriques ext\u00e9rieures * * sunrim * * pour mettre en \u0153uvre un projet de transformation.<\/p>\n<p>&#8212;<\/p>\n<p>Contexte du projet * *: le vaste front de mer de montigo Resort est l\u2019une de ses caract\u00e9ristiques les plus attrayantes, attirant des visiteurs du monde entier. Cependant, le nombre croissant de touristes submerge les installations ext\u00e9rieures existantes de la station, en particulier en haute saison ou dans des conditions m\u00e9t\u00e9orologiques d\u00e9favorables. En outre, le Resort a essay\u00e9 d'\u00e9tendre ses fonctionnalit\u00e9s pour accueillir des mariages, des r\u00e9unions et des f\u00eates en plein air, ce qui n\u00e9cessite une solution flexible et esth\u00e9tique. L'objectif est de cr\u00e9er un espace polyvalent, 24 \/ 7, qui peut accueillir plus d'invit\u00e9s tout en conservant la beaut\u00e9 naturelle du Front de mer.<\/p>\n<p>&#8212;<\/p>\n<p>Solution: solarium t\u00e9lescopique \u00e9lectrique * * de sunrim: apr\u00e8s une recherche mondiale, montigo Resort a choisi * * sunrim * * pour son expertise dans la conception et la fabrication de structures ext\u00e9rieures innovantes et de haute qualit\u00e9. Id\u00e9al, le solarium r\u00e9tractable \u00e9lectrique de sunrim offre un m\u00e9lange parfait de fonctionnalit\u00e9, de durabilit\u00e9 et d'attrait esth\u00e9tique. Voici pourquoi sunrim se d\u00e9marque:<\/p>\n<p>1. * * polyvalence multifonctionnelle * *: sunrim's sunroom est con\u00e7u pour une vari\u00e9t\u00e9 d'utilisations, y compris l'Organisation de mariages, de conf\u00e9rences, de f\u00eates et de rassemblements d'invit\u00e9s occasionnels. Les espaces flexibles peuvent facilement \u00eatre adapt\u00e9s aux diff\u00e9rents besoins de la station.<\/p>\n<p>2. * * m\u00e9canisme de r\u00e9traction \u00e9lectrique * *: la Chambre ensoleill\u00e9e adopte un syst\u00e8me de r\u00e9traction \u00e9lectrique avanc\u00e9 qui peut facilement ouvrir ou fermer le toit en appuyant simplement sur un bouton. Cette adaptabilit\u00e9 permet aux clients de profiter du ciel ouvert par beau temps ou de se r\u00e9fugier sous la pluie ou le soleil intense.<\/p>\n<p>3. * * Design personnalisable * *: sunrim a cr\u00e9\u00e9 des chambres ensoleill\u00e9es sur mesure pour l'esth\u00e9tique luxueuse du montigo Resort. Son attrait visuel est renforc\u00e9 par un design \u00e9l\u00e9gant et moderne qui se marie parfaitement avec l'ambiance baln\u00e9aire du complexe.<\/p>\n<p>4. * * mat\u00e9riaux durables et r\u00e9sistants aux intemp\u00e9ries * *: les chambres ensoleill\u00e9es sont construites avec des mat\u00e9riaux r\u00e9sistants aux intemp\u00e9ries de haute qualit\u00e9 pour r\u00e9sister au climat tropical de Batam, y compris le soleil intense, les fortes pluies et la brise marine sal\u00e9e.<\/p>\n<p>5. * * am\u00e9liorez l'exp\u00e9rience des clients * *: en offrant plus d'ombre et d'espace ombrag\u00e9, les chambres ensoleill\u00e9es am\u00e9liorent consid\u00e9rablement le confort des clients. Quel que soit le temps, les visiteurs peuvent se d\u00e9tendre, manger ou participer \u00e0 des activit\u00e9s dans un cadre confortable.<\/p>\n<p>6. * * installation rapide et perturbations minimales * *: le processus d'installation efficace de sunrim garantit que les projets sont achev\u00e9s avec un minimum de perturbations dans les op\u00e9rations de la station, permettant \u00e0 montigo Resort d'am\u00e9liorer rapidement ses installations et d'accueillir plus de clients.<\/p>\n<p>&#8212;<\/p>\n<p>Caract\u00e9ristiques principales - sunrim Electric telescopic sunroom<\/p>\n<p>\u2013 * * spacieux et flexible: * * beaucoup d'espace pour les mariages, les r\u00e9unions, les f\u00eates et les rassemblements occasionnels.<\/p>\n<p>\u2013 * * \u00c9conomie d\u2019\u00e9nergie: * * r\u00e9duit le besoin de refroidissement artificiel en permettant une ventilation naturelle.<\/p>\n<p>Attrait esth\u00e9tique: am\u00e9liorer l'attrait visuel du Resort avec un design \u00e9l\u00e9gant et moderne.<\/p>\n<p>\u2013 * * faible entretien: * * fabriqu\u00e9 avec des mat\u00e9riaux durables qui n\u00e9cessitent un minimum d\u2019entretien.<\/p>\n<p>\u2013 * * fonctionnalit\u00e9 24 \/ 7: * * assure le confort et la disponibilit\u00e9 dans toutes les conditions m\u00e9t\u00e9orologiques.<\/p>\n<p>&#8212;<\/p>\n<p>## **Impact du projet**<\/p>\n<p>L'installation de la salle de soleil r\u00e9tractable \u00e9lectrique de sunrim a transform\u00e9 le Front de mer du montigo resort en un espace polyvalent et ouvert 24h \/ 24, am\u00e9liorant l'exp\u00e9rience des clients et \u00e9largissant les capacit\u00e9s du complexe. Qu'il s'agisse de se d\u00e9tendre, d'assister \u00e0 un mariage ou d'assister \u00e0 une r\u00e9union, les clients peuvent d\u00e9sormais profiter confortablement de la vue magnifique sur la plage. Le projet a \u00e9galement soulag\u00e9 la pression sur les installations existantes de la station, ce qui lui a permis d'accueillir plus de visiteurs sans compromettre la qualit\u00e9 ou le confort. Cette initiative refl\u00e8te l'engagement de montigo Resort envers l'innovation, le luxe et la satisfaction des clients. En s'associant \u00e0 sunrim, le Resort \u00e9tablit une nouvelle norme en mati\u00e8re de design h\u00f4telier en plein air, garantissant qu'il reste une destination de choix \u00e0 Batam.<\/p>\n<p>&#8212;<\/p>\n<p>Conclusion * *<\/p>\n<p>Montigo Resort s'est associ\u00e9 \u00e0 sunrim pour l'installation de solarium r\u00e9tractables \u00e9lectriques, ce qui t\u00e9moigne de la recherche de l'excellence et de la vision de la station pour l'avenir. Le projet a non seulement r\u00e9solu les d\u00e9fis pos\u00e9s par l'augmentation du nombre de visiteurs, mais a \u00e9galement am\u00e9lior\u00e9 la fonctionnalit\u00e9 et l'attrait de la station. Gr\u00e2ce \u00e0 la technologie de pointe de sunrim et \u00e0 l'engagement de montigo Resort envers le luxe, ce partenariat cr\u00e9e une exp\u00e9rience vraiment inoubliable pour les clients, renfor\u00e7ant la r\u00e9putation du complexe en tant que destination de choix pour les mariages, les \u00e9v\u00e9nements et les loisirs \u00e0 Batam.<\/p>\n<p style=\"text-align: right\"><strong>            <\/div>\n        <\/div>\n        <\/strong><\/p>","protected":false},"excerpt":{"rendered":"<p>* * Pr\u00e9sentation du projet: installation de solarium t\u00e9lescopique \u00e9lectrique sunrim \u00e0 montigo Resort, Batam, Indon\u00e9sie * * \u00a0<\/p>","protected":false},"featured_media":5469,"template":"","meta":[],"product_brand":[],"product_cat":[41,42,40,44,45,39,46],"product_tag":[],"class_list":{"0":"post-5468","1":"product","2":"type-product","3":"status-publish","4":"has-post-thumbnail","6":"product_cat-fitness-sports","7":"product_cat-hotel","8":"product_cat-restaurant-cafe","9":"product_cat-scenic-spots-resort","10":"product_cat-shopping-malls","11":"product_cat-solutions","12":"product_cat-wedding","14":"first","15":"instock","16":"downloadable","17":"shipping-taxable","18":"product-type-simple"},"yoast_head":"<!-- This site is optimized with the Yoast SEO plugin v27.3 - https:\/\/yoast.com\/product\/yoast-seo-wordpress\/ -->\n<title>Hotel Outdoor Wedding Restaurant Retractable Sunroom - Sunrim<\/title>\n<meta name=\"robots\" content=\"index, follow, max-snippet:-1, max-image-preview:large, max-video-preview:-1\" \/>\n<link rel=\"canonical\" href=\"https:\/\/www.sunrim.com\/fr\/produit\/hotel-outdoor-wedding-restaurant-retractable-sunroom\/\" \/>\n<meta property=\"og:locale\" content=\"fr_FR\" \/>\n<meta property=\"og:type\" content=\"article\" \/>\n<meta property=\"og:title\" content=\"Hotel Outdoor Wedding Restaurant Retractable Sunroom - Sunrim\" \/>\n<meta property=\"og:description\" content=\"Project Introduction: Sunrim\u2019s Electric Retractable Sunroom Installation at Montigo Resort, Batam Island, Indonesia \u00a0\" \/>\n<meta property=\"og:url\" content=\"https:\/\/www.sunrim.com\/fr\/produit\/hotel-outdoor-wedding-restaurant-retractable-sunroom\/\" \/>\n<meta property=\"og:site_name\" content=\"Sunrim\" \/>\n<meta property=\"article:modified_time\" content=\"2026-03-31T13:58:13+00:00\" \/>\n<meta property=\"og:image\" content=\"https:\/\/www.sunrim.com\/wp-content\/uploads\/2025\/03\/M.jpg\" \/>\n\t<meta property=\"og:image:width\" content=\"600\" \/>\n\t<meta property=\"og:image:height\" content=\"450\" \/>\n\t<meta property=\"og:image:type\" content=\"image\/jpeg\" \/>\n<meta name=\"twitter:card\" content=\"summary_large_image\" \/>\n<meta name=\"twitter:label1\" content=\"Dur\u00e9e de lecture estim\u00e9e\" \/>\n\t<meta name=\"twitter:data1\" content=\"5 minutes\" \/>\n<script type=\"application\/ld+json\" class=\"yoast-schema-graph\">{\"@context\":\"https:\\\/\\\/schema.org\",\"@graph\":[{\"@type\":\"WebPage\",\"@id\":\"https:\\\/\\\/www.sunrim.com\\\/product\\\/hotel-outdoor-wedding-restaurant-retractable-sunroom\\\/\",\"url\":\"https:\\\/\\\/www.sunrim.com\\\/product\\\/hotel-outdoor-wedding-restaurant-retractable-sunroom\\\/\",\"name\":\"Hotel Outdoor Wedding Restaurant Retractable Sunroom - Sunrim\",\"isPartOf\":{\"@id\":\"https:\\\/\\\/www.sunrim.com\\\/#website\"},\"primaryImageOfPage\":{\"@id\":\"https:\\\/\\\/www.sunrim.com\\\/product\\\/hotel-outdoor-wedding-restaurant-retractable-sunroom\\\/#primaryimage\"},\"image\":{\"@id\":\"https:\\\/\\\/www.sunrim.com\\\/product\\\/hotel-outdoor-wedding-restaurant-retractable-sunroom\\\/#primaryimage\"},\"thumbnailUrl\":\"https:\\\/\\\/www.sunrim.com\\\/wp-content\\\/uploads\\\/2025\\\/03\\\/M.jpg\",\"datePublished\":\"2025-03-11T07:46:58+00:00\",\"dateModified\":\"2026-03-31T13:58:13+00:00\",\"breadcrumb\":{\"@id\":\"https:\\\/\\\/www.sunrim.com\\\/product\\\/hotel-outdoor-wedding-restaurant-retractable-sunroom\\\/#breadcrumb\"},\"inLanguage\":\"fr-FR\",\"potentialAction\":[{\"@type\":\"ReadAction\",\"target\":[\"https:\\\/\\\/www.sunrim.com\\\/product\\\/hotel-outdoor-wedding-restaurant-retractable-sunroom\\\/\"]}]},{\"@type\":\"ImageObject\",\"inLanguage\":\"fr-FR\",\"@id\":\"https:\\\/\\\/www.sunrim.com\\\/product\\\/hotel-outdoor-wedding-restaurant-retractable-sunroom\\\/#primaryimage\",\"url\":\"https:\\\/\\\/www.sunrim.com\\\/wp-content\\\/uploads\\\/2025\\\/03\\\/M.jpg\",\"contentUrl\":\"https:\\\/\\\/www.sunrim.com\\\/wp-content\\\/uploads\\\/2025\\\/03\\\/M.jpg\",\"width\":600,\"height\":450},{\"@type\":\"BreadcrumbList\",\"@id\":\"https:\\\/\\\/www.sunrim.com\\\/product\\\/hotel-outdoor-wedding-restaurant-retractable-sunroom\\\/#breadcrumb\",\"itemListElement\":[{\"@type\":\"ListItem\",\"position\":1,\"name\":\"Home\",\"item\":\"https:\\\/\\\/www.sunrim.com\\\/\"},{\"@type\":\"ListItem\",\"position\":2,\"name\":\"Products\",\"item\":\"https:\\\/\\\/www.sunrim.com\\\/shop\\\/\"},{\"@type\":\"ListItem\",\"position\":3,\"name\":\"Hotel Outdoor Wedding Restaurant Retractable Sunroom\"}]},{\"@type\":\"WebSite\",\"@id\":\"https:\\\/\\\/www.sunrim.com\\\/#website\",\"url\":\"https:\\\/\\\/www.sunrim.com\\\/\",\"name\":\"Sunrim\",\"description\":\"Retractable Sunroom &amp; Roofs\",\"publisher\":{\"@id\":\"https:\\\/\\\/www.sunrim.com\\\/#organization\"},\"potentialAction\":[{\"@type\":\"SearchAction\",\"target\":{\"@type\":\"EntryPoint\",\"urlTemplate\":\"https:\\\/\\\/www.sunrim.com\\\/?s={search_term_string}\"},\"query-input\":{\"@type\":\"PropertyValueSpecification\",\"valueRequired\":true,\"valueName\":\"search_term_string\"}}],\"inLanguage\":\"fr-FR\"},{\"@type\":\"Organization\",\"@id\":\"https:\\\/\\\/www.sunrim.com\\\/#organization\",\"name\":\"Sunrim\",\"url\":\"https:\\\/\\\/www.sunrim.com\\\/\",\"logo\":{\"@type\":\"ImageObject\",\"inLanguage\":\"fr-FR\",\"@id\":\"https:\\\/\\\/www.sunrim.com\\\/#\\\/schema\\\/logo\\\/image\\\/\",\"url\":\"https:\\\/\\\/www.sunrim.com\\\/wp-content\\\/uploads\\\/2025\\\/11\\\/logo.png\",\"contentUrl\":\"https:\\\/\\\/www.sunrim.com\\\/wp-content\\\/uploads\\\/2025\\\/11\\\/logo.png\",\"width\":989,\"height\":222,\"caption\":\"Sunrim\"},\"image\":{\"@id\":\"https:\\\/\\\/www.sunrim.com\\\/#\\\/schema\\\/logo\\\/image\\\/\"}}]}<\/script>\n<!-- \/ Yoast SEO plugin. -->","yoast_head_json":{"title":"Hotel Outdoor Wedding Restaurant Retractable Sunroom - Sunrim","robots":{"index":"index","follow":"follow","max-snippet":"max-snippet:-1","max-image-preview":"max-image-preview:large","max-video-preview":"max-video-preview:-1"},"canonical":"https:\/\/www.sunrim.com\/fr\/produit\/hotel-outdoor-wedding-restaurant-retractable-sunroom\/","og_locale":"fr_FR","og_type":"article","og_title":"Hotel Outdoor Wedding Restaurant Retractable Sunroom - Sunrim","og_description":"Project Introduction: Sunrim\u2019s Electric Retractable Sunroom Installation at Montigo Resort, Batam Island, Indonesia \u00a0","og_url":"https:\/\/www.sunrim.com\/fr\/produit\/hotel-outdoor-wedding-restaurant-retractable-sunroom\/","og_site_name":"Sunrim","article_modified_time":"2026-03-31T13:58:13+00:00","og_image":[{"width":600,"height":450,"url":"https:\/\/www.sunrim.com\/wp-content\/uploads\/2025\/03\/M.jpg","type":"image\/jpeg"}],"twitter_card":"summary_large_image","twitter_misc":{"Dur\u00e9e de lecture estim\u00e9e":"5 minutes"},"schema":{"@context":"https:\/\/schema.org","@graph":[{"@type":"WebPage","@id":"https:\/\/www.sunrim.com\/product\/hotel-outdoor-wedding-restaurant-retractable-sunroom\/","url":"https:\/\/www.sunrim.com\/product\/hotel-outdoor-wedding-restaurant-retractable-sunroom\/","name":"Hotel Outdoor Wedding Restaurant Retractable Sunroom - Sunrim","isPartOf":{"@id":"https:\/\/www.sunrim.com\/#website"},"primaryImageOfPage":{"@id":"https:\/\/www.sunrim.com\/product\/hotel-outdoor-wedding-restaurant-retractable-sunroom\/#primaryimage"},"image":{"@id":"https:\/\/www.sunrim.com\/product\/hotel-outdoor-wedding-restaurant-retractable-sunroom\/#primaryimage"},"thumbnailUrl":"https:\/\/www.sunrim.com\/wp-content\/uploads\/2025\/03\/M.jpg","datePublished":"2025-03-11T07:46:58+00:00","dateModified":"2026-03-31T13:58:13+00:00","breadcrumb":{"@id":"https:\/\/www.sunrim.com\/product\/hotel-outdoor-wedding-restaurant-retractable-sunroom\/#breadcrumb"},"inLanguage":"fr-FR","potentialAction":[{"@type":"ReadAction","target":["https:\/\/www.sunrim.com\/product\/hotel-outdoor-wedding-restaurant-retractable-sunroom\/"]}]},{"@type":"ImageObject","inLanguage":"fr-FR","@id":"https:\/\/www.sunrim.com\/product\/hotel-outdoor-wedding-restaurant-retractable-sunroom\/#primaryimage","url":"https:\/\/www.sunrim.com\/wp-content\/uploads\/2025\/03\/M.jpg","contentUrl":"https:\/\/www.sunrim.com\/wp-content\/uploads\/2025\/03\/M.jpg","width":600,"height":450},{"@type":"BreadcrumbList","@id":"https:\/\/www.sunrim.com\/product\/hotel-outdoor-wedding-restaurant-retractable-sunroom\/#breadcrumb","itemListElement":[{"@type":"ListItem","position":1,"name":"Home","item":"https:\/\/www.sunrim.com\/"},{"@type":"ListItem","position":2,"name":"Products","item":"https:\/\/www.sunrim.com\/shop\/"},{"@type":"ListItem","position":3,"name":"Hotel Outdoor Wedding Restaurant Retractable Sunroom"}]},{"@type":"WebSite","@id":"https:\/\/www.sunrim.com\/#website","url":"https:\/\/www.sunrim.com\/","name":"Sunrim","description":"Retractable Sunroom &amp; Roofs","publisher":{"@id":"https:\/\/www.sunrim.com\/#organization"},"potentialAction":[{"@type":"SearchAction","target":{"@type":"EntryPoint","urlTemplate":"https:\/\/www.sunrim.com\/?s={search_term_string}"},"query-input":{"@type":"PropertyValueSpecification","valueRequired":true,"valueName":"search_term_string"}}],"inLanguage":"fr-FR"},{"@type":"Organization","@id":"https:\/\/www.sunrim.com\/#organization","name":"Sunrim","url":"https:\/\/www.sunrim.com\/","logo":{"@type":"ImageObject","inLanguage":"fr-FR","@id":"https:\/\/www.sunrim.com\/#\/schema\/logo\/image\/","url":"https:\/\/www.sunrim.com\/wp-content\/uploads\/2025\/11\/logo.png","contentUrl":"https:\/\/www.sunrim.com\/wp-content\/uploads\/2025\/11\/logo.png","width":989,"height":222,"caption":"Sunrim"},"image":{"@id":"https:\/\/www.sunrim.com\/#\/schema\/logo\/image\/"}}]}},"_links":{"self":[{"href":"https:\/\/www.sunrim.com\/fr\/wp-json\/wp\/v2\/product\/5468","targetHints":{"allow":["GET"]}}],"collection":[{"href":"https:\/\/www.sunrim.com\/fr\/wp-json\/wp\/v2\/product"}],"about":[{"href":"https:\/\/www.sunrim.com\/fr\/wp-json\/wp\/v2\/types\/product"}],"wp:featuredmedia":[{"embeddable":true,"href":"https:\/\/www.sunrim.com\/fr\/wp-json\/wp\/v2\/media\/5469"}],"wp:attachment":[{"href":"https:\/\/www.sunrim.com\/fr\/wp-json\/wp\/v2\/media?parent=5468"}],"wp:term":[{"taxonomy":"product_brand","embeddable":true,"href":"https:\/\/www.sunrim.com\/fr\/wp-json\/wp\/v2\/product_brand?post=5468"},{"taxonomy":"product_cat","embeddable":true,"href":"https:\/\/www.sunrim.com\/fr\/wp-json\/wp\/v2\/product_cat?post=5468"},{"taxonomy":"product_tag","embeddable":true,"href":"https:\/\/www.sunrim.com\/fr\/wp-json\/wp\/v2\/product_tag?post=5468"}],"curies":[{"name":"wp","href":"https:\/\/api.w.org\/{rel}","templated":true}]}}