{"id":5446,"date":"2025-03-07T09:02:10","date_gmt":"2025-03-07T09:02:10","guid":{"rendered":"http:\/\/bingkunc8.sg-host.com\/?post_type=product&#038;p=5446"},"modified":"2026-01-12T04:24:53","modified_gmt":"2026-01-12T04:24:53","slug":"outdoor-restaurant-in-the-scenic-area-can-be-retractable-sunroom","status":"publish","type":"product","link":"https:\/\/www.sunrim.com\/ja\/product\/outdoor-restaurant-in-the-scenic-area-can-be-retractable-sunroom\/","title":{"rendered":"\u89b3\u5149\u5730\u5c4b\u5916\u30ec\u30b9\u30c8\u30e9\u30f3\u4f38\u7e2e\u53ef\u80fd\u30b5\u30f3\u30eb\u30fc\u30e0"},"content":{"rendered":"<p><iframe title=\"The outdoor restaurant in the scenic area can be retractable sunroom\" width=\"1290\" height=\"726\" src=\"https:\/\/www.youtube.com\/embed\/h-eSZlKQCeY?feature=oembed\" frameborder=\"0\" allow=\"accelerometer; autoplay; clipboard-write; encrypted-media; gyroscope; picture-in-picture; web-share\" referrerpolicy=\"strict-origin-when-cross-origin\" allowfullscreen><\/iframe><\/p>\n<p>\u30d7\u30ed\u30b8\u30a7\u30af\u30c8\u7d39\u4ecb\uff1a\u676d\u5dde\u666f\u5c71\u666f\u52dd\u5730\u6cf0\u5eb7\u30b0\u30eb\u30fc\u30d7\u5c4b\u5916\u30ec\u30b9\u30c8\u30e9\u30f3\u4f38\u7e2e\u5f0f\u30b5\u30f3\u30b7\u30e3\u30a4\u30f3\u30eb\u30fc\u30e0\u8a2d\u7f6e<\/p>\n<p>\u6cf0\u5eb7\u30b0\u30eb\u30fc\u30d7\u306f\u9769\u65b0\u3068\u54c1\u8cea\u3078\u306e\u30b3\u30df\u30c3\u30c8\u30e1\u30f3\u30c8\u3067\u6709\u540d\u306a\u30d5\u30a9\u30fc\u30c1\u30e5\u30f3500\u793e\u3067\u3001\u6700\u8fd1\u306f\u7d75\u306e\u3088\u3046\u306a\u98a8\u666f\u306e\u676d\u5dde\u666f\u5c71\u666f\u52dd\u5730\u306e\u30a2\u30a6\u30c8\u30c9\u30a2\u30ec\u30b9\u30c8\u30e9\u30f3\u3067\u30a8\u30ad\u30b5\u30a4\u30c6\u30a3\u30f3\u30b0\u306a\u30d7\u30ed\u30b8\u30a7\u30af\u30c8\u3092\u5b8c\u6210\u3055\u305b\u305f\u3002\u5ba4\u5185\u7a7a\u9593\u306e\u9650\u3089\u308c\u305f\u8ab2\u984c\u306b\u5bfe\u5fdc\u3057\u3001\u98df\u4e8b\u4f53\u9a13\u3092\u5411\u4e0a\u3055\u305b\u308b\u305f\u3081\u306b\u3001\u6cf0\u5eb7\u30b0\u30eb\u30fc\u30d7\u306f\u6700\u5148\u7aef\u306e**\u4f38\u7e2e\u53ef\u80fd\u306a\u30b5\u30f3\u30b7\u30e3\u30a4\u30f3\u30eb\u30fc\u30e0**\u3092\u8a2d\u7f6e\u3057\u305f\u3002\u3053\u306e\u30d7\u30ed\u30b8\u30a7\u30af\u30c8\u306f\u30ec\u30b9\u30c8\u30e9\u30f3\u306e\u6a5f\u80fd\u7684\u306a\u30cb\u30fc\u30ba\u3092\u6e80\u305f\u3059\u3060\u3051\u3067\u306a\u304f\u3001\u5468\u56f2\u306e\u666f\u89b3\u306e\u81ea\u7136\u306e\u7f8e\u3057\u3055\u3082\u88dc\u8db3\u3057\u3066\u3044\u308b\u3002<\/p>\n<p style=\"text-align: right;\"><strong>\u00a0        <div class=\"rmwr-wrapper\" \n             data-id=\"rmwr-69f51914e7d42\"\n             data-mode=\"normal\"\n             data-animation=\"fade\"\n             data-duration=\"300\"\n             data-smooth-scroll=\"true\"\n             data-scroll-offset=\"0\">\n            <button \n                type=\"button\"\n                class=\"read-link\" \n                id=\"readlinkrmwr-69f51914e7d42\"\n                data-open-text=\"Read More\"\n                data-close-text=\"Read Less\"\n                aria-expanded=\"false\"\n                aria-controls=\"readrmwr-69f51914e7d42\"\n                aria-label=\"\u8a73\u7d30\u3092\u8aad\u3080\"\n            >\n                <span class=\"rmwr-text\">\u8a73\u7d30\u3092\u8aad\u3080<\/span>\n            <\/button>\n            <div \n                class=\"read_div\" \n                id=\"readrmwr-69f51914e7d42\"\n                aria-hidden=\"true\"\n                data-animation=\"fade\"\n                data-duration=\"300\"\n                style=\"display: none;\"\n            >\n                <\/strong><\/p>\n<p>\u30d7\u30ed\u30b8\u30a7\u30af\u30c8\u306e\u80cc\u666f\uff1a\u3053\u306e\u30a2\u30a6\u30c8\u30c9\u30a2\u30ec\u30b9\u30c8\u30e9\u30f3\u306f\u666f\u5c71\u666f\u52dd\u5730\u306e\u4e2d\u5fc3\u5730\u306b\u4f4d\u7f6e\u3057\u3001\u89b3\u5149\u5ba2\u304c\u81ea\u7136\u306e\u4e2d\u3067\u72ec\u7279\u306e\u98df\u4e8b\u4f53\u9a13\u3092\u6c42\u3081\u308b\u4eba\u6c17\u306e\u76ee\u7684\u5730\u3067\u3042\u308b\u3002\u3057\u304b\u3057\u3001\u65e2\u5b58\u306e\u5ba4\u5185\u7a7a\u9593\u306f\u3001\u7279\u306b\u7e41\u5fd9\u671f\u3084\u60aa\u5929\u5019\u306e\u6761\u4ef6\u4e0b\u3067\u3001\u307e\u3059\u307e\u3059\u591a\u304f\u306e\u304a\u5ba2\u69d8\u3092\u53ce\u5bb9\u3059\u308b\u306e\u306b\u4e0d\u8db3\u3057\u3066\u3044\u308b\u3002\u3053\u306e\u554f\u984c\u3092\u89e3\u6c7a\u3059\u308b\u305f\u3081\u306b\u3001\u6cf0\u5eb7\u30b0\u30eb\u30fc\u30d7\u306f\u8ffd\u52a0\u306e\u30b9\u30da\u30fc\u30b9\u3092\u63d0\u4f9b\u3057\u3001\u8fc5\u901f\u306a\u8a2d\u7f6e\u3092\u78ba\u4fdd\u3057\u3001\u74b0\u5883\u7f8e\u5b66\u306e\u8abf\u548c\u3092\u7dad\u6301\u3067\u304d\u308b\u30bd\u30ea\u30e5\u30fc\u30b7\u30e7\u30f3\u3092\u6c42\u3081\u3066\u3044\u308b\u3002<\/p>\n<p>&#8212;<\/p>\n<p>\u89e3\u6c7a\u7b56\uff1a\u4f38\u7e2e\u5f0f\u30b5\u30f3\u30b7\u30e3\u30a4\u30f3\u30eb\u30fc\u30e0\uff1a\u614e\u91cd\u306b\u8003\u3048\u305f\u7d50\u679c\u3001\u6cf0\u5eb7\u30b0\u30eb\u30fc\u30d7\u306f\u4f38\u7e2e\u5f0f\u3068\u4f38\u7e2e\u5f0f\u30b5\u30f3\u30b7\u30e3\u30a4\u30f3\u30eb\u30fc\u30e0\u3092\u9078\u629e\u3057\u305f\u3002\u3053\u306e\u9769\u65b0\u7684\u306a\u69cb\u9020\u306f\u6a5f\u80fd\u3001\u7f8e\u5b66\u3001\u52b9\u7387\u306e\u5b8c\u74a7\u306a\u878d\u5408\u3092\u5b9f\u73fe\u3057\u305f\u3002\u3053\u306e\u30bd\u30ea\u30e5\u30fc\u30b7\u30e7\u30f3\u3092\u9078\u629e\u3057\u305f\u7406\u7531\u306f\u6b21\u306e\u3068\u304a\u308a\u3067\u3059\u3002<\/p>\n<p>\u2022Schnelle Installation: Der einziehbare Sonnenraum wurde f\u00fcr eine schnelle Bereitstellung entworfen, so dass das Projekt innerhalb kurzer Zeit abgeschlossen werden konnte. Dies minimierte St\u00f6rungen im Betrieb des Restaurants und sorgte daf\u00fcr, dass der Raum so schnell wie m\u00f6glich genutzt werden konnte.<\/p>\n<p>\u2022\u81ea\u7136\u3068\u306e\u30b7\u30fc\u30e0\u30ec\u30b9\u306a\u878d\u5408\uff1a\u30b5\u30f3\u30b7\u30e3\u30a4\u30f3\u30eb\u30fc\u30e0\u306e\u900f\u660e\u306a\u8a2d\u8a08\u306b\u3088\u308a\u3001\u304a\u5ba2\u69d8\u306f\u9a5a\u304f\u3079\u304d\u666f\u5c71\u666f\u52dd\u5730\u3092\u7d76\u3048\u305a\u697d\u3057\u3080\u3053\u3068\u304c\u3067\u304d\u307e\u3059\u3002\u5c4b\u6839\u304c\u958b\u3044\u3066\u3044\u3066\u3082\u9589\u307e\u3063\u3066\u3044\u3066\u3082\u3001\u98df\u4e8b\u5ba2\u306f\u5468\u308a\u306e\u5c71\u8108\u3001\u68ee\u3001\u7a7a\u306e\u7f8e\u3057\u3044\u666f\u8272\u306b\u6d78\u308b\u3053\u3068\u304c\u3067\u304d\u307e\u3059\u3002<\/p>\n<p>\u2022\u67d4\u8edf\u306a\u7a7a\u9593\u5229\u7528\uff1a\u30b5\u30f3\u30eb\u30fc\u30e0\u306e\u30b9\u30b1\u30fc\u30e9\u30d3\u30ea\u30c6\u30a3\u306f\u6bd4\u985e\u306e\u306a\u3044\u67d4\u8edf\u6027\u3092\u63d0\u4f9b\u3057\u307e\u3059\u3002\u660e\u308b\u3044\u65e5\u306b\u306f\u5c4b\u6839\u304c\u958b\u304d\u3001\u9732\u5929\u3067\u306e\u98df\u4e8b\u4f53\u9a13\u304c\u3067\u304d\u307e\u3059\u3002\u96e8\u304c\u964d\u3063\u305f\u308a\u6975\u7aef\u306a\u5929\u6c17\u306e\u5834\u5408\u306f\u3001\u5c4b\u5916\u3068\u306e\u63a5\u7d9a\u3092\u7dad\u6301\u3057\u306a\u304c\u3089\u4fdd\u8b77\u3092\u63d0\u4f9b\u3059\u308b\u305f\u3081\u306b\u5c4b\u6839\u3092\u9589\u3058\u308b\u3053\u3068\u304c\u3067\u304d\u307e\u3059\u3002<\/p>\n<p>\u2022\u7f8e\u5b66\u7684\u9b45\u529b\uff1a\u30b5\u30f3\u30b7\u30e3\u30a4\u30f3\u30eb\u30fc\u30e0\u306e\u30e2\u30c0\u30f3\u306a\u30c7\u30b6\u30a4\u30f3\u3068\u81ea\u7136\u74b0\u5883\u304c\u8abf\u548c\u3057\u3001\u30ec\u30b9\u30c8\u30e9\u30f3\u5168\u4f53\u306e\u96f0\u56f2\u6c17\u3092\u9ad8\u3081\u3066\u3044\u307e\u3059\u3002\u305d\u306e\u6975\u3081\u3066\u7c21\u7565\u4e3b\u7fa9\u7684\u306a\u69cb\u9020\u306f\u3001\u305d\u306e\u5730\u57df\u306e\u98a8\u666f\u306e\u7f8e\u3057\u3055\u3092\u640d\u306a\u308f\u306a\u3044\u3053\u3068\u3092\u78ba\u4fdd\u3057\u3066\u3044\u308b\u3002<\/p>\n<p>\u2022\u30b2\u30b9\u30c8\u4f53\u9a13\u306e\u5f37\u5316\uff1a\u7a7a\u304d\u30b9\u30da\u30fc\u30b9\u3092\u62e1\u5927\u3057\u3001\u3055\u307e\u3056\u307e\u306a\u5929\u5019\u6761\u4ef6\u3067\u5feb\u9069\u306a\u74b0\u5883\u3092\u63d0\u4f9b\u3059\u308b\u3053\u3068\u3067\u3001\u4f38\u7e2e\u5f0f\u30b5\u30f3\u30b7\u30e3\u30a4\u30f3\u30eb\u30fc\u30e0\u306f\u30b2\u30b9\u30c8\u306e\u98df\u4e8b\u4f53\u9a13\u3092\u5927\u5e45\u306b\u6539\u5584\u3057\u305f\u3002\u30ec\u30b9\u30c8\u30e9\u30f3\u304c\u3088\u308a\u591a\u304f\u306e\u89b3\u5149\u5ba2\u3092\u63a5\u5f85\u3057\u3001\u305d\u306e\u5bb9\u91cf\u3068\u53ce\u5165\u306e\u6f5c\u5728\u529b\u3092\u9ad8\u3081\u308b\u3053\u3068\u3082\u3067\u304d\u308b\u3002<\/p>\n<p>&#8212;<\/p>\n<p>\u4f38\u7e2e\u5f0f\u30b5\u30f3\u30eb\u30fc\u30e0\u306e\u4e3b\u306a\u7279\u5fb4<\/p>\n<p>\u2022\u30b9\u30b1\u30fc\u30e9\u30d6\u30eb\u30eb\u30fc\u30d5\uff1a\u958b\u9589\u69cb\u6210\u9593\u306e\u7c21\u5358\u306a\u8abf\u6574\u3092\u53ef\u80fd\u306b\u3057\u307e\u3059\u3002<br \/>\n\u2022\u8010\u4e45\u6027\u6750\u6599\uff1a\u826f\u8cea\u306a\u8010\u5019\u6027\u6750\u6599\u3092\u7528\u3044\u3066\u88fd\u9020\u3057\u3001\u4f7f\u7528\u5bff\u547d\u3092\u78ba\u4fdd\u3059\u308b\u3002<br \/>\n\u2022\u96fb\u529b\u52b9\u7387\uff1a\u30aa\u30d5\u6642\u306b\u65ad\u71b1\u3092\u63d0\u4f9b\u3057\u3001\u8ffd\u52a0\u306e\u52a0\u71b1\u3084\u51b7\u5374\u306e\u5fc5\u8981\u6027\u3092\u8efd\u6e1b\u3057\u307e\u3059\u3002<br \/>\n\u2022\u30ab\u30b9\u30bf\u30e0\u30c7\u30b6\u30a4\u30f3\uff1a\u30ec\u30b9\u30c8\u30e9\u30f3\u306e\u30ec\u30a4\u30a2\u30a6\u30c8\u3068\u7f8e\u5b66\u7684\u8981\u4ef6\u306b\u5408\u308f\u305b\u3066\u8abf\u6574\u3055\u308c\u305f\u3002<\/p>\n<p>&#8212;<\/p>\n<p>\u30d7\u30ed\u30b8\u30a7\u30af\u30c8\u306e\u5f71\u97ff\uff1a\u4f38\u7e2e\u53ef\u80fd\u306a\u30b5\u30f3\u30b7\u30e3\u30a4\u30f3\u30eb\u30fc\u30e0\u306e\u8a2d\u7f6e\u306f\u6cf0\u5eb7\u30b0\u30eb\u30fc\u30d7\u306e\u30a2\u30a6\u30c8\u30c9\u30a2\u30ec\u30b9\u30c8\u30e9\u30f3\u3092\u591a\u6a5f\u80fd\u3001\u5168\u5929\u5019\u578b\u306e\u98f2\u98df\u5834\u6240\u306b\u5909\u3048\u305f\u3002\u7a7a\u9593\u5236\u9650\u3092\u89e3\u6c7a\u3059\u308b\u3060\u3051\u3067\u306a\u304f\u3001\u6a5f\u80fd\u3068\u666f\u5c71\u666f\u52dd\u5730\u306e\u81ea\u7136\u306e\u7f8e\u3057\u3055\u3092\u7d44\u307f\u5408\u308f\u305b\u308b\u3053\u3068\u3067\u3001\u89b3\u5149\u5ba2\u5168\u4f53\u306e\u4f53\u9a13\u3092\u5411\u4e0a\u3055\u305b\u305f\u3002\u3053\u306e\u30d7\u30ed\u30b8\u30a7\u30af\u30c8\u306f\u6cf0\u5eb7\u30b0\u30eb\u30fc\u30d7\u306e\u9769\u65b0\u3001\u6301\u7d9a\u53ef\u80fd\u306a\u767a\u5c55\u3068\u9867\u5ba2\u6e80\u8db3\u5ea6\u306b\u5bfe\u3059\u308b\u627f\u8afe\u3092\u4f53\u73fe\u3057\u3066\u3044\u308b\u3002<\/p>\n<p>&#8212;<\/p>\n<p>\u7d50\u8ad6\uff1a\u6cf0\u5eb7\u30b0\u30eb\u30fc\u30d7\u306e\u676d\u5dde\u666f\u5c71\u666f\u52dd\u5730\u306b\u304a\u3051\u308b\u4f38\u7e2e\u53ef\u80fd\u306a\u592a\u967d\u5149\u4f4f\u5b85\u30d7\u30ed\u30b8\u30a7\u30af\u30c8\u306f\u540c\u793e\u306e\u5c55\u671b\u7684\u601d\u8003\u3068\u5353\u8d8a\u3057\u305f\u7a7a\u9593\u3092\u5275\u9020\u3059\u308b\u732e\u4e0a\u7cbe\u795e\u3092\u8a3c\u660e\u3057\u305f\u3002\u5b9f\u7528\u6027\u3068\u7f8e\u7684\u9b45\u529b\u3092\u7d44\u307f\u5408\u308f\u305b\u308b\u3053\u3068\u3067\u3001\u3053\u306e\u88c5\u7f6e\u306f\u5c4b\u5916\u3067\u306e\u98df\u4e8b\u4f53\u9a13\u306b\u65b0\u305f\u306a\u57fa\u6e96\u3092\u78ba\u7acb\u3057\u305f\u3002\u5e83\u3005\u3068\u3057\u305f\u7a7a\u306e\u4e0b\u3067\u98df\u4e8b\u3092\u3057\u3066\u3082\u3001\u98a8\u96e8\u3092\u907f\u3051\u3066\u3082\u3001\u304a\u5ba2\u69d8\u306f\u4eca\u3001\u30ec\u30b9\u30c8\u30e9\u30f3\u306e\u7f8e\u98df\u3092\u697d\u3057\u307f\u306a\u304c\u3089\u9a5a\u304f\u3079\u304d\u74b0\u5883\u3092\u5341\u5206\u306b\u697d\u3057\u3080\u3053\u3068\u304c\u3067\u304d\u307e\u3059\u3002\u3053\u306e\u30d7\u30ed\u30b8\u30a7\u30af\u30c8\u306f\u9769\u65b0\u7684\u306a\u30c7\u30b6\u30a4\u30f3\u304c\u3069\u306e\u3088\u3046\u306b\u81ea\u7136\u3068\u8abf\u548c\u3057\u3001\u5fd8\u308c\u3089\u308c\u306a\u3044\u4f53\u9a13\u3092\u5275\u9020\u3059\u308b\u304b\u306e\u8f1d\u304b\u3057\u3044\u6a21\u7bc4\u3067\u3042\u308b\u3002<\/p>\n<p style=\"text-align: right\"><strong>            <\/div>\n        <\/div>\n        <\/strong><\/p>","protected":false},"excerpt":{"rendered":"<p>Project Introduction: Retractable Sunroom Installation at Taikang Group\u2019s Outdoor Restaurant in Hangzhou\u2019s Jingshan Scenic Area Taikang Group, a Fortune 500 company renowned for its innovation and commitment to quality, has recently completed an exciting project at its outdoor restaurant located in the picturesque Jingshan Scenic Area of Hangzhou. To address the challenge of limited indoor space and enhance the dining experience, Taikang Group installed a state-of-the-art **Retractable\u00a0sunroom**. This project not only meets the functional needs of the restaurant but also complements the natural beauty of the surrounding landscape. \u00a0<\/p>","protected":false},"featured_media":5455,"template":"","meta":[],"product_brand":[],"product_cat":[42,40,44,39],"product_tag":[],"class_list":{"0":"post-5446","1":"product","2":"type-product","3":"status-publish","4":"has-post-thumbnail","6":"product_cat-hotel","7":"product_cat-restaurant-cafe","8":"product_cat-scenic-spots-resort","9":"product_cat-solutions","11":"first","12":"instock","13":"shipping-taxable","14":"product-type-simple"},"yoast_head":"<!-- This site is optimized with the Yoast SEO plugin v27.3 - https:\/\/yoast.com\/product\/yoast-seo-wordpress\/ -->\n<title>Outdoor Restaurant In The Scenic Area Can Be Retractable Sunroom - Sunrim<\/title>\n<meta name=\"robots\" content=\"index, follow, max-snippet:-1, max-image-preview:large, max-video-preview:-1\" \/>\n<link rel=\"canonical\" href=\"https:\/\/www.sunrim.com\/ja\/product\/outdoor-restaurant-in-the-scenic-area-can-be-retractable-sunroom\/\" \/>\n<meta property=\"og:locale\" content=\"ja_JP\" \/>\n<meta property=\"og:type\" content=\"article\" \/>\n<meta property=\"og:title\" content=\"Outdoor Restaurant In The Scenic Area Can Be Retractable Sunroom - Sunrim\" \/>\n<meta property=\"og:description\" content=\"Project Introduction: Retractable Sunroom Installation at Taikang Group\u2019s Outdoor Restaurant in Hangzhou\u2019s Jingshan Scenic Area Taikang Group, a Fortune 500 company renowned for its innovation and commitment to quality, has recently completed an exciting project at its outdoor restaurant located in the picturesque Jingshan Scenic Area of Hangzhou. To address the challenge of limited indoor space and enhance the dining experience, Taikang Group installed a state-of-the-art **Retractable\u00a0sunroom**. This project not only meets the functional needs of the restaurant but also complements the natural beauty of the surrounding landscape. \u00a0\" \/>\n<meta property=\"og:url\" content=\"https:\/\/www.sunrim.com\/ja\/product\/outdoor-restaurant-in-the-scenic-area-can-be-retractable-sunroom\/\" \/>\n<meta property=\"og:site_name\" content=\"Sunrim\" \/>\n<meta property=\"article:modified_time\" content=\"2026-01-12T04:24:53+00:00\" \/>\n<meta property=\"og:image\" content=\"https:\/\/www.sunrim.com\/wp-content\/uploads\/2025\/03\/da63491fc6f54eea8c57db0d4a3302d3.jpeg\" \/>\n\t<meta property=\"og:image:width\" content=\"600\" \/>\n\t<meta property=\"og:image:height\" content=\"450\" \/>\n\t<meta property=\"og:image:type\" content=\"image\/jpeg\" \/>\n<meta name=\"twitter:card\" content=\"summary_large_image\" \/>\n<meta name=\"twitter:label1\" content=\"\u63a8\u5b9a\u8aad\u307f\u53d6\u308a\u6642\u9593\" \/>\n\t<meta name=\"twitter:data1\" content=\"4\u5206\" \/>\n<script type=\"application\/ld+json\" class=\"yoast-schema-graph\">{\"@context\":\"https:\\\/\\\/schema.org\",\"@graph\":[{\"@type\":\"WebPage\",\"@id\":\"https:\\\/\\\/www.sunrim.com\\\/product\\\/outdoor-restaurant-in-the-scenic-area-can-be-retractable-sunroom\\\/\",\"url\":\"https:\\\/\\\/www.sunrim.com\\\/product\\\/outdoor-restaurant-in-the-scenic-area-can-be-retractable-sunroom\\\/\",\"name\":\"Outdoor Restaurant In The Scenic Area Can Be Retractable Sunroom - Sunrim\",\"isPartOf\":{\"@id\":\"https:\\\/\\\/www.sunrim.com\\\/#website\"},\"primaryImageOfPage\":{\"@id\":\"https:\\\/\\\/www.sunrim.com\\\/product\\\/outdoor-restaurant-in-the-scenic-area-can-be-retractable-sunroom\\\/#primaryimage\"},\"image\":{\"@id\":\"https:\\\/\\\/www.sunrim.com\\\/product\\\/outdoor-restaurant-in-the-scenic-area-can-be-retractable-sunroom\\\/#primaryimage\"},\"thumbnailUrl\":\"https:\\\/\\\/www.sunrim.com\\\/wp-content\\\/uploads\\\/2025\\\/03\\\/da63491fc6f54eea8c57db0d4a3302d3.jpeg\",\"datePublished\":\"2025-03-07T09:02:10+00:00\",\"dateModified\":\"2026-01-12T04:24:53+00:00\",\"breadcrumb\":{\"@id\":\"https:\\\/\\\/www.sunrim.com\\\/product\\\/outdoor-restaurant-in-the-scenic-area-can-be-retractable-sunroom\\\/#breadcrumb\"},\"inLanguage\":\"ja\",\"potentialAction\":[{\"@type\":\"ReadAction\",\"target\":[\"https:\\\/\\\/www.sunrim.com\\\/product\\\/outdoor-restaurant-in-the-scenic-area-can-be-retractable-sunroom\\\/\"]}]},{\"@type\":\"ImageObject\",\"inLanguage\":\"ja\",\"@id\":\"https:\\\/\\\/www.sunrim.com\\\/product\\\/outdoor-restaurant-in-the-scenic-area-can-be-retractable-sunroom\\\/#primaryimage\",\"url\":\"https:\\\/\\\/www.sunrim.com\\\/wp-content\\\/uploads\\\/2025\\\/03\\\/da63491fc6f54eea8c57db0d4a3302d3.jpeg\",\"contentUrl\":\"https:\\\/\\\/www.sunrim.com\\\/wp-content\\\/uploads\\\/2025\\\/03\\\/da63491fc6f54eea8c57db0d4a3302d3.jpeg\",\"width\":600,\"height\":450},{\"@type\":\"BreadcrumbList\",\"@id\":\"https:\\\/\\\/www.sunrim.com\\\/product\\\/outdoor-restaurant-in-the-scenic-area-can-be-retractable-sunroom\\\/#breadcrumb\",\"itemListElement\":[{\"@type\":\"ListItem\",\"position\":1,\"name\":\"Home\",\"item\":\"https:\\\/\\\/www.sunrim.com\\\/\"},{\"@type\":\"ListItem\",\"position\":2,\"name\":\"Products\",\"item\":\"https:\\\/\\\/www.sunrim.com\\\/shop\\\/\"},{\"@type\":\"ListItem\",\"position\":3,\"name\":\"Outdoor Restaurant In The Scenic Area Can Be Retractable Sunroom\"}]},{\"@type\":\"WebSite\",\"@id\":\"https:\\\/\\\/www.sunrim.com\\\/#website\",\"url\":\"https:\\\/\\\/www.sunrim.com\\\/\",\"name\":\"Sunrim\",\"description\":\"Retractable Sunroom &amp; Roofs\",\"publisher\":{\"@id\":\"https:\\\/\\\/www.sunrim.com\\\/#organization\"},\"potentialAction\":[{\"@type\":\"SearchAction\",\"target\":{\"@type\":\"EntryPoint\",\"urlTemplate\":\"https:\\\/\\\/www.sunrim.com\\\/?s={search_term_string}\"},\"query-input\":{\"@type\":\"PropertyValueSpecification\",\"valueRequired\":true,\"valueName\":\"search_term_string\"}}],\"inLanguage\":\"ja\"},{\"@type\":\"Organization\",\"@id\":\"https:\\\/\\\/www.sunrim.com\\\/#organization\",\"name\":\"Sunrim\",\"url\":\"https:\\\/\\\/www.sunrim.com\\\/\",\"logo\":{\"@type\":\"ImageObject\",\"inLanguage\":\"ja\",\"@id\":\"https:\\\/\\\/www.sunrim.com\\\/#\\\/schema\\\/logo\\\/image\\\/\",\"url\":\"https:\\\/\\\/www.sunrim.com\\\/wp-content\\\/uploads\\\/2025\\\/11\\\/logo.png\",\"contentUrl\":\"https:\\\/\\\/www.sunrim.com\\\/wp-content\\\/uploads\\\/2025\\\/11\\\/logo.png\",\"width\":989,\"height\":222,\"caption\":\"Sunrim\"},\"image\":{\"@id\":\"https:\\\/\\\/www.sunrim.com\\\/#\\\/schema\\\/logo\\\/image\\\/\"}}]}<\/script>\n<!-- \/ Yoast SEO plugin. -->","yoast_head_json":{"title":"Outdoor Restaurant In The Scenic Area Can Be Retractable Sunroom - Sunrim","robots":{"index":"index","follow":"follow","max-snippet":"max-snippet:-1","max-image-preview":"max-image-preview:large","max-video-preview":"max-video-preview:-1"},"canonical":"https:\/\/www.sunrim.com\/ja\/product\/outdoor-restaurant-in-the-scenic-area-can-be-retractable-sunroom\/","og_locale":"ja_JP","og_type":"article","og_title":"Outdoor Restaurant In The Scenic Area Can Be Retractable Sunroom - Sunrim","og_description":"Project Introduction: Retractable Sunroom Installation at Taikang Group\u2019s Outdoor Restaurant in Hangzhou\u2019s Jingshan Scenic Area Taikang Group, a Fortune 500 company renowned for its innovation and commitment to quality, has recently completed an exciting project at its outdoor restaurant located in the picturesque Jingshan Scenic Area of Hangzhou. To address the challenge of limited indoor space and enhance the dining experience, Taikang Group installed a state-of-the-art **Retractable\u00a0sunroom**. This project not only meets the functional needs of the restaurant but also complements the natural beauty of the surrounding landscape. \u00a0","og_url":"https:\/\/www.sunrim.com\/ja\/product\/outdoor-restaurant-in-the-scenic-area-can-be-retractable-sunroom\/","og_site_name":"Sunrim","article_modified_time":"2026-01-12T04:24:53+00:00","og_image":[{"width":600,"height":450,"url":"https:\/\/www.sunrim.com\/wp-content\/uploads\/2025\/03\/da63491fc6f54eea8c57db0d4a3302d3.jpeg","type":"image\/jpeg"}],"twitter_card":"summary_large_image","twitter_misc":{"\u63a8\u5b9a\u8aad\u307f\u53d6\u308a\u6642\u9593":"4\u5206"},"schema":{"@context":"https:\/\/schema.org","@graph":[{"@type":"WebPage","@id":"https:\/\/www.sunrim.com\/product\/outdoor-restaurant-in-the-scenic-area-can-be-retractable-sunroom\/","url":"https:\/\/www.sunrim.com\/product\/outdoor-restaurant-in-the-scenic-area-can-be-retractable-sunroom\/","name":"Outdoor Restaurant In The Scenic Area Can Be Retractable Sunroom - Sunrim","isPartOf":{"@id":"https:\/\/www.sunrim.com\/#website"},"primaryImageOfPage":{"@id":"https:\/\/www.sunrim.com\/product\/outdoor-restaurant-in-the-scenic-area-can-be-retractable-sunroom\/#primaryimage"},"image":{"@id":"https:\/\/www.sunrim.com\/product\/outdoor-restaurant-in-the-scenic-area-can-be-retractable-sunroom\/#primaryimage"},"thumbnailUrl":"https:\/\/www.sunrim.com\/wp-content\/uploads\/2025\/03\/da63491fc6f54eea8c57db0d4a3302d3.jpeg","datePublished":"2025-03-07T09:02:10+00:00","dateModified":"2026-01-12T04:24:53+00:00","breadcrumb":{"@id":"https:\/\/www.sunrim.com\/product\/outdoor-restaurant-in-the-scenic-area-can-be-retractable-sunroom\/#breadcrumb"},"inLanguage":"ja","potentialAction":[{"@type":"ReadAction","target":["https:\/\/www.sunrim.com\/product\/outdoor-restaurant-in-the-scenic-area-can-be-retractable-sunroom\/"]}]},{"@type":"ImageObject","inLanguage":"ja","@id":"https:\/\/www.sunrim.com\/product\/outdoor-restaurant-in-the-scenic-area-can-be-retractable-sunroom\/#primaryimage","url":"https:\/\/www.sunrim.com\/wp-content\/uploads\/2025\/03\/da63491fc6f54eea8c57db0d4a3302d3.jpeg","contentUrl":"https:\/\/www.sunrim.com\/wp-content\/uploads\/2025\/03\/da63491fc6f54eea8c57db0d4a3302d3.jpeg","width":600,"height":450},{"@type":"BreadcrumbList","@id":"https:\/\/www.sunrim.com\/product\/outdoor-restaurant-in-the-scenic-area-can-be-retractable-sunroom\/#breadcrumb","itemListElement":[{"@type":"ListItem","position":1,"name":"Home","item":"https:\/\/www.sunrim.com\/"},{"@type":"ListItem","position":2,"name":"Products","item":"https:\/\/www.sunrim.com\/shop\/"},{"@type":"ListItem","position":3,"name":"Outdoor Restaurant In The Scenic Area Can Be Retractable Sunroom"}]},{"@type":"WebSite","@id":"https:\/\/www.sunrim.com\/#website","url":"https:\/\/www.sunrim.com\/","name":"Sunrim","description":"Retractable Sunroom &amp; Roofs","publisher":{"@id":"https:\/\/www.sunrim.com\/#organization"},"potentialAction":[{"@type":"SearchAction","target":{"@type":"EntryPoint","urlTemplate":"https:\/\/www.sunrim.com\/?s={search_term_string}"},"query-input":{"@type":"PropertyValueSpecification","valueRequired":true,"valueName":"search_term_string"}}],"inLanguage":"ja"},{"@type":"Organization","@id":"https:\/\/www.sunrim.com\/#organization","name":"Sunrim","url":"https:\/\/www.sunrim.com\/","logo":{"@type":"ImageObject","inLanguage":"ja","@id":"https:\/\/www.sunrim.com\/#\/schema\/logo\/image\/","url":"https:\/\/www.sunrim.com\/wp-content\/uploads\/2025\/11\/logo.png","contentUrl":"https:\/\/www.sunrim.com\/wp-content\/uploads\/2025\/11\/logo.png","width":989,"height":222,"caption":"Sunrim"},"image":{"@id":"https:\/\/www.sunrim.com\/#\/schema\/logo\/image\/"}}]}},"_links":{"self":[{"href":"https:\/\/www.sunrim.com\/ja\/wp-json\/wp\/v2\/product\/5446","targetHints":{"allow":["GET"]}}],"collection":[{"href":"https:\/\/www.sunrim.com\/ja\/wp-json\/wp\/v2\/product"}],"about":[{"href":"https:\/\/www.sunrim.com\/ja\/wp-json\/wp\/v2\/types\/product"}],"wp:featuredmedia":[{"embeddable":true,"href":"https:\/\/www.sunrim.com\/ja\/wp-json\/wp\/v2\/media\/5455"}],"wp:attachment":[{"href":"https:\/\/www.sunrim.com\/ja\/wp-json\/wp\/v2\/media?parent=5446"}],"wp:term":[{"taxonomy":"product_brand","embeddable":true,"href":"https:\/\/www.sunrim.com\/ja\/wp-json\/wp\/v2\/product_brand?post=5446"},{"taxonomy":"product_cat","embeddable":true,"href":"https:\/\/www.sunrim.com\/ja\/wp-json\/wp\/v2\/product_cat?post=5446"},{"taxonomy":"product_tag","embeddable":true,"href":"https:\/\/www.sunrim.com\/ja\/wp-json\/wp\/v2\/product_tag?post=5446"}],"curies":[{"name":"wp","href":"https:\/\/api.w.org\/{rel}","templated":true}]}}