{"id":5446,"date":"2025-03-07T09:02:10","date_gmt":"2025-03-07T09:02:10","guid":{"rendered":"http:\/\/bingkunc8.sg-host.com\/?post_type=product&#038;p=5446"},"modified":"2026-01-12T04:24:53","modified_gmt":"2026-01-12T04:24:53","slug":"outdoor-restaurant-in-the-scenic-area-can-be-retractable-sunroom","status":"publish","type":"product","link":"https:\/\/www.sunrim.com\/pt\/product\/outdoor-restaurant-in-the-scenic-area-can-be-retractable-sunroom\/","title":{"rendered":"Restaurante ao ar livre na \u00e1rea c\u00eanica pode ser retr\u00e1til Sunroom"},"content":{"rendered":"<p><iframe title=\"The outdoor restaurant in the scenic area can be retractable sunroom\" width=\"1290\" height=\"726\" src=\"https:\/\/www.youtube.com\/embed\/h-eSZlKQCeY?feature=oembed\" frameborder=\"0\" allow=\"accelerometer; autoplay; clipboard-write; encrypted-media; gyroscope; picture-in-picture; web-share\" referrerpolicy=\"strict-origin-when-cross-origin\" allowfullscreen><\/iframe><\/p>\n<p>Introdu\u00e7\u00e3o do projeto: Instala\u00e7\u00e3o retr\u00e1til da sala de sol no restaurante exterior do grupo Taikang na \u00e1rea c\u00eanica Jingshan de Hangzhou<\/p>\n<p>Taikang Group, uma empresa Fortune 500 conhecida por sua inova\u00e7\u00e3o e compromisso com a qualidade, concluiu recentemente um projeto emocionante em seu restaurante ao ar livre localizado na pitoresca \u00e1rea c\u00eanica de Jingshan de Hangzhou. Para enfrentar o desafio do espa\u00e7o interno limitado e melhorar a experi\u00eancia gastron\u00f4mica, o Taikang Group instalou uma sala de sol retr\u00e1til** de \u00faltima gera\u00e7\u00e3o. Este projeto n\u00e3o s\u00f3 atende \u00e0s necessidades funcionais do restaurante, mas tamb\u00e9m complementa a beleza natural da paisagem circundante.<\/p>\n<p style=\"text-align: right;\"><strong>\u00a0        <div class=\"rmwr-wrapper\" \n             data-id=\"rmwr-69f51b276d194\"\n             data-mode=\"normal\"\n             data-animation=\"fade\"\n             data-duration=\"300\"\n             data-smooth-scroll=\"true\"\n             data-scroll-offset=\"0\">\n            <button \n                type=\"button\"\n                class=\"read-link\" \n                id=\"readlinkrmwr-69f51b276d194\"\n                data-open-text=\"Read More\"\n                data-close-text=\"Read Less\"\n                aria-expanded=\"false\"\n                aria-controls=\"readrmwr-69f51b276d194\"\n                aria-label=\"Ler Mais\"\n            >\n                <span class=\"rmwr-text\">Ler Mais<\/span>\n            <\/button>\n            <div \n                class=\"read_div\" \n                id=\"readrmwr-69f51b276d194\"\n                aria-hidden=\"true\"\n                data-animation=\"fade\"\n                data-duration=\"300\"\n                style=\"display: none;\"\n            >\n                <\/strong><\/p>\n<p>Fundo do projeto: O restaurante ao ar livre, situado no cora\u00e7\u00e3o da \u00e1rea c\u00eanica de Jingshan, \u00e9 um destino popular para os visitantes que procuram uma experi\u00eancia gastron\u00f4mica \u00fanica em meio \u00e0 natureza. No entanto, o espa\u00e7o interior existente era insuficiente para acomodar o n\u00famero crescente de h\u00f3spedes, especialmente durante as esta\u00e7\u00f5es de pico ou condi\u00e7\u00f5es clim\u00e1ticas adversas. Para resolver este problema, o Grupo Taikang buscou uma solu\u00e7\u00e3o que proporcionasse espa\u00e7o adicional, assegurasse uma instala\u00e7\u00e3o r\u00e1pida e mantivesse a harmonia est\u00e9tica do ambiente.<\/p>\n<p>&#8212;<\/p>\n<p>A solu\u00e7\u00e3o: Sala de sol retr\u00e1til: Ap\u00f3s cuidadosa considera\u00e7\u00e3o, Taikang Group optou por uma sala de sol retr\u00e1til e retr\u00e1til. Esta estrutura inovadora oferece a combina\u00e7\u00e3o perfeita de funcionalidade, est\u00e9tica e efici\u00eancia. Eis porque esta solu\u00e7\u00e3o foi escolhida:<\/p>\n<p>\u2022 Instala\u00e7\u00e3o r\u00e1pida: A sala de sol retr\u00e1til foi projetada para implanta\u00e7\u00e3o r\u00e1pida, permitindo que o projeto seja conclu\u00eddo em um curto espa\u00e7o de tempo. Isso minimizou a interrup\u00e7\u00e3o das opera\u00e7\u00f5es do restaurante e garantiu que o espa\u00e7o pudesse ser utilizado o mais r\u00e1pido poss\u00edvel.<\/p>\n<p>\u2022 Integra\u00e7\u00e3o perfeita com a natureza: O design transparente da sala de sol permite aos h\u00f3spedes desfrutar de vistas ininterruptas da deslumbrante \u00e1rea c\u00eanica Jingshan. Quer o telhado esteja aberto ou fechado, os clientes podem mergulhar na beleza das montanhas, florestas e c\u00e9u circundantes.<\/p>\n<p>\u2022 Utiliza\u00e7\u00e3o flex\u00edvel do espa\u00e7o: A caracter\u00edstica retr\u00e1til da sala de sol fornece flexibilidade incompar\u00e1vel. Em dias ensolarados, o telhado pode ser aberto para criar uma experi\u00eancia de jantar ao ar livre. Durante chuva ou condi\u00e7\u00f5es meteorol\u00f3gicas extremas, o telhado pode ser fechado para oferecer prote\u00e7\u00e3o, mantendo ainda uma conex\u00e3o com o exterior.<\/p>\n<p>\u2022 Apelo est\u00e9tico: o design elegante e moderno da sala de sol complementa o ambiente natural e melhora o ambiente geral do restaurante. Sua estrutura minimalista garante que n\u00e3o diminua a beleza c\u00eanica da \u00e1rea.<\/p>\n<p>\u2022 Experi\u00eancia aprimorada do h\u00f3spede: ao expandir o espa\u00e7o utiliz\u00e1vel e fornecer um ambiente confort\u00e1vel em todas as condi\u00e7\u00f5es clim\u00e1ticas, a sala de sol retr\u00e1til melhora significativamente a experi\u00eancia de jantar para os h\u00f3spedes. Tamb\u00e9m permite que o restaurante receba mais visitantes, aumentando sua capacidade e potencial de receita.<\/p>\n<p>&#8212;<\/p>\n<p>Principais caracter\u00edsticas da sala de sol retr\u00e1til<\/p>\n<p>\u2022Telhado retr\u00e1til: Permite o ajuste f\u00e1cil entre configura\u00e7\u00f5es abertas e fechadas.<br \/>\n\u2022 Materiais dur\u00e1veis: Constru\u00eddo com materiais de alta qualidade, resistentes \u00e0s intemp\u00e9ries para garantir a longevidade.<br \/>\n\u2022 Efici\u00eancia Energ\u00e9tica: Fornece isolamento quando fechado, reduzindo a necessidade de aquecimento ou resfriamento adicional.<br \/>\n\u2022 Design personalizado: Personalizado para atender ao layout do restaurante e requisitos est\u00e9ticos.<\/p>\n<p>&#8212;<\/p>\n<p>Impacto do projeto: A instala\u00e7\u00e3o da sala de sol retr\u00e1til transformou o restaurante ao ar livre do Taikang Group em um destino vers\u00e1til e para qualquer clima. Ele n\u00e3o s\u00f3 abordou as restri\u00e7\u00f5es de espa\u00e7o, mas tamb\u00e9m elevou a experi\u00eancia geral do h\u00f3spede, misturando funcionalidade com a beleza natural da \u00e1rea c\u00eanica Jingshan. Este projeto reflete o compromisso do Grupo Taikang com a inova\u00e7\u00e3o, sustentabilidade e satisfa\u00e7\u00e3o do cliente.<\/p>\n<p>&#8212;<\/p>\n<p>Conclus\u00e3o: O projeto retr\u00e1til da sala de sol do grupo Taikang na \u00e1rea c\u00eanica Jingshan de Hangzhou \u00e9 um testemunho da abordagem de pensamento avan\u00e7ado da empresa e dedica\u00e7\u00e3o \u00e0 cria\u00e7\u00e3o de espa\u00e7os excepcionais. Combinando praticidade com apelo est\u00e9tico, esta instala\u00e7\u00e3o estabeleceu um novo padr\u00e3o para experi\u00eancias gastron\u00f4micas ao ar livre. Quer desfrute de uma refei\u00e7\u00e3o sob o c\u00e9u aberto ou protegido dos elementos, os h\u00f3spedes podem agora apreciar plenamente o ambiente deslumbrante enquanto se entregam \u00e0s ofertas do restaurante. Este projeto \u00e9 um exemplo brilhante de como o design inovador pode se harmonizar com a natureza para criar experi\u00eancias inesquec\u00edveis.<\/p>\n<p style=\"text-align: right\"><strong>            <\/div>\n        <\/div>\n        <\/strong><\/p>","protected":false},"excerpt":{"rendered":"<p>Project Introduction: Retractable Sunroom Installation at Taikang Group\u2019s Outdoor Restaurant in Hangzhou\u2019s Jingshan Scenic Area Taikang Group, a Fortune 500 company renowned for its innovation and commitment to quality, has recently completed an exciting project at its outdoor restaurant located in the picturesque Jingshan Scenic Area of Hangzhou. To address the challenge of limited indoor [&hellip;]<\/p>\n","protected":false},"featured_media":5455,"template":"","meta":[],"product_brand":[],"product_cat":[42,40,44,39],"product_tag":[],"class_list":{"0":"post-5446","1":"product","2":"type-product","3":"status-publish","4":"has-post-thumbnail","6":"product_cat-hotel","7":"product_cat-restaurant-cafe","8":"product_cat-scenic-spots-resort","9":"product_cat-solutions","11":"first","12":"instock","13":"shipping-taxable","14":"product-type-simple"},"yoast_head":"<!-- This site is optimized with the Yoast SEO plugin v27.3 - https:\/\/yoast.com\/product\/yoast-seo-wordpress\/ -->\n<title>Outdoor Restaurant In The Scenic Area Can Be Retractable Sunroom - Sunrim<\/title>\n<meta name=\"robots\" content=\"index, follow, max-snippet:-1, max-image-preview:large, max-video-preview:-1\" \/>\n<link rel=\"canonical\" href=\"https:\/\/www.sunrim.com\/pt\/produto\/outdoor-restaurant-in-the-scenic-area-can-be-retractable-sunroom\/\" \/>\n<meta property=\"og:locale\" content=\"pt_PT\" \/>\n<meta property=\"og:type\" content=\"article\" \/>\n<meta property=\"og:title\" content=\"Outdoor Restaurant In The Scenic Area Can Be Retractable Sunroom - Sunrim\" \/>\n<meta property=\"og:description\" content=\"Project Introduction: Retractable Sunroom Installation at Taikang Group\u2019s Outdoor Restaurant in Hangzhou\u2019s Jingshan Scenic Area Taikang Group, a Fortune 500 company renowned for its innovation and commitment to quality, has recently completed an exciting project at its outdoor restaurant located in the picturesque Jingshan Scenic Area of Hangzhou. To address the challenge of limited indoor [&hellip;]\" \/>\n<meta property=\"og:url\" content=\"https:\/\/www.sunrim.com\/pt\/produto\/outdoor-restaurant-in-the-scenic-area-can-be-retractable-sunroom\/\" \/>\n<meta property=\"og:site_name\" content=\"Sunrim\" \/>\n<meta property=\"article:modified_time\" content=\"2026-01-12T04:24:53+00:00\" \/>\n<meta property=\"og:image\" content=\"https:\/\/www.sunrim.com\/wp-content\/uploads\/2025\/03\/da63491fc6f54eea8c57db0d4a3302d3.jpeg\" \/>\n\t<meta property=\"og:image:width\" content=\"600\" \/>\n\t<meta property=\"og:image:height\" content=\"450\" \/>\n\t<meta property=\"og:image:type\" content=\"image\/jpeg\" \/>\n<meta name=\"twitter:card\" content=\"summary_large_image\" \/>\n<meta name=\"twitter:label1\" content=\"Tempo estimado de leitura\" \/>\n\t<meta name=\"twitter:data1\" content=\"4 minutos\" \/>\n<script type=\"application\/ld+json\" class=\"yoast-schema-graph\">{\"@context\":\"https:\\\/\\\/schema.org\",\"@graph\":[{\"@type\":\"WebPage\",\"@id\":\"https:\\\/\\\/www.sunrim.com\\\/product\\\/outdoor-restaurant-in-the-scenic-area-can-be-retractable-sunroom\\\/\",\"url\":\"https:\\\/\\\/www.sunrim.com\\\/product\\\/outdoor-restaurant-in-the-scenic-area-can-be-retractable-sunroom\\\/\",\"name\":\"Outdoor Restaurant In The Scenic Area Can Be Retractable Sunroom - Sunrim\",\"isPartOf\":{\"@id\":\"https:\\\/\\\/www.sunrim.com\\\/#website\"},\"primaryImageOfPage\":{\"@id\":\"https:\\\/\\\/www.sunrim.com\\\/product\\\/outdoor-restaurant-in-the-scenic-area-can-be-retractable-sunroom\\\/#primaryimage\"},\"image\":{\"@id\":\"https:\\\/\\\/www.sunrim.com\\\/product\\\/outdoor-restaurant-in-the-scenic-area-can-be-retractable-sunroom\\\/#primaryimage\"},\"thumbnailUrl\":\"https:\\\/\\\/www.sunrim.com\\\/wp-content\\\/uploads\\\/2025\\\/03\\\/da63491fc6f54eea8c57db0d4a3302d3.jpeg\",\"datePublished\":\"2025-03-07T09:02:10+00:00\",\"dateModified\":\"2026-01-12T04:24:53+00:00\",\"breadcrumb\":{\"@id\":\"https:\\\/\\\/www.sunrim.com\\\/product\\\/outdoor-restaurant-in-the-scenic-area-can-be-retractable-sunroom\\\/#breadcrumb\"},\"inLanguage\":\"pt-PT\",\"potentialAction\":[{\"@type\":\"ReadAction\",\"target\":[\"https:\\\/\\\/www.sunrim.com\\\/product\\\/outdoor-restaurant-in-the-scenic-area-can-be-retractable-sunroom\\\/\"]}]},{\"@type\":\"ImageObject\",\"inLanguage\":\"pt-PT\",\"@id\":\"https:\\\/\\\/www.sunrim.com\\\/product\\\/outdoor-restaurant-in-the-scenic-area-can-be-retractable-sunroom\\\/#primaryimage\",\"url\":\"https:\\\/\\\/www.sunrim.com\\\/wp-content\\\/uploads\\\/2025\\\/03\\\/da63491fc6f54eea8c57db0d4a3302d3.jpeg\",\"contentUrl\":\"https:\\\/\\\/www.sunrim.com\\\/wp-content\\\/uploads\\\/2025\\\/03\\\/da63491fc6f54eea8c57db0d4a3302d3.jpeg\",\"width\":600,\"height\":450},{\"@type\":\"BreadcrumbList\",\"@id\":\"https:\\\/\\\/www.sunrim.com\\\/product\\\/outdoor-restaurant-in-the-scenic-area-can-be-retractable-sunroom\\\/#breadcrumb\",\"itemListElement\":[{\"@type\":\"ListItem\",\"position\":1,\"name\":\"Home\",\"item\":\"https:\\\/\\\/www.sunrim.com\\\/\"},{\"@type\":\"ListItem\",\"position\":2,\"name\":\"Products\",\"item\":\"https:\\\/\\\/www.sunrim.com\\\/shop\\\/\"},{\"@type\":\"ListItem\",\"position\":3,\"name\":\"Outdoor Restaurant In The Scenic Area Can Be Retractable Sunroom\"}]},{\"@type\":\"WebSite\",\"@id\":\"https:\\\/\\\/www.sunrim.com\\\/#website\",\"url\":\"https:\\\/\\\/www.sunrim.com\\\/\",\"name\":\"Sunrim\",\"description\":\"Retractable Sunroom &amp; Roofs\",\"publisher\":{\"@id\":\"https:\\\/\\\/www.sunrim.com\\\/#organization\"},\"potentialAction\":[{\"@type\":\"SearchAction\",\"target\":{\"@type\":\"EntryPoint\",\"urlTemplate\":\"https:\\\/\\\/www.sunrim.com\\\/?s={search_term_string}\"},\"query-input\":{\"@type\":\"PropertyValueSpecification\",\"valueRequired\":true,\"valueName\":\"search_term_string\"}}],\"inLanguage\":\"pt-PT\"},{\"@type\":\"Organization\",\"@id\":\"https:\\\/\\\/www.sunrim.com\\\/#organization\",\"name\":\"Sunrim\",\"url\":\"https:\\\/\\\/www.sunrim.com\\\/\",\"logo\":{\"@type\":\"ImageObject\",\"inLanguage\":\"pt-PT\",\"@id\":\"https:\\\/\\\/www.sunrim.com\\\/#\\\/schema\\\/logo\\\/image\\\/\",\"url\":\"https:\\\/\\\/www.sunrim.com\\\/wp-content\\\/uploads\\\/2025\\\/11\\\/logo.png\",\"contentUrl\":\"https:\\\/\\\/www.sunrim.com\\\/wp-content\\\/uploads\\\/2025\\\/11\\\/logo.png\",\"width\":989,\"height\":222,\"caption\":\"Sunrim\"},\"image\":{\"@id\":\"https:\\\/\\\/www.sunrim.com\\\/#\\\/schema\\\/logo\\\/image\\\/\"}}]}<\/script>\n<!-- \/ Yoast SEO plugin. -->","yoast_head_json":{"title":"Outdoor Restaurant In The Scenic Area Can Be Retractable Sunroom - Sunrim","robots":{"index":"index","follow":"follow","max-snippet":"max-snippet:-1","max-image-preview":"max-image-preview:large","max-video-preview":"max-video-preview:-1"},"canonical":"https:\/\/www.sunrim.com\/pt\/produto\/outdoor-restaurant-in-the-scenic-area-can-be-retractable-sunroom\/","og_locale":"pt_PT","og_type":"article","og_title":"Outdoor Restaurant In The Scenic Area Can Be Retractable Sunroom - Sunrim","og_description":"Project Introduction: Retractable Sunroom Installation at Taikang Group\u2019s Outdoor Restaurant in Hangzhou\u2019s Jingshan Scenic Area Taikang Group, a Fortune 500 company renowned for its innovation and commitment to quality, has recently completed an exciting project at its outdoor restaurant located in the picturesque Jingshan Scenic Area of Hangzhou. To address the challenge of limited indoor [&hellip;]","og_url":"https:\/\/www.sunrim.com\/pt\/produto\/outdoor-restaurant-in-the-scenic-area-can-be-retractable-sunroom\/","og_site_name":"Sunrim","article_modified_time":"2026-01-12T04:24:53+00:00","og_image":[{"width":600,"height":450,"url":"https:\/\/www.sunrim.com\/wp-content\/uploads\/2025\/03\/da63491fc6f54eea8c57db0d4a3302d3.jpeg","type":"image\/jpeg"}],"twitter_card":"summary_large_image","twitter_misc":{"Tempo estimado de leitura":"4 minutos"},"schema":{"@context":"https:\/\/schema.org","@graph":[{"@type":"WebPage","@id":"https:\/\/www.sunrim.com\/product\/outdoor-restaurant-in-the-scenic-area-can-be-retractable-sunroom\/","url":"https:\/\/www.sunrim.com\/product\/outdoor-restaurant-in-the-scenic-area-can-be-retractable-sunroom\/","name":"Outdoor Restaurant In The Scenic Area Can Be Retractable Sunroom - Sunrim","isPartOf":{"@id":"https:\/\/www.sunrim.com\/#website"},"primaryImageOfPage":{"@id":"https:\/\/www.sunrim.com\/product\/outdoor-restaurant-in-the-scenic-area-can-be-retractable-sunroom\/#primaryimage"},"image":{"@id":"https:\/\/www.sunrim.com\/product\/outdoor-restaurant-in-the-scenic-area-can-be-retractable-sunroom\/#primaryimage"},"thumbnailUrl":"https:\/\/www.sunrim.com\/wp-content\/uploads\/2025\/03\/da63491fc6f54eea8c57db0d4a3302d3.jpeg","datePublished":"2025-03-07T09:02:10+00:00","dateModified":"2026-01-12T04:24:53+00:00","breadcrumb":{"@id":"https:\/\/www.sunrim.com\/product\/outdoor-restaurant-in-the-scenic-area-can-be-retractable-sunroom\/#breadcrumb"},"inLanguage":"pt-PT","potentialAction":[{"@type":"ReadAction","target":["https:\/\/www.sunrim.com\/product\/outdoor-restaurant-in-the-scenic-area-can-be-retractable-sunroom\/"]}]},{"@type":"ImageObject","inLanguage":"pt-PT","@id":"https:\/\/www.sunrim.com\/product\/outdoor-restaurant-in-the-scenic-area-can-be-retractable-sunroom\/#primaryimage","url":"https:\/\/www.sunrim.com\/wp-content\/uploads\/2025\/03\/da63491fc6f54eea8c57db0d4a3302d3.jpeg","contentUrl":"https:\/\/www.sunrim.com\/wp-content\/uploads\/2025\/03\/da63491fc6f54eea8c57db0d4a3302d3.jpeg","width":600,"height":450},{"@type":"BreadcrumbList","@id":"https:\/\/www.sunrim.com\/product\/outdoor-restaurant-in-the-scenic-area-can-be-retractable-sunroom\/#breadcrumb","itemListElement":[{"@type":"ListItem","position":1,"name":"Home","item":"https:\/\/www.sunrim.com\/"},{"@type":"ListItem","position":2,"name":"Products","item":"https:\/\/www.sunrim.com\/shop\/"},{"@type":"ListItem","position":3,"name":"Outdoor Restaurant In The Scenic Area Can Be Retractable Sunroom"}]},{"@type":"WebSite","@id":"https:\/\/www.sunrim.com\/#website","url":"https:\/\/www.sunrim.com\/","name":"Sunrim","description":"Retractable Sunroom &amp; Roofs","publisher":{"@id":"https:\/\/www.sunrim.com\/#organization"},"potentialAction":[{"@type":"SearchAction","target":{"@type":"EntryPoint","urlTemplate":"https:\/\/www.sunrim.com\/?s={search_term_string}"},"query-input":{"@type":"PropertyValueSpecification","valueRequired":true,"valueName":"search_term_string"}}],"inLanguage":"pt-PT"},{"@type":"Organization","@id":"https:\/\/www.sunrim.com\/#organization","name":"Sunrim","url":"https:\/\/www.sunrim.com\/","logo":{"@type":"ImageObject","inLanguage":"pt-PT","@id":"https:\/\/www.sunrim.com\/#\/schema\/logo\/image\/","url":"https:\/\/www.sunrim.com\/wp-content\/uploads\/2025\/11\/logo.png","contentUrl":"https:\/\/www.sunrim.com\/wp-content\/uploads\/2025\/11\/logo.png","width":989,"height":222,"caption":"Sunrim"},"image":{"@id":"https:\/\/www.sunrim.com\/#\/schema\/logo\/image\/"}}]}},"_links":{"self":[{"href":"https:\/\/www.sunrim.com\/pt\/wp-json\/wp\/v2\/product\/5446","targetHints":{"allow":["GET"]}}],"collection":[{"href":"https:\/\/www.sunrim.com\/pt\/wp-json\/wp\/v2\/product"}],"about":[{"href":"https:\/\/www.sunrim.com\/pt\/wp-json\/wp\/v2\/types\/product"}],"wp:featuredmedia":[{"embeddable":true,"href":"https:\/\/www.sunrim.com\/pt\/wp-json\/wp\/v2\/media\/5455"}],"wp:attachment":[{"href":"https:\/\/www.sunrim.com\/pt\/wp-json\/wp\/v2\/media?parent=5446"}],"wp:term":[{"taxonomy":"product_brand","embeddable":true,"href":"https:\/\/www.sunrim.com\/pt\/wp-json\/wp\/v2\/product_brand?post=5446"},{"taxonomy":"product_cat","embeddable":true,"href":"https:\/\/www.sunrim.com\/pt\/wp-json\/wp\/v2\/product_cat?post=5446"},{"taxonomy":"product_tag","embeddable":true,"href":"https:\/\/www.sunrim.com\/pt\/wp-json\/wp\/v2\/product_tag?post=5446"}],"curies":[{"name":"wp","href":"https:\/\/api.w.org\/{rel}","templated":true}]}}