{"id":5468,"date":"2025-03-11T07:46:58","date_gmt":"2025-03-11T07:46:58","guid":{"rendered":"http:\/\/bingkunc8.sg-host.com\/?post_type=product&#038;p=5468"},"modified":"2026-03-31T13:58:13","modified_gmt":"2026-03-31T13:58:13","slug":"hotel-outdoor-wedding-restaurant-retractable-sunroom","status":"publish","type":"product","link":"https:\/\/www.sunrim.com\/pt\/product\/hotel-outdoor-wedding-restaurant-retractable-sunroom\/","title":{"rendered":"Hotel Outdoor Wedding Restaurant Retractable Sunroom"},"content":{"rendered":"<p><iframe title=\"Hotel Outdoor Wedding Restaurant Retractable Sunroom, Retractable Enclosures, Montigo Resort Nongsa\" width=\"1290\" height=\"726\" src=\"https:\/\/www.youtube.com\/embed\/WvQ7M3tWmF8?feature=oembed\" frameborder=\"0\" allow=\"accelerometer; autoplay; clipboard-write; encrypted-media; gyroscope; picture-in-picture; web-share\" referrerpolicy=\"strict-origin-when-cross-origin\" allowfullscreen><\/iframe><\/p>\n<p>Introdu\u00e7\u00e3o do projeto: Instala\u00e7\u00e3o retr\u00e1til el\u00e9trica da sala de sol de Sunrim no resort de Montigo, ilha de Batam, Indon\u00e9sia<\/p>\n<p style=\"text-align: right;\"><strong>\u00a0        <div class=\"rmwr-wrapper\" \n             data-id=\"rmwr-69f56d829a6b1\"\n             data-mode=\"normal\"\n             data-animation=\"fade\"\n             data-duration=\"300\"\n             data-smooth-scroll=\"true\"\n             data-scroll-offset=\"0\">\n            <button \n                type=\"button\"\n                class=\"read-link\" \n                id=\"readlinkrmwr-69f56d829a6b1\"\n                data-open-text=\"Read More\"\n                data-close-text=\"Read Less\"\n                aria-expanded=\"false\"\n                aria-controls=\"readrmwr-69f56d829a6b1\"\n                aria-label=\"Ler Mais\"\n            >\n                <span class=\"rmwr-text\">Ler Mais<\/span>\n            <\/button>\n            <div \n                class=\"read_div\" \n                id=\"readrmwr-69f56d829a6b1\"\n                aria-hidden=\"true\"\n                data-animation=\"fade\"\n                data-duration=\"300\"\n                style=\"display: none;\"\n            >\n                <\/strong><\/p>\n<p>O Montigo Resort, um luxuoso destino \u00e0 beira-mar na deslumbrante ilha de Batam, na Indon\u00e9sia, \u00e9 famoso por suas praias de areia expansivas, vistas deslumbrantes para o oceano e hospitalidade de classe mundial. No entanto, com o r\u00e1pido crescimento do n\u00famero de turistas, as instala\u00e7\u00f5es ao ar livre do resort estavam sob press\u00e3o crescente, impactando a experi\u00eancia geral dos h\u00f3spedes. Para enfrentar esses desafios e elevar a oferta do resort, a sede do Montigo Resort em Cingapura lan\u00e7ou uma busca global por uma solu\u00e7\u00e3o que poderia melhorar o conforto dos h\u00f3spedes, adicionando versatilidade ao espa\u00e7o exterior. Ap\u00f3s uma avalia\u00e7\u00e3o minuciosa, eles escolheram a Sunrim, fabricante l\u00edder de salas solares el\u00e9tricas retr\u00e1tiis ao ar livre, para implementar um projeto transformador.<\/p>\n<p>&#8212;<\/p>\n<p>Contexto do projeto: A extensa praia do Montigo Resort \u00e9 uma de suas caracter\u00edsticas mais atraentes, atraindo visitantes de todo o mundo. No entanto, o n\u00famero crescente de turistas obrigou as instala\u00e7\u00f5es externas existentes do resort, particularmente durante as esta\u00e7\u00f5es de pico ou condi\u00e7\u00f5es clim\u00e1ticas adversas. Al\u00e9m disso, o resort procurou expandir sua funcionalidade para sediar casamentos, confer\u00eancias e festas ao ar livre, o que exigia uma solu\u00e7\u00e3o flex\u00edvel e esteticamente agrad\u00e1vel. O objetivo era criar um espa\u00e7o vers\u00e1til, para qualquer clima, que pudesse acomodar mais h\u00f3spedes, mantendo a beleza natural da praia.<\/p>\n<p>&#8212;<\/p>\n<p>A solu\u00e7\u00e3o: Sunrim's Electric Retractable Sunrooms: Ap\u00f3s uma pesquisa global, Montigo Resort selecionou **Sunrim** por sua experi\u00eancia em projetar e fabricar estruturas externas inovadoras e de alta qualidade. Os sol\u00e1rios retr\u00e1teis el\u00e9tricos da Sunrim foram a escolha ideal, oferecendo uma combina\u00e7\u00e3o perfeita de funcionalidade, durabilidade e apelo est\u00e9tico. Eis porque Sunrim se destacou:<\/p>\n<p>1.Versatilidade para M\u00faltiplas Fun\u00e7\u00f5es: As salas de sol da Sunrim foram projetadas para servir uma variedade de prop\u00f3sitos, incluindo a hospedagem de casamentos, confer\u00eancias, festas e reuni\u00f5es casuais de convidados. O espa\u00e7o flex\u00edvel pode ser facilmente adaptado para atender \u00e0s diversas necessidades do resort.<\/p>\n<p>Mecanismo retr\u00e1til 2.Electric: Os sol\u00e1rios apresentam um sistema retr\u00e1til el\u00e9trico avan\u00e7ado, permitindo que o telhado abra ou feche sem esfor\u00e7o com o apertar de um bot\u00e3o. Esta adaptabilidade garante que os h\u00f3spedes possam desfrutar do c\u00e9u aberto durante o tempo agrad\u00e1vel ou procurar abrigo durante a chuva ou luz solar intensa.<\/p>\n<p>3.Customiz\u00e1vel Design: Sunrim adaptou as salas de sol para complementar a est\u00e9tica luxuosa do Montigo Resort. O design elegante e moderno integra-se perfeitamente com o ambiente \u00e0 beira-mar do resort, aumentando seu apelo visual.<\/p>\n<p>Materiais 4.Durable e resistentes \u00e0s intemp\u00e9ries: Constru\u00eddo com materiais de alta qualidade, resistentes \u00e0s intemp\u00e9ries, os sal\u00f5es de sol s\u00e3o constru\u00eddos para suportar o clima tropical da Ilha Batam, incluindo forte luz solar, chuva pesada e ar salgado do mar.<\/p>\n<p>5.Enhanced Guest Experience: Ao fornecer espa\u00e7o adicional sombreado e protegido, as salas de sol melhoram significativamente o conforto dos h\u00f3spedes. Os visitantes podem relaxar, jantar ou participar de eventos em um ambiente confort\u00e1vel, independentemente do clima.<\/p>\n<p>6.Instala\u00e7\u00e3o R\u00e1pida e Interrup\u00e7\u00e3o M\u00ednima: O eficiente processo de instala\u00e7\u00e3o da Sunrim garantiu que o projeto fosse conclu\u00eddo com o m\u00ednimo de interrup\u00e7\u00e3o nas opera\u00e7\u00f5es do resort, permitindo que o Montigo Resort aprimorasse rapidamente suas instala\u00e7\u00f5es e acomodasse mais h\u00f3spedes.<\/p>\n<p>&#8212;<\/p>\n<p>Principais caracter\u00edsticas de Sunrim's Electric Retractable Sunrooms<\/p>\n<p>Espa\u00e7oso e flex\u00edvel: Fornece amplo espa\u00e7o para casamentos, confer\u00eancias, festas e encontros casuais.<\/p>\n<p>Efici\u00eancia Energ\u00e9tica: Reduz a necessidade de refrigera\u00e7\u00e3o artificial, permitindo ventila\u00e7\u00e3o natural.<\/p>\n<p>Apelo est\u00e9tico: Melhora o apelo visual do resort com um design elegante e moderno.<\/p>\n<p>Baixa manuten\u00e7\u00e3o: Constru\u00eddo com materiais dur\u00e1veis que exigem manuten\u00e7\u00e3o m\u00ednima.<\/p>\n<p>Funcionalidade All-Weather: Garante conforto e usabilidade em qualquer condi\u00e7\u00e3o clim\u00e1tica.<\/p>\n<p>&#8212;<\/p>\n<p>\u062a\u0623\u062b\u064a\u0631 \u0627\u0644\u0645\u0634\u0631\u0648\u0639<\/p>\n<p>A instala\u00e7\u00e3o das salas de sol retr\u00e1teis el\u00e9tricas do Sunrim transformou a beira-mar do Montigo Resort em um espa\u00e7o vers\u00e1til, para qualquer clima, que melhora a experi\u00eancia do h\u00f3spede e expande as capacidades do resort. Os h\u00f3spedes podem agora desfrutar da beleza da praia com conforto, quer estejam relaxando, participando de um casamento ou participando de uma confer\u00eancia. O projeto tamb\u00e9m aliviou a tens\u00e3o nas instala\u00e7\u00f5es existentes do resort, permitindo-lhe acomodar mais visitantes sem comprometer a qualidade ou conforto. Esta iniciativa reflete o compromisso do Montigo Resort com a inova\u00e7\u00e3o, luxo e satisfa\u00e7\u00e3o dos h\u00f3spedes. Em parceria com Sunrim, o resort estabeleceu um novo padr\u00e3o para design de hospitalidade ao ar livre, garantindo que continue sendo um dos principais destinos na Ilha Batam.<\/p>\n<p>&#8212;<\/p>\n<p>Conclus\u00e3o<\/p>\n<p>A colabora\u00e7\u00e3o do Montigo Resort com a Sunrim para instalar sol\u00e1rios retr\u00e1teis el\u00e9tricos \u00e9 um testemunho da dedica\u00e7\u00e3o do resort \u00e0 excel\u00eancia e sua vis\u00e3o para o futuro. Este projeto n\u00e3o s\u00f3 aborda os desafios colocados pelo aumento do n\u00famero de turistas, mas tamb\u00e9m melhora a funcionalidade e apelo do resort. Com a tecnologia de ponta da Sunrim e o compromisso do Montigo Resort com o luxo, esta parceria criou uma experi\u00eancia verdadeiramente inesquec\u00edvel para os h\u00f3spedes, solidificando a reputa\u00e7\u00e3o do resort como um destino principal para casamentos, eventos e relaxamento na Ilha Batam.<\/p>\n<p style=\"text-align: right\"><strong>            <\/div>\n        <\/div>\n        <\/strong><\/p>","protected":false},"excerpt":{"rendered":"<p>Introdu\u00e7\u00e3o do projeto: Instala\u00e7\u00e3o retr\u00e1til el\u00e9trica da sala de sol de Sunrim no resort de Montigo, ilha de Batam, Indon\u00e9sia \u00a0<\/p>","protected":false},"featured_media":5469,"template":"","meta":[],"product_brand":[],"product_cat":[41,42,40,44,45,39,46],"product_tag":[],"class_list":{"0":"post-5468","1":"product","2":"type-product","3":"status-publish","4":"has-post-thumbnail","6":"product_cat-fitness-sports","7":"product_cat-hotel","8":"product_cat-restaurant-cafe","9":"product_cat-scenic-spots-resort","10":"product_cat-shopping-malls","11":"product_cat-solutions","12":"product_cat-wedding","14":"first","15":"instock","16":"downloadable","17":"shipping-taxable","18":"product-type-simple"},"yoast_head":"<!-- This site is optimized with the Yoast SEO plugin v27.3 - https:\/\/yoast.com\/product\/yoast-seo-wordpress\/ -->\n<title>Hotel Outdoor Wedding Restaurant Retractable Sunroom - Sunrim<\/title>\n<meta name=\"robots\" content=\"index, follow, max-snippet:-1, max-image-preview:large, max-video-preview:-1\" \/>\n<link rel=\"canonical\" href=\"https:\/\/www.sunrim.com\/pt\/produto\/hotel-outdoor-wedding-restaurant-retractable-sunroom\/\" \/>\n<meta property=\"og:locale\" content=\"pt_PT\" \/>\n<meta property=\"og:type\" content=\"article\" \/>\n<meta property=\"og:title\" content=\"Hotel Outdoor Wedding Restaurant Retractable Sunroom - Sunrim\" \/>\n<meta property=\"og:description\" content=\"Project Introduction: Sunrim\u2019s Electric Retractable Sunroom Installation at Montigo Resort, Batam Island, Indonesia \u00a0\" \/>\n<meta property=\"og:url\" content=\"https:\/\/www.sunrim.com\/pt\/produto\/hotel-outdoor-wedding-restaurant-retractable-sunroom\/\" \/>\n<meta property=\"og:site_name\" content=\"Sunrim\" \/>\n<meta property=\"article:modified_time\" content=\"2026-03-31T13:58:13+00:00\" \/>\n<meta property=\"og:image\" content=\"https:\/\/www.sunrim.com\/wp-content\/uploads\/2025\/03\/M.jpg\" \/>\n\t<meta property=\"og:image:width\" content=\"600\" \/>\n\t<meta property=\"og:image:height\" content=\"450\" \/>\n\t<meta property=\"og:image:type\" content=\"image\/jpeg\" \/>\n<meta name=\"twitter:card\" content=\"summary_large_image\" \/>\n<meta name=\"twitter:label1\" content=\"Tempo estimado de leitura\" \/>\n\t<meta name=\"twitter:data1\" content=\"5 minutos\" \/>\n<script type=\"application\/ld+json\" class=\"yoast-schema-graph\">{\"@context\":\"https:\\\/\\\/schema.org\",\"@graph\":[{\"@type\":\"WebPage\",\"@id\":\"https:\\\/\\\/www.sunrim.com\\\/product\\\/hotel-outdoor-wedding-restaurant-retractable-sunroom\\\/\",\"url\":\"https:\\\/\\\/www.sunrim.com\\\/product\\\/hotel-outdoor-wedding-restaurant-retractable-sunroom\\\/\",\"name\":\"Hotel Outdoor Wedding Restaurant Retractable Sunroom - Sunrim\",\"isPartOf\":{\"@id\":\"https:\\\/\\\/www.sunrim.com\\\/#website\"},\"primaryImageOfPage\":{\"@id\":\"https:\\\/\\\/www.sunrim.com\\\/product\\\/hotel-outdoor-wedding-restaurant-retractable-sunroom\\\/#primaryimage\"},\"image\":{\"@id\":\"https:\\\/\\\/www.sunrim.com\\\/product\\\/hotel-outdoor-wedding-restaurant-retractable-sunroom\\\/#primaryimage\"},\"thumbnailUrl\":\"https:\\\/\\\/www.sunrim.com\\\/wp-content\\\/uploads\\\/2025\\\/03\\\/M.jpg\",\"datePublished\":\"2025-03-11T07:46:58+00:00\",\"dateModified\":\"2026-03-31T13:58:13+00:00\",\"breadcrumb\":{\"@id\":\"https:\\\/\\\/www.sunrim.com\\\/product\\\/hotel-outdoor-wedding-restaurant-retractable-sunroom\\\/#breadcrumb\"},\"inLanguage\":\"pt-PT\",\"potentialAction\":[{\"@type\":\"ReadAction\",\"target\":[\"https:\\\/\\\/www.sunrim.com\\\/product\\\/hotel-outdoor-wedding-restaurant-retractable-sunroom\\\/\"]}]},{\"@type\":\"ImageObject\",\"inLanguage\":\"pt-PT\",\"@id\":\"https:\\\/\\\/www.sunrim.com\\\/product\\\/hotel-outdoor-wedding-restaurant-retractable-sunroom\\\/#primaryimage\",\"url\":\"https:\\\/\\\/www.sunrim.com\\\/wp-content\\\/uploads\\\/2025\\\/03\\\/M.jpg\",\"contentUrl\":\"https:\\\/\\\/www.sunrim.com\\\/wp-content\\\/uploads\\\/2025\\\/03\\\/M.jpg\",\"width\":600,\"height\":450},{\"@type\":\"BreadcrumbList\",\"@id\":\"https:\\\/\\\/www.sunrim.com\\\/product\\\/hotel-outdoor-wedding-restaurant-retractable-sunroom\\\/#breadcrumb\",\"itemListElement\":[{\"@type\":\"ListItem\",\"position\":1,\"name\":\"Home\",\"item\":\"https:\\\/\\\/www.sunrim.com\\\/\"},{\"@type\":\"ListItem\",\"position\":2,\"name\":\"Products\",\"item\":\"https:\\\/\\\/www.sunrim.com\\\/shop\\\/\"},{\"@type\":\"ListItem\",\"position\":3,\"name\":\"Hotel Outdoor Wedding Restaurant Retractable Sunroom\"}]},{\"@type\":\"WebSite\",\"@id\":\"https:\\\/\\\/www.sunrim.com\\\/#website\",\"url\":\"https:\\\/\\\/www.sunrim.com\\\/\",\"name\":\"Sunrim\",\"description\":\"Retractable Sunroom &amp; Roofs\",\"publisher\":{\"@id\":\"https:\\\/\\\/www.sunrim.com\\\/#organization\"},\"potentialAction\":[{\"@type\":\"SearchAction\",\"target\":{\"@type\":\"EntryPoint\",\"urlTemplate\":\"https:\\\/\\\/www.sunrim.com\\\/?s={search_term_string}\"},\"query-input\":{\"@type\":\"PropertyValueSpecification\",\"valueRequired\":true,\"valueName\":\"search_term_string\"}}],\"inLanguage\":\"pt-PT\"},{\"@type\":\"Organization\",\"@id\":\"https:\\\/\\\/www.sunrim.com\\\/#organization\",\"name\":\"Sunrim\",\"url\":\"https:\\\/\\\/www.sunrim.com\\\/\",\"logo\":{\"@type\":\"ImageObject\",\"inLanguage\":\"pt-PT\",\"@id\":\"https:\\\/\\\/www.sunrim.com\\\/#\\\/schema\\\/logo\\\/image\\\/\",\"url\":\"https:\\\/\\\/www.sunrim.com\\\/wp-content\\\/uploads\\\/2025\\\/11\\\/logo.png\",\"contentUrl\":\"https:\\\/\\\/www.sunrim.com\\\/wp-content\\\/uploads\\\/2025\\\/11\\\/logo.png\",\"width\":989,\"height\":222,\"caption\":\"Sunrim\"},\"image\":{\"@id\":\"https:\\\/\\\/www.sunrim.com\\\/#\\\/schema\\\/logo\\\/image\\\/\"}}]}<\/script>\n<!-- \/ Yoast SEO plugin. -->","yoast_head_json":{"title":"Hotel Outdoor Wedding Restaurant Retractable Sunroom - Sunrim","robots":{"index":"index","follow":"follow","max-snippet":"max-snippet:-1","max-image-preview":"max-image-preview:large","max-video-preview":"max-video-preview:-1"},"canonical":"https:\/\/www.sunrim.com\/pt\/produto\/hotel-outdoor-wedding-restaurant-retractable-sunroom\/","og_locale":"pt_PT","og_type":"article","og_title":"Hotel Outdoor Wedding Restaurant Retractable Sunroom - Sunrim","og_description":"Project Introduction: Sunrim\u2019s Electric Retractable Sunroom Installation at Montigo Resort, Batam Island, Indonesia \u00a0","og_url":"https:\/\/www.sunrim.com\/pt\/produto\/hotel-outdoor-wedding-restaurant-retractable-sunroom\/","og_site_name":"Sunrim","article_modified_time":"2026-03-31T13:58:13+00:00","og_image":[{"width":600,"height":450,"url":"https:\/\/www.sunrim.com\/wp-content\/uploads\/2025\/03\/M.jpg","type":"image\/jpeg"}],"twitter_card":"summary_large_image","twitter_misc":{"Tempo estimado de leitura":"5 minutos"},"schema":{"@context":"https:\/\/schema.org","@graph":[{"@type":"WebPage","@id":"https:\/\/www.sunrim.com\/product\/hotel-outdoor-wedding-restaurant-retractable-sunroom\/","url":"https:\/\/www.sunrim.com\/product\/hotel-outdoor-wedding-restaurant-retractable-sunroom\/","name":"Hotel Outdoor Wedding Restaurant Retractable Sunroom - Sunrim","isPartOf":{"@id":"https:\/\/www.sunrim.com\/#website"},"primaryImageOfPage":{"@id":"https:\/\/www.sunrim.com\/product\/hotel-outdoor-wedding-restaurant-retractable-sunroom\/#primaryimage"},"image":{"@id":"https:\/\/www.sunrim.com\/product\/hotel-outdoor-wedding-restaurant-retractable-sunroom\/#primaryimage"},"thumbnailUrl":"https:\/\/www.sunrim.com\/wp-content\/uploads\/2025\/03\/M.jpg","datePublished":"2025-03-11T07:46:58+00:00","dateModified":"2026-03-31T13:58:13+00:00","breadcrumb":{"@id":"https:\/\/www.sunrim.com\/product\/hotel-outdoor-wedding-restaurant-retractable-sunroom\/#breadcrumb"},"inLanguage":"pt-PT","potentialAction":[{"@type":"ReadAction","target":["https:\/\/www.sunrim.com\/product\/hotel-outdoor-wedding-restaurant-retractable-sunroom\/"]}]},{"@type":"ImageObject","inLanguage":"pt-PT","@id":"https:\/\/www.sunrim.com\/product\/hotel-outdoor-wedding-restaurant-retractable-sunroom\/#primaryimage","url":"https:\/\/www.sunrim.com\/wp-content\/uploads\/2025\/03\/M.jpg","contentUrl":"https:\/\/www.sunrim.com\/wp-content\/uploads\/2025\/03\/M.jpg","width":600,"height":450},{"@type":"BreadcrumbList","@id":"https:\/\/www.sunrim.com\/product\/hotel-outdoor-wedding-restaurant-retractable-sunroom\/#breadcrumb","itemListElement":[{"@type":"ListItem","position":1,"name":"Home","item":"https:\/\/www.sunrim.com\/"},{"@type":"ListItem","position":2,"name":"Products","item":"https:\/\/www.sunrim.com\/shop\/"},{"@type":"ListItem","position":3,"name":"Hotel Outdoor Wedding Restaurant Retractable Sunroom"}]},{"@type":"WebSite","@id":"https:\/\/www.sunrim.com\/#website","url":"https:\/\/www.sunrim.com\/","name":"Sunrim","description":"Retractable Sunroom &amp; Roofs","publisher":{"@id":"https:\/\/www.sunrim.com\/#organization"},"potentialAction":[{"@type":"SearchAction","target":{"@type":"EntryPoint","urlTemplate":"https:\/\/www.sunrim.com\/?s={search_term_string}"},"query-input":{"@type":"PropertyValueSpecification","valueRequired":true,"valueName":"search_term_string"}}],"inLanguage":"pt-PT"},{"@type":"Organization","@id":"https:\/\/www.sunrim.com\/#organization","name":"Sunrim","url":"https:\/\/www.sunrim.com\/","logo":{"@type":"ImageObject","inLanguage":"pt-PT","@id":"https:\/\/www.sunrim.com\/#\/schema\/logo\/image\/","url":"https:\/\/www.sunrim.com\/wp-content\/uploads\/2025\/11\/logo.png","contentUrl":"https:\/\/www.sunrim.com\/wp-content\/uploads\/2025\/11\/logo.png","width":989,"height":222,"caption":"Sunrim"},"image":{"@id":"https:\/\/www.sunrim.com\/#\/schema\/logo\/image\/"}}]}},"_links":{"self":[{"href":"https:\/\/www.sunrim.com\/pt\/wp-json\/wp\/v2\/product\/5468","targetHints":{"allow":["GET"]}}],"collection":[{"href":"https:\/\/www.sunrim.com\/pt\/wp-json\/wp\/v2\/product"}],"about":[{"href":"https:\/\/www.sunrim.com\/pt\/wp-json\/wp\/v2\/types\/product"}],"wp:featuredmedia":[{"embeddable":true,"href":"https:\/\/www.sunrim.com\/pt\/wp-json\/wp\/v2\/media\/5469"}],"wp:attachment":[{"href":"https:\/\/www.sunrim.com\/pt\/wp-json\/wp\/v2\/media?parent=5468"}],"wp:term":[{"taxonomy":"product_brand","embeddable":true,"href":"https:\/\/www.sunrim.com\/pt\/wp-json\/wp\/v2\/product_brand?post=5468"},{"taxonomy":"product_cat","embeddable":true,"href":"https:\/\/www.sunrim.com\/pt\/wp-json\/wp\/v2\/product_cat?post=5468"},{"taxonomy":"product_tag","embeddable":true,"href":"https:\/\/www.sunrim.com\/pt\/wp-json\/wp\/v2\/product_tag?post=5468"}],"curies":[{"name":"wp","href":"https:\/\/api.w.org\/{rel}","templated":true}]}}